{"id":2531,"date":"2023-01-26T09:08:29","date_gmt":"2023-01-26T08:08:29","guid":{"rendered":"https:\/\/route-charlemagne.comlounge.dev\/?page_id=2531"},"modified":"2023-02-14T09:24:46","modified_gmt":"2023-02-14T08:24:46","slug":"ausstellung3","status":"publish","type":"page","link":"https:\/\/route-charlemagne.eu\/nl\/stationen\/centre-charlemagne\/ausstellung3\/","title":{"rendered":"Ausstellung3"},"content":{"rendered":"\t\t<div data-elementor-type=\"wp-page\" data-elementor-id=\"2531\" class=\"elementor elementor-2531 elementor-41\" data-elementor-post-type=\"page\">\n\t\t\t\t\t\t<section class=\"elementor-section elementor-top-section elementor-element elementor-element-c835347 elementor-section-height-min-height elementor-section-items-stretch elementor-section-boxed elementor-section-height-default\" data-id=\"c835347\" data-element_type=\"section\" data-e-type=\"section\">\n\t\t\t\t\t\t<div class=\"elementor-container elementor-column-gap-no\">\n\t\t\t\t\t<div class=\"elementor-column elementor-col-50 elementor-top-column elementor-element elementor-element-1f727a4\" data-id=\"1f727a4\" data-element_type=\"column\" data-e-type=\"column\" data-settings=\"{&quot;background_background&quot;:&quot;classic&quot;}\">\n\t\t\t<div class=\"elementor-widget-wrap elementor-element-populated\">\n\t\t\t\t\t\t<div class=\"elementor-element elementor-element-96f3ba2 elementor-widget elementor-widget-heading\" data-id=\"96f3ba2\" data-element_type=\"widget\" data-e-type=\"widget\" data-widget_type=\"heading.default\">\n\t\t\t\t<div class=\"elementor-widget-container\">\n\t\t\t\t\t<h1 class=\"elementor-heading-title elementor-size-default\">Aufbruch in die Moderne<\/h1>\t\t\t\t<\/div>\n\t\t\t\t<\/div>\n\t\t\t\t<div class=\"elementor-element elementor-element-9ad6b3e elementor-widget elementor-widget-text-editor\" data-id=\"9ad6b3e\" data-element_type=\"widget\" data-e-type=\"widget\" data-widget_type=\"text-editor.default\">\n\t\t\t\t<div class=\"elementor-widget-container\">\n\t\t\t\t\t\t\t\t\t<div id=\"middlebox\" class=\"middle\"><div id=\"DE7_12919611\" class=\"content DE\"><h2>Bonne ville d&#8217;Aix-la-Chapelle \u2013 Sch\u00f6ne Stadt Aachen<\/h2><div>\u00a0<\/div><p>Nach Karl dem Gro\u00dfen und Karl V. ist der franz\u00f6sische Kaiser Napoleon Bonaparte die dritte historische Gestalt, durch deren Augen der Besucher die Stadt kennen lernt. Nach dem katastrophalen Stadtbrand von 1656 war Aachen als eine barocke B\u00e4derstadt wieder aufgebaut worden, die Karl den Gro\u00dfen als ihren Patron in Szene setzte. Kulturell und wirtschaftlich war Aachen eng mit seinen Nachbarst\u00e4dten an der Maas verbunden. Von dort her erreichte das Industriezeitalter mit seinen gewaltigen sozialen Umw\u00e4lzungen Aachen. Ihr folgten franz\u00f6sische Revolutionstruppen. Aachen hie\u00df nun Aix-la-Chapelle.<\/p><p>\u00a0<\/p><p>Die Ausstellung verdeutlicht, mit welcher Energie die franz\u00f6sische Verwaltung um 1800 begann, Aachen zu einer der glanzvollsten St\u00e4dte Frankreichs, zur \u201ebonne ville d\u2019Aix-la-Chapelle\u201c, auszubauen. Im Zentrum dieser modernen Stadt stand ein neuer Karlskult, denn Napoleon begriff sich als ein moderner Charlemagne. Doch die franz\u00f6sische Epoche endete abrupt. Aix-la-Chapelle wurde zur Industrie- und Grenzstadt, die ein romantisches Karlsbild pflegte, bevor der aufkommende Nationalismus Karl f\u00fcr eine aggressive Politik und Propaganda vereinnahmte.<\/p><\/div><\/div>\t\t\t\t\t\t\t\t<\/div>\n\t\t\t\t<\/div>\n\t\t\t\t\t<\/div>\n\t\t<\/div>\n\t\t\t\t<div class=\"elementor-column elementor-col-50 elementor-top-column elementor-element elementor-element-1bb3e68\" data-id=\"1bb3e68\" data-element_type=\"column\" data-e-type=\"column\" data-settings=\"{&quot;background_background&quot;:&quot;classic&quot;}\">\n\t\t\t<div class=\"elementor-widget-wrap elementor-element-populated\">\n\t\t\t\t\t\t<div class=\"elementor-element elementor-element-75385d9 elementor-widget elementor-widget-heading\" data-id=\"75385d9\" data-element_type=\"widget\" data-e-type=\"widget\" data-widget_type=\"heading.default\">\n\t\t\t\t<div class=\"elementor-widget-container\">\n\t\t\t\t\t<h1 class=\"elementor-heading-title elementor-size-medium\">Station Geschichte<br>\nCentre Charlemagne<\/h1>\t\t\t\t<\/div>\n\t\t\t\t<\/div>\n\t\t\t\t<div class=\"elementor-element elementor-element-1babecc elementor-widget elementor-widget-text-editor\" data-id=\"1babecc\" data-element_type=\"widget\" data-e-type=\"widget\" data-widget_type=\"text-editor.default\">\n\t\t\t\t<div class=\"elementor-widget-container\">\n\t\t\t\t\t\t\t\t\tDas \u201eCentre Charlemagne \u2013 Neues Stadtmuseum Aachen\u201c steht am Katschhof, dem fr\u00fcheren Innenhof der Pfalz zwischen Dom und Rathaus. Eine museale Ausstellung zeichnet die Geschichte Karls und die Entwicklung seiner Stadt nach. Das Centre ist zugleich der Ausgangspunkt zur Erkundung der \u00fcbrigen Stationen der \u201eRoute Charlemagne\u201c.\n\n<a href=\"http:\/\/www.centre-charlemagne.eu\">Mehr<\/a>\t\t\t\t\t\t\t\t<\/div>\n\t\t\t\t<\/div>\n\t\t\t\t<div class=\"elementor-element elementor-element-e11c4a1 elementor-position-left elementor-vertical-align-top elementor-widget elementor-widget-image-box\" data-id=\"e11c4a1\" data-element_type=\"widget\" data-e-type=\"widget\" data-widget_type=\"image-box.default\">\n\t\t\t\t<div class=\"elementor-widget-container\">\n\t\t\t\t\t<div class=\"elementor-image-box-wrapper\"><figure class=\"elementor-image-box-img\"><a href=\"\/stationen\/rathaus\" tabindex=\"-1\"><img decoding=\"async\" width=\"25\" height=\"27\" src=\"https:\/\/route-charlemagne.eu\/wp-content\/uploads\/2023\/02\/rc-icon.png\" class=\"attachment-full size-full wp-image-1856\" alt=\"\" title=\"\" data-content=\"\" \/><\/a><\/figure><div class=\"elementor-image-box-content\"><h3 class=\"elementor-image-box-title\"><a href=\"\/stationen\/rathaus\">Zur n\u00e4chsten Station<\/a><\/h3><\/div><\/div>\t\t\t\t<\/div>\n\t\t\t\t<\/div>\n\t\t\t\t\t<\/div>\n\t\t<\/div>\n\t\t\t\t\t<\/div>\n\t\t<\/section>\n\t\t\t\t<\/div>\n\t\t","protected":false},"excerpt":{"rendered":"<p>Aufbruch in die Moderne Bonne ville d&#8217;Aix-la-Chapelle \u2013 Sch\u00f6ne Stadt Aachen &nbsp; Nach Karl dem Gro\u00dfen und Karl V. ist der franz\u00f6sische Kaiser Napoleon Bonaparte die dritte historische Gestalt, durch deren Augen der Besucher die Stadt kennen lernt. Nach dem katastrophalen Stadtbrand von 1656 war Aachen als eine barocke B\u00e4derstadt wieder aufgebaut worden, die Karl [&hellip;]<\/p>\n","protected":false},"author":2,"featured_media":0,"parent":2502,"menu_order":0,"comment_status":"closed","ping_status":"closed","template":"","meta":{"inline_featured_image":false,"_lmt_disableupdate":"","_lmt_disable":"","footnotes":""},"class_list":["post-2531","page","type-page","status-publish","hentry"],"yoast_head":"<!-- This site is optimized with the Yoast SEO plugin v27.2 - https:\/\/yoast.com\/product\/yoast-seo-wordpress\/ -->\n<title>Ausstellung3 - Route Charlemagne<\/title>\n<meta name=\"robots\" content=\"index, follow, max-snippet:-1, max-image-preview:large, max-video-preview:-1\" \/>\n<link rel=\"canonical\" href=\"https:\/\/route-charlemagne.eu\/nl\/stationen\/centre-charlemagne\/ausstellung3\/\" \/>\n<meta property=\"og:locale\" content=\"nl_NL\" \/>\n<meta property=\"og:type\" content=\"article\" \/>\n<meta property=\"og:title\" content=\"Ausstellung3 - Route Charlemagne\" \/>\n<meta property=\"og:description\" content=\"Aufbruch in die Moderne Bonne ville d&#8217;Aix-la-Chapelle \u2013 Sch\u00f6ne Stadt Aachen &nbsp; Nach Karl dem Gro\u00dfen und Karl V. ist der franz\u00f6sische Kaiser Napoleon Bonaparte die dritte historische Gestalt, durch deren Augen der Besucher die Stadt kennen lernt. Nach dem katastrophalen Stadtbrand von 1656 war Aachen als eine barocke B\u00e4derstadt wieder aufgebaut worden, die Karl [&hellip;]\" \/>\n<meta property=\"og:url\" content=\"https:\/\/route-charlemagne.eu\/nl\/stationen\/centre-charlemagne\/ausstellung3\/\" \/>\n<meta property=\"og:site_name\" content=\"Route Charlemagne\" \/>\n<meta property=\"article:modified_time\" content=\"2023-02-14T08:24:46+00:00\" \/>\n<meta property=\"og:image\" content=\"http:\/\/route-charlemagne.eu\/wp-content\/uploads\/2023\/02\/rc-icon.png\" \/>\n<meta name=\"twitter:card\" content=\"summary_large_image\" \/>\n<script type=\"application\/ld+json\" class=\"yoast-schema-graph\">{\"@context\":\"https:\/\/schema.org\",\"@graph\":[{\"@type\":\"WebPage\",\"@id\":\"https:\/\/route-charlemagne.eu\/nl\/stationen\/centre-charlemagne\/ausstellung3\/\",\"url\":\"https:\/\/route-charlemagne.eu\/nl\/stationen\/centre-charlemagne\/ausstellung3\/\",\"name\":\"Ausstellung3 - Route Charlemagne\",\"isPartOf\":{\"@id\":\"https:\/\/route-charlemagne.eu\/#website\"},\"primaryImageOfPage\":{\"@id\":\"https:\/\/route-charlemagne.eu\/nl\/stationen\/centre-charlemagne\/ausstellung3\/#primaryimage\"},\"image\":{\"@id\":\"https:\/\/route-charlemagne.eu\/nl\/stationen\/centre-charlemagne\/ausstellung3\/#primaryimage\"},\"thumbnailUrl\":\"http:\/\/route-charlemagne.eu\/wp-content\/uploads\/2023\/02\/rc-icon.png\",\"datePublished\":\"2023-01-26T08:08:29+00:00\",\"dateModified\":\"2023-02-14T08:24:46+00:00\",\"breadcrumb\":{\"@id\":\"https:\/\/route-charlemagne.eu\/nl\/stationen\/centre-charlemagne\/ausstellung3\/#breadcrumb\"},\"inLanguage\":\"nl-NL\",\"potentialAction\":[{\"@type\":\"ReadAction\",\"target\":[\"https:\/\/route-charlemagne.eu\/nl\/stationen\/centre-charlemagne\/ausstellung3\/\"]}]},{\"@type\":\"ImageObject\",\"inLanguage\":\"nl-NL\",\"@id\":\"https:\/\/route-charlemagne.eu\/nl\/stationen\/centre-charlemagne\/ausstellung3\/#primaryimage\",\"url\":\"http:\/\/route-charlemagne.eu\/wp-content\/uploads\/2023\/02\/rc-icon.png\",\"contentUrl\":\"http:\/\/route-charlemagne.eu\/wp-content\/uploads\/2023\/02\/rc-icon.png\"},{\"@type\":\"BreadcrumbList\",\"@id\":\"https:\/\/route-charlemagne.eu\/nl\/stationen\/centre-charlemagne\/ausstellung3\/#breadcrumb\",\"itemListElement\":[{\"@type\":\"ListItem\",\"position\":1,\"name\":\"Start\",\"item\":\"https:\/\/route-charlemagne.eu\/nl\/\"},{\"@type\":\"ListItem\",\"position\":2,\"name\":\"Stationen\",\"item\":\"https:\/\/route-charlemagne.eu\/nl\/stationen\/\"},{\"@type\":\"ListItem\",\"position\":3,\"name\":\"Centre Charlemagne\",\"item\":\"https:\/\/route-charlemagne.eu\/nl\/stationen\/centre-charlemagne\/\"},{\"@type\":\"ListItem\",\"position\":4,\"name\":\"Ausstellung3\"}]},{\"@type\":\"WebSite\",\"@id\":\"https:\/\/route-charlemagne.eu\/#website\",\"url\":\"https:\/\/route-charlemagne.eu\/\",\"name\":\"Route Charlemagne\",\"description\":\"Aachen\",\"potentialAction\":[{\"@type\":\"SearchAction\",\"target\":{\"@type\":\"EntryPoint\",\"urlTemplate\":\"https:\/\/route-charlemagne.eu\/?s={search_term_string}\"},\"query-input\":{\"@type\":\"PropertyValueSpecification\",\"valueRequired\":true,\"valueName\":\"search_term_string\"}}],\"inLanguage\":\"nl-NL\"}]}<\/script>\n<!-- \/ Yoast SEO plugin. -->","yoast_head_json":{"title":"Ausstellung3 - Route Charlemagne","robots":{"index":"index","follow":"follow","max-snippet":"max-snippet:-1","max-image-preview":"max-image-preview:large","max-video-preview":"max-video-preview:-1"},"canonical":"https:\/\/route-charlemagne.eu\/nl\/stationen\/centre-charlemagne\/ausstellung3\/","og_locale":"nl_NL","og_type":"article","og_title":"Ausstellung3 - Route Charlemagne","og_description":"Aufbruch in die Moderne Bonne ville d&#8217;Aix-la-Chapelle \u2013 Sch\u00f6ne Stadt Aachen &nbsp; Nach Karl dem Gro\u00dfen und Karl V. ist der franz\u00f6sische Kaiser Napoleon Bonaparte die dritte historische Gestalt, durch deren Augen der Besucher die Stadt kennen lernt. Nach dem katastrophalen Stadtbrand von 1656 war Aachen als eine barocke B\u00e4derstadt wieder aufgebaut worden, die Karl [&hellip;]","og_url":"https:\/\/route-charlemagne.eu\/nl\/stationen\/centre-charlemagne\/ausstellung3\/","og_site_name":"Route Charlemagne","article_modified_time":"2023-02-14T08:24:46+00:00","og_image":[{"url":"http:\/\/route-charlemagne.eu\/wp-content\/uploads\/2023\/02\/rc-icon.png","type":"","width":"","height":""}],"twitter_card":"summary_large_image","schema":{"@context":"https:\/\/schema.org","@graph":[{"@type":"WebPage","@id":"https:\/\/route-charlemagne.eu\/nl\/stationen\/centre-charlemagne\/ausstellung3\/","url":"https:\/\/route-charlemagne.eu\/nl\/stationen\/centre-charlemagne\/ausstellung3\/","name":"Ausstellung3 - Route Charlemagne","isPartOf":{"@id":"https:\/\/route-charlemagne.eu\/#website"},"primaryImageOfPage":{"@id":"https:\/\/route-charlemagne.eu\/nl\/stationen\/centre-charlemagne\/ausstellung3\/#primaryimage"},"image":{"@id":"https:\/\/route-charlemagne.eu\/nl\/stationen\/centre-charlemagne\/ausstellung3\/#primaryimage"},"thumbnailUrl":"http:\/\/route-charlemagne.eu\/wp-content\/uploads\/2023\/02\/rc-icon.png","datePublished":"2023-01-26T08:08:29+00:00","dateModified":"2023-02-14T08:24:46+00:00","breadcrumb":{"@id":"https:\/\/route-charlemagne.eu\/nl\/stationen\/centre-charlemagne\/ausstellung3\/#breadcrumb"},"inLanguage":"nl-NL","potentialAction":[{"@type":"ReadAction","target":["https:\/\/route-charlemagne.eu\/nl\/stationen\/centre-charlemagne\/ausstellung3\/"]}]},{"@type":"ImageObject","inLanguage":"nl-NL","@id":"https:\/\/route-charlemagne.eu\/nl\/stationen\/centre-charlemagne\/ausstellung3\/#primaryimage","url":"http:\/\/route-charlemagne.eu\/wp-content\/uploads\/2023\/02\/rc-icon.png","contentUrl":"http:\/\/route-charlemagne.eu\/wp-content\/uploads\/2023\/02\/rc-icon.png"},{"@type":"BreadcrumbList","@id":"https:\/\/route-charlemagne.eu\/nl\/stationen\/centre-charlemagne\/ausstellung3\/#breadcrumb","itemListElement":[{"@type":"ListItem","position":1,"name":"Start","item":"https:\/\/route-charlemagne.eu\/nl\/"},{"@type":"ListItem","position":2,"name":"Stationen","item":"https:\/\/route-charlemagne.eu\/nl\/stationen\/"},{"@type":"ListItem","position":3,"name":"Centre Charlemagne","item":"https:\/\/route-charlemagne.eu\/nl\/stationen\/centre-charlemagne\/"},{"@type":"ListItem","position":4,"name":"Ausstellung3"}]},{"@type":"WebSite","@id":"https:\/\/route-charlemagne.eu\/#website","url":"https:\/\/route-charlemagne.eu\/","name":"Route Charlemagne","description":"Aachen","potentialAction":[{"@type":"SearchAction","target":{"@type":"EntryPoint","urlTemplate":"https:\/\/route-charlemagne.eu\/?s={search_term_string}"},"query-input":{"@type":"PropertyValueSpecification","valueRequired":true,"valueName":"search_term_string"}}],"inLanguage":"nl-NL"}]}},"_links":{"self":[{"href":"https:\/\/route-charlemagne.eu\/nl\/wp-json\/wp\/v2\/pages\/2531","targetHints":{"allow":["GET"]}}],"collection":[{"href":"https:\/\/route-charlemagne.eu\/nl\/wp-json\/wp\/v2\/pages"}],"about":[{"href":"https:\/\/route-charlemagne.eu\/nl\/wp-json\/wp\/v2\/types\/page"}],"author":[{"embeddable":true,"href":"https:\/\/route-charlemagne.eu\/nl\/wp-json\/wp\/v2\/users\/2"}],"replies":[{"embeddable":true,"href":"https:\/\/route-charlemagne.eu\/nl\/wp-json\/wp\/v2\/comments?post=2531"}],"version-history":[{"count":2,"href":"https:\/\/route-charlemagne.eu\/nl\/wp-json\/wp\/v2\/pages\/2531\/revisions"}],"predecessor-version":[{"id":2535,"href":"https:\/\/route-charlemagne.eu\/nl\/wp-json\/wp\/v2\/pages\/2531\/revisions\/2535"}],"up":[{"embeddable":true,"href":"https:\/\/route-charlemagne.eu\/nl\/wp-json\/wp\/v2\/pages\/2502"}],"wp:attachment":[{"href":"https:\/\/route-charlemagne.eu\/nl\/wp-json\/wp\/v2\/media?parent=2531"}],"curies":[{"name":"wp","href":"https:\/\/api.w.org\/{rel}","templated":true}]}}