{"id":2487,"date":"2023-01-26T09:05:32","date_gmt":"2023-01-26T08:05:32","guid":{"rendered":"https:\/\/route-charlemagne.comlounge.dev\/?page_id=2487"},"modified":"2023-02-15T13:54:52","modified_gmt":"2023-02-15T12:54:52","slug":"superc","status":"publish","type":"page","link":"https:\/\/route-charlemagne.eu\/nl\/stationen\/superc\/","title":{"rendered":"SuperC"},"content":{"rendered":"\t\t<div data-elementor-type=\"wp-page\" data-elementor-id=\"2487\" class=\"elementor elementor-2487 elementor-14\" data-elementor-post-type=\"page\">\n\t\t\t\t\t\t<section class=\"elementor-section elementor-top-section elementor-element elementor-element-241cd83 elementor-section-height-min-height elementor-section-items-stretch elementor-section-boxed elementor-section-height-default\" data-id=\"241cd83\" data-element_type=\"section\" data-e-type=\"section\">\n\t\t\t\t\t\t<div class=\"elementor-container elementor-column-gap-no\">\n\t\t\t\t\t<div class=\"elementor-column elementor-col-50 elementor-top-column elementor-element elementor-element-6655f35\" data-id=\"6655f35\" data-element_type=\"column\" data-e-type=\"column\" data-settings=\"{&quot;background_background&quot;:&quot;classic&quot;}\">\n\t\t\t<div class=\"elementor-widget-wrap elementor-element-populated\">\n\t\t\t\t\t\t<div class=\"elementor-element elementor-element-e513a6f elementor-widget elementor-widget-spacer\" data-id=\"e513a6f\" data-element_type=\"widget\" data-e-type=\"widget\" data-widget_type=\"spacer.default\">\n\t\t\t\t<div class=\"elementor-widget-container\">\n\t\t\t\t\t\t\t<div class=\"elementor-spacer\">\n\t\t\t<div class=\"elementor-spacer-inner\"><\/div>\n\t\t<\/div>\n\t\t\t\t\t\t<\/div>\n\t\t\t\t<\/div>\n\t\t\t\t\t<\/div>\n\t\t<\/div>\n\t\t\t\t<div class=\"elementor-column elementor-col-50 elementor-top-column elementor-element elementor-element-ce51d22\" data-id=\"ce51d22\" data-element_type=\"column\" data-e-type=\"column\" data-settings=\"{&quot;background_background&quot;:&quot;classic&quot;}\">\n\t\t\t<div class=\"elementor-widget-wrap elementor-element-populated\">\n\t\t\t\t\t\t<div class=\"elementor-element elementor-element-66fb236 elementor-widget elementor-widget-heading\" data-id=\"66fb236\" data-element_type=\"widget\" data-e-type=\"widget\" data-widget_type=\"heading.default\">\n\t\t\t\t<div class=\"elementor-widget-container\">\n\t\t\t\t\t<h1 class=\"elementor-heading-title elementor-size-medium\">Locatie Wetenschap<br>\nSuperC<\/h1>\t\t\t\t<\/div>\n\t\t\t\t<\/div>\n\t\t\t\t<div class=\"elementor-element elementor-element-b1743ac elementor-widget elementor-widget-text-editor\" data-id=\"b1743ac\" data-element_type=\"widget\" data-e-type=\"widget\" data-widget_type=\"text-editor.default\">\n\t\t\t\t<div class=\"elementor-widget-container\">\n\t\t\t\t\t\t\t\t\t<p>De palts van Karel de Grote was ook een oord van wetenschap. Keizer Karel vergaarde het weten van zijn tijd en zorgde ervoor, dat dit in alle delen van zijn rijk kon worden gebruikt. Het moderne SuperC van deze universiteit, wordt de locatie \u201eWetenschap\u201c van de Route Charlemagne.<\/p>\t\t\t\t\t\t\t\t<\/div>\n\t\t\t\t<\/div>\n\t\t\t\t<div class=\"elementor-element elementor-element-f098f1d elementor-position-left elementor-vertical-align-top elementor-widget elementor-widget-image-box\" data-id=\"f098f1d\" data-element_type=\"widget\" data-e-type=\"widget\" data-widget_type=\"image-box.default\">\n\t\t\t\t<div class=\"elementor-widget-container\">\n\t\t\t\t\t<div class=\"elementor-image-box-wrapper\"><figure class=\"elementor-image-box-img\"><a href=\"\/stationen\/centre-charlemagne\/\" tabindex=\"-1\"><img decoding=\"async\" width=\"25\" height=\"27\" src=\"https:\/\/route-charlemagne.eu\/wp-content\/uploads\/2023\/02\/rc-icon.png\" class=\"attachment-full size-full wp-image-1856\" alt=\"\" title=\"\" data-content=\"\" \/><\/a><\/figure><div class=\"elementor-image-box-content\"><h3 class=\"elementor-image-box-title\"><a href=\"\/stationen\/centre-charlemagne\/\">Naar de volgende locatie<\/a><\/h3><\/div><\/div>\t\t\t\t<\/div>\n\t\t\t\t<\/div>\n\t\t\t\t\t<\/div>\n\t\t<\/div>\n\t\t\t\t\t<\/div>\n\t\t<\/section>\n\t\t\t\t<section class=\"elementor-section elementor-top-section elementor-element elementor-element-b899d8d elementor-section-boxed elementor-section-height-default elementor-section-height-default\" data-id=\"b899d8d\" data-element_type=\"section\" data-e-type=\"section\">\n\t\t\t\t\t\t<div class=\"elementor-container elementor-column-gap-default\">\n\t\t\t\t\t<div class=\"elementor-column elementor-col-50 elementor-top-column elementor-element elementor-element-ee42599\" data-id=\"ee42599\" data-element_type=\"column\" data-e-type=\"column\">\n\t\t\t<div class=\"elementor-widget-wrap elementor-element-populated\">\n\t\t\t\t\t\t<div class=\"elementor-element elementor-element-a8e792a elementor-widget elementor-widget-heading\" data-id=\"a8e792a\" data-element_type=\"widget\" data-e-type=\"widget\" data-widget_type=\"heading.default\">\n\t\t\t\t<div class=\"elementor-widget-container\">\n\t\t\t\t\t<h1 class=\"elementor-heading-title elementor-size-default\">SuperC: de toekomst is nu<\/h1>\t\t\t\t<\/div>\n\t\t\t\t<\/div>\n\t\t\t\t<div class=\"elementor-element elementor-element-9f40acd elementor-widget elementor-widget-text-editor\" data-id=\"9f40acd\" data-element_type=\"widget\" data-e-type=\"widget\" data-widget_type=\"text-editor.default\">\n\t\t\t\t<div class=\"elementor-widget-container\">\n\t\t\t\t\t\t\t\t\t<p>Aken is jong: 50.000 van de 250.000 inwoners van de stad zijn student. De technische universiteit is een van de meest belangrijke onderzoekscentra van Europa. Samen met de RWTH, elite-universiteit in onderzoek en opleiding, staan de hogeschool Aken (FH Aken), het universitair medisch centrum Aken, het Forschungszentrum J\u00fclich (onderzoekscentrum J\u00fclich) en de verschillende researchinstituten en researchafdelingen van grote internationale ondernemingen voor wetenschappelijke creativiteit en technologische innovatie. 50 miljoen euro worden jaarlijks geworven door de RWTH Aken voor onderzoek en opleidingen \u2013 de grootste financiering van onderzoek via de derde geldstroom in Duitsland.<\/p><h2>Wetenschap en\u00a0buitengewone architectuur<\/h2><p>Niet alleen op het gebied van natuur- en ingenieurswetenschappen worden in Aken hooggekwalificeerde vakmensen opgeleid, ook de Katholieke Hogeschool NRW en de vestiging Aken van de Hochschule f\u00fcr Musik und Tanz K\u00f6ln, het conservatorium van Keulen, staan bekend om hun uitstekende, praxis geori\u00ebnteerde opleidingen.<\/p><p>Met de RWTH Aken Campus ontstaat een nieuwe, internationale marktplaats voor onderzoek, ontwikkeling en opleiding. Meer dan 120 ondernemingen zijn hierbij betrokken: met een investering van twee miljard euro, 800.000 vierkante meter oppervlak, 19 onderzoekclusters en 10.000 gegarandeerde arbeidsplaatsen is het project RWTH Aken Campus een van de grootste universitaire ontwikkelingen in Europa.<\/p><p>Het hypermoderne SuperC, het servicecentrum van de RWTH, symboliseert de locatie WETENSCHAP van de Route Charlemagne.<\/p>\t\t\t\t\t\t\t\t<\/div>\n\t\t\t\t<\/div>\n\t\t\t\t<div class=\"elementor-element elementor-element-618b0c4 gallery-spacing-custom elementor-widget elementor-widget-image-gallery\" data-id=\"618b0c4\" data-element_type=\"widget\" data-e-type=\"widget\" data-widget_type=\"image-gallery.default\">\n\t\t\t\t<div class=\"elementor-widget-container\">\n\t\t\t\t\t\t\t<div class=\"elementor-image-gallery\">\n\t\t\t\n\t\t<style type=\"text\/css\">\n\t\t\t#gallery-1 {\n\t\t\t\tmargin: auto;\n\t\t\t}\n\t\t\t#gallery-1 .gallery-item {\n\t\t\t\tfloat: left;\n\t\t\t\tmargin-top: 10px;\n\t\t\t\ttext-align: center;\n\t\t\t\twidth: 33%;\n\t\t\t}\n\t\t\t#gallery-1 img {\n\t\t\t\tborder: 2px solid #cfcfcf;\n\t\t\t}\n\t\t\t#gallery-1 .gallery-caption {\n\t\t\t\tmargin-left: 0;\n\t\t\t}\n\t\t\t\/* see gallery_shortcode() in wp-includes\/media.php *\/\n\t\t<\/style>\n\t\t<div id='gallery-1' class='gallery galleryid-2487 gallery-columns-3 gallery-size-thumbnail'><dl class='gallery-item'>\n\t\t\t<dt class='gallery-icon landscape'>\n\t\t\t\t<a data-elementor-open-lightbox=\"yes\" data-elementor-lightbox-slideshow=\"618b0c4\" data-elementor-lightbox-title=\"superc_01_high\" data-e-action-hash=\"#elementor-action%3Aaction%3Dlightbox%26settings%3DeyJpZCI6MjA1MSwidXJsIjoiaHR0cHM6XC9cL3JvdXRlLWNoYXJsZW1hZ25lLmV1XC93cC1jb250ZW50XC91cGxvYWRzXC8yMDIzXC8wMlwvc3VwZXJjXzAxX2hpZ2guanBnIiwic2xpZGVzaG93IjoiNjE4YjBjNCJ9\" href='https:\/\/route-charlemagne.eu\/wp-content\/uploads\/2023\/02\/superc_01_high.jpg'><img width=\"150\" height=\"150\" src=\"https:\/\/route-charlemagne.eu\/wp-content\/uploads\/2023\/02\/superc_01_high-150x150.jpg\" class=\"attachment-thumbnail size-thumbnail\" alt=\"\" decoding=\"async\" title=\"\" data-content=\"\" \/><\/a>\n\t\t\t<\/dt><\/dl><dl class='gallery-item'>\n\t\t\t<dt class='gallery-icon landscape'>\n\t\t\t\t<a data-elementor-open-lightbox=\"yes\" data-elementor-lightbox-slideshow=\"618b0c4\" data-elementor-lightbox-title=\"superc_02_high\" data-e-action-hash=\"#elementor-action%3Aaction%3Dlightbox%26settings%3DeyJpZCI6MjA1NCwidXJsIjoiaHR0cHM6XC9cL3JvdXRlLWNoYXJsZW1hZ25lLmV1XC93cC1jb250ZW50XC91cGxvYWRzXC8yMDIzXC8wMlwvc3VwZXJjXzAyX2hpZ2guanBnIiwic2xpZGVzaG93IjoiNjE4YjBjNCJ9\" href='https:\/\/route-charlemagne.eu\/wp-content\/uploads\/2023\/02\/superc_02_high.jpg'><img width=\"150\" height=\"150\" src=\"https:\/\/route-charlemagne.eu\/wp-content\/uploads\/2023\/02\/superc_02_high-150x150.jpg\" class=\"attachment-thumbnail size-thumbnail\" alt=\"\" decoding=\"async\" title=\"\" data-content=\"\" \/><\/a>\n\t\t\t<\/dt><\/dl>\n\t\t\t<br style='clear: both' \/>\n\t\t<\/div>\n\t\t<\/div>\n\t\t\t\t\t\t<\/div>\n\t\t\t\t<\/div>\n\t\t\t\t\t<\/div>\n\t\t<\/div>\n\t\t\t\t<div class=\"elementor-column elementor-col-50 elementor-top-column elementor-element elementor-element-326d6d1\" data-id=\"326d6d1\" data-element_type=\"column\" data-e-type=\"column\">\n\t\t\t<div class=\"elementor-widget-wrap\">\n\t\t\t\t\t\t\t<\/div>\n\t\t<\/div>\n\t\t\t\t\t<\/div>\n\t\t<\/section>\n\t\t\t\t<\/div>\n\t\t","protected":false},"excerpt":{"rendered":"<p>Locatie Wetenschap SuperC De palts van Karel de Grote was ook een oord van wetenschap. Keizer Karel vergaarde het weten van zijn tijd en zorgde ervoor, dat dit in alle delen van zijn rijk kon worden gebruikt. Het moderne SuperC van deze universiteit, wordt de locatie \u201eWetenschap\u201c van de Route Charlemagne. Naar de volgende locatie [&hellip;]<\/p>\n","protected":false},"author":2,"featured_media":0,"parent":2387,"menu_order":0,"comment_status":"closed","ping_status":"closed","template":"","meta":{"inline_featured_image":false,"_lmt_disableupdate":"","_lmt_disable":"","footnotes":""},"class_list":["post-2487","page","type-page","status-publish","hentry"],"yoast_head":"<!-- This site is optimized with the Yoast SEO plugin v27.2 - https:\/\/yoast.com\/product\/yoast-seo-wordpress\/ -->\n<title>SuperC - Route Charlemagne<\/title>\n<meta name=\"robots\" content=\"index, follow, max-snippet:-1, max-image-preview:large, max-video-preview:-1\" \/>\n<link rel=\"canonical\" href=\"https:\/\/route-charlemagne.eu\/nl\/stationen\/superc\/\" \/>\n<meta property=\"og:locale\" content=\"nl_NL\" \/>\n<meta property=\"og:type\" content=\"article\" \/>\n<meta property=\"og:title\" content=\"SuperC - Route Charlemagne\" \/>\n<meta property=\"og:description\" content=\"Locatie Wetenschap SuperC De palts van Karel de Grote was ook een oord van wetenschap. Keizer Karel vergaarde het weten van zijn tijd en zorgde ervoor, dat dit in alle delen van zijn rijk kon worden gebruikt. Het moderne SuperC van deze universiteit, wordt de locatie \u201eWetenschap\u201c van de Route Charlemagne. Naar de volgende locatie [&hellip;]\" \/>\n<meta property=\"og:url\" content=\"https:\/\/route-charlemagne.eu\/nl\/stationen\/superc\/\" \/>\n<meta property=\"og:site_name\" content=\"Route Charlemagne\" \/>\n<meta property=\"article:modified_time\" content=\"2023-02-15T12:54:52+00:00\" \/>\n<meta property=\"og:image\" content=\"http:\/\/route-charlemagne.eu\/wp-content\/uploads\/2023\/02\/rc-icon.png\" \/>\n<meta name=\"twitter:card\" content=\"summary_large_image\" \/>\n<meta name=\"twitter:label1\" content=\"Est. reading time\" \/>\n\t<meta name=\"twitter:data1\" content=\"3 minutes\" \/>\n<script type=\"application\/ld+json\" class=\"yoast-schema-graph\">{\"@context\":\"https:\/\/schema.org\",\"@graph\":[{\"@type\":\"WebPage\",\"@id\":\"https:\/\/route-charlemagne.eu\/nl\/stationen\/superc\/\",\"url\":\"https:\/\/route-charlemagne.eu\/nl\/stationen\/superc\/\",\"name\":\"SuperC - Route Charlemagne\",\"isPartOf\":{\"@id\":\"https:\/\/route-charlemagne.eu\/#website\"},\"primaryImageOfPage\":{\"@id\":\"https:\/\/route-charlemagne.eu\/nl\/stationen\/superc\/#primaryimage\"},\"image\":{\"@id\":\"https:\/\/route-charlemagne.eu\/nl\/stationen\/superc\/#primaryimage\"},\"thumbnailUrl\":\"http:\/\/route-charlemagne.eu\/wp-content\/uploads\/2023\/02\/rc-icon.png\",\"datePublished\":\"2023-01-26T08:05:32+00:00\",\"dateModified\":\"2023-02-15T12:54:52+00:00\",\"breadcrumb\":{\"@id\":\"https:\/\/route-charlemagne.eu\/nl\/stationen\/superc\/#breadcrumb\"},\"inLanguage\":\"nl-NL\",\"potentialAction\":[{\"@type\":\"ReadAction\",\"target\":[\"https:\/\/route-charlemagne.eu\/nl\/stationen\/superc\/\"]}]},{\"@type\":\"ImageObject\",\"inLanguage\":\"nl-NL\",\"@id\":\"https:\/\/route-charlemagne.eu\/nl\/stationen\/superc\/#primaryimage\",\"url\":\"http:\/\/route-charlemagne.eu\/wp-content\/uploads\/2023\/02\/rc-icon.png\",\"contentUrl\":\"http:\/\/route-charlemagne.eu\/wp-content\/uploads\/2023\/02\/rc-icon.png\"},{\"@type\":\"BreadcrumbList\",\"@id\":\"https:\/\/route-charlemagne.eu\/nl\/stationen\/superc\/#breadcrumb\",\"itemListElement\":[{\"@type\":\"ListItem\",\"position\":1,\"name\":\"Start\",\"item\":\"https:\/\/route-charlemagne.eu\/nl\/\"},{\"@type\":\"ListItem\",\"position\":2,\"name\":\"Stationen\",\"item\":\"https:\/\/route-charlemagne.eu\/nl\/stationen\/\"},{\"@type\":\"ListItem\",\"position\":3,\"name\":\"SuperC\"}]},{\"@type\":\"WebSite\",\"@id\":\"https:\/\/route-charlemagne.eu\/#website\",\"url\":\"https:\/\/route-charlemagne.eu\/\",\"name\":\"Route Charlemagne\",\"description\":\"Aachen\",\"potentialAction\":[{\"@type\":\"SearchAction\",\"target\":{\"@type\":\"EntryPoint\",\"urlTemplate\":\"https:\/\/route-charlemagne.eu\/?s={search_term_string}\"},\"query-input\":{\"@type\":\"PropertyValueSpecification\",\"valueRequired\":true,\"valueName\":\"search_term_string\"}}],\"inLanguage\":\"nl-NL\"}]}<\/script>\n<!-- \/ Yoast SEO plugin. -->","yoast_head_json":{"title":"SuperC - Route Charlemagne","robots":{"index":"index","follow":"follow","max-snippet":"max-snippet:-1","max-image-preview":"max-image-preview:large","max-video-preview":"max-video-preview:-1"},"canonical":"https:\/\/route-charlemagne.eu\/nl\/stationen\/superc\/","og_locale":"nl_NL","og_type":"article","og_title":"SuperC - Route Charlemagne","og_description":"Locatie Wetenschap SuperC De palts van Karel de Grote was ook een oord van wetenschap. Keizer Karel vergaarde het weten van zijn tijd en zorgde ervoor, dat dit in alle delen van zijn rijk kon worden gebruikt. Het moderne SuperC van deze universiteit, wordt de locatie \u201eWetenschap\u201c van de Route Charlemagne. Naar de volgende locatie [&hellip;]","og_url":"https:\/\/route-charlemagne.eu\/nl\/stationen\/superc\/","og_site_name":"Route Charlemagne","article_modified_time":"2023-02-15T12:54:52+00:00","og_image":[{"url":"http:\/\/route-charlemagne.eu\/wp-content\/uploads\/2023\/02\/rc-icon.png","type":"","width":"","height":""}],"twitter_card":"summary_large_image","twitter_misc":{"Est. reading time":"3 minutes"},"schema":{"@context":"https:\/\/schema.org","@graph":[{"@type":"WebPage","@id":"https:\/\/route-charlemagne.eu\/nl\/stationen\/superc\/","url":"https:\/\/route-charlemagne.eu\/nl\/stationen\/superc\/","name":"SuperC - Route Charlemagne","isPartOf":{"@id":"https:\/\/route-charlemagne.eu\/#website"},"primaryImageOfPage":{"@id":"https:\/\/route-charlemagne.eu\/nl\/stationen\/superc\/#primaryimage"},"image":{"@id":"https:\/\/route-charlemagne.eu\/nl\/stationen\/superc\/#primaryimage"},"thumbnailUrl":"http:\/\/route-charlemagne.eu\/wp-content\/uploads\/2023\/02\/rc-icon.png","datePublished":"2023-01-26T08:05:32+00:00","dateModified":"2023-02-15T12:54:52+00:00","breadcrumb":{"@id":"https:\/\/route-charlemagne.eu\/nl\/stationen\/superc\/#breadcrumb"},"inLanguage":"nl-NL","potentialAction":[{"@type":"ReadAction","target":["https:\/\/route-charlemagne.eu\/nl\/stationen\/superc\/"]}]},{"@type":"ImageObject","inLanguage":"nl-NL","@id":"https:\/\/route-charlemagne.eu\/nl\/stationen\/superc\/#primaryimage","url":"http:\/\/route-charlemagne.eu\/wp-content\/uploads\/2023\/02\/rc-icon.png","contentUrl":"http:\/\/route-charlemagne.eu\/wp-content\/uploads\/2023\/02\/rc-icon.png"},{"@type":"BreadcrumbList","@id":"https:\/\/route-charlemagne.eu\/nl\/stationen\/superc\/#breadcrumb","itemListElement":[{"@type":"ListItem","position":1,"name":"Start","item":"https:\/\/route-charlemagne.eu\/nl\/"},{"@type":"ListItem","position":2,"name":"Stationen","item":"https:\/\/route-charlemagne.eu\/nl\/stationen\/"},{"@type":"ListItem","position":3,"name":"SuperC"}]},{"@type":"WebSite","@id":"https:\/\/route-charlemagne.eu\/#website","url":"https:\/\/route-charlemagne.eu\/","name":"Route Charlemagne","description":"Aachen","potentialAction":[{"@type":"SearchAction","target":{"@type":"EntryPoint","urlTemplate":"https:\/\/route-charlemagne.eu\/?s={search_term_string}"},"query-input":{"@type":"PropertyValueSpecification","valueRequired":true,"valueName":"search_term_string"}}],"inLanguage":"nl-NL"}]}},"_links":{"self":[{"href":"https:\/\/route-charlemagne.eu\/nl\/wp-json\/wp\/v2\/pages\/2487","targetHints":{"allow":["GET"]}}],"collection":[{"href":"https:\/\/route-charlemagne.eu\/nl\/wp-json\/wp\/v2\/pages"}],"about":[{"href":"https:\/\/route-charlemagne.eu\/nl\/wp-json\/wp\/v2\/types\/page"}],"author":[{"embeddable":true,"href":"https:\/\/route-charlemagne.eu\/nl\/wp-json\/wp\/v2\/users\/2"}],"replies":[{"embeddable":true,"href":"https:\/\/route-charlemagne.eu\/nl\/wp-json\/wp\/v2\/comments?post=2487"}],"version-history":[{"count":4,"href":"https:\/\/route-charlemagne.eu\/nl\/wp-json\/wp\/v2\/pages\/2487\/revisions"}],"predecessor-version":[{"id":2601,"href":"https:\/\/route-charlemagne.eu\/nl\/wp-json\/wp\/v2\/pages\/2487\/revisions\/2601"}],"up":[{"embeddable":true,"href":"https:\/\/route-charlemagne.eu\/nl\/wp-json\/wp\/v2\/pages\/2387"}],"wp:attachment":[{"href":"https:\/\/route-charlemagne.eu\/nl\/wp-json\/wp\/v2\/media?parent=2487"}],"curies":[{"name":"wp","href":"https:\/\/api.w.org\/{rel}","templated":true}]}}