{"id":2250,"date":"2023-01-26T09:05:03","date_gmt":"2023-01-26T08:05:03","guid":{"rendered":"https:\/\/route-charlemagne.comlounge.dev\/charlemagne\/"},"modified":"2023-02-15T16:56:07","modified_gmt":"2023-02-15T15:56:07","slug":"charlemagne","status":"publish","type":"page","link":"https:\/\/route-charlemagne.eu\/nl\/charlemagne\/","title":{"rendered":"Charlemagne"},"content":{"rendered":"\t\t<div data-elementor-type=\"wp-page\" data-elementor-id=\"2250\" class=\"elementor elementor-2250 elementor-8\" data-elementor-post-type=\"page\">\n\t\t\t\t\t\t<section class=\"elementor-section elementor-top-section elementor-element elementor-element-5ae3048 elementor-section-height-min-height elementor-section-items-stretch elementor-section-boxed elementor-section-height-default\" data-id=\"5ae3048\" data-element_type=\"section\" data-e-type=\"section\">\n\t\t\t\t\t\t<div class=\"elementor-container elementor-column-gap-no\">\n\t\t\t\t\t<div class=\"elementor-column elementor-col-50 elementor-top-column elementor-element elementor-element-d4973de\" data-id=\"d4973de\" data-element_type=\"column\" data-e-type=\"column\" data-settings=\"{&quot;background_background&quot;:&quot;classic&quot;}\">\n\t\t\t<div class=\"elementor-widget-wrap elementor-element-populated\">\n\t\t\t\t\t\t<div class=\"elementor-element elementor-element-feb2eaa elementor-widget elementor-widget-spacer\" data-id=\"feb2eaa\" data-element_type=\"widget\" data-e-type=\"widget\" data-widget_type=\"spacer.default\">\n\t\t\t\t<div class=\"elementor-widget-container\">\n\t\t\t\t\t\t\t<div class=\"elementor-spacer\">\n\t\t\t<div class=\"elementor-spacer-inner\"><\/div>\n\t\t<\/div>\n\t\t\t\t\t\t<\/div>\n\t\t\t\t<\/div>\n\t\t\t\t\t<\/div>\n\t\t<\/div>\n\t\t\t\t<div class=\"elementor-column elementor-col-50 elementor-top-column elementor-element elementor-element-b49571d\" data-id=\"b49571d\" data-element_type=\"column\" data-e-type=\"column\" data-settings=\"{&quot;background_background&quot;:&quot;classic&quot;}\">\n\t\t\t<div class=\"elementor-widget-wrap elementor-element-populated\">\n\t\t\t\t\t\t<div class=\"elementor-element elementor-element-b9cafc2 elementor-widget elementor-widget-heading\" data-id=\"b9cafc2\" data-element_type=\"widget\" data-e-type=\"widget\" data-widget_type=\"heading.default\">\n\t\t\t\t<div class=\"elementor-widget-container\">\n\t\t\t\t\t<h1 class=\"elementor-heading-title elementor-size-medium\">De naamgever van de Route<\/h1>\t\t\t\t<\/div>\n\t\t\t\t<\/div>\n\t\t\t\t<div class=\"elementor-element elementor-element-a2dc7ce elementor-widget elementor-widget-text-editor\" data-id=\"a2dc7ce\" data-element_type=\"widget\" data-e-type=\"widget\" data-widget_type=\"text-editor.default\">\n\t\t\t\t<div class=\"elementor-widget-container\">\n\t\t\t\t\t\t\t\t\t<p>1200 jaar geleden regeerde Karel de Grote over een rijk dat zich over grote delen van het Europese continent uitstrekte.<br \/><br \/>Aken was een centraal punt binnen dit rijk. Hier stichtte Keizer Karel een uniek sacraal centrum, hiernaartoe ontbood hij geleerden uit heel. Europa en hier werd hij na zijn dood begraven. Zo werd Aken een Europese gedenkplaats.<\/p>\t\t\t\t\t\t\t\t<\/div>\n\t\t\t\t<\/div>\n\t\t\t\t\t<\/div>\n\t\t<\/div>\n\t\t\t\t\t<\/div>\n\t\t<\/section>\n\t\t\t\t<section class=\"elementor-section elementor-top-section elementor-element elementor-element-c22dd6b elementor-section-boxed elementor-section-height-default elementor-section-height-default\" data-id=\"c22dd6b\" data-element_type=\"section\" data-e-type=\"section\">\n\t\t\t\t\t\t<div class=\"elementor-container elementor-column-gap-default\">\n\t\t\t\t\t<div class=\"elementor-column elementor-col-50 elementor-top-column elementor-element elementor-element-b070b0c\" data-id=\"b070b0c\" data-element_type=\"column\" data-e-type=\"column\">\n\t\t\t<div class=\"elementor-widget-wrap elementor-element-populated\">\n\t\t\t\t\t\t<div class=\"elementor-element elementor-element-47233cd elementor-widget elementor-widget-heading\" data-id=\"47233cd\" data-element_type=\"widget\" data-e-type=\"widget\" data-widget_type=\"heading.default\">\n\t\t\t\t<div class=\"elementor-widget-container\">\n\t\t\t\t\t<h1 class=\"elementor-heading-title elementor-size-default\">Karel de Grote en Aken:<BR>\nHeerser en mythe<\/h1>\t\t\t\t<\/div>\n\t\t\t\t<\/div>\n\t\t\t\t<div class=\"elementor-element elementor-element-ec0ae57 elementor-widget elementor-widget-text-editor\" data-id=\"ec0ae57\" data-element_type=\"widget\" data-e-type=\"widget\" data-widget_type=\"text-editor.default\">\n\t\t\t\t<div class=\"elementor-widget-container\">\n\t\t\t\t\t\t\t\t\t<p>Karel de Grote (lat. Karolus Magnus, D. Karl der Gro\u00dfe, F.\/EN. Charlemagne) leefde van 747 of 748 tot 814. Hij was koning van de Franken en Langobarden en droeg vanaf 800 de titel Romeinse Keizer. Zijn tijdgenoten noemden hem al \u201ede Grote\u201c en betoonden hiermee zijn buitengewone betekenis voor een onrustig Europa.<\/p><h2>Karel stichtte \u00e9\u00e9n van de grootse rijken van zijn tijd<\/h2><p>Met militaire en diplomatische middelen stichtte Karel \u00e9\u00e9n van de grootse rijken van zijn tijd. Het strekte zich uit van de Pyrenee\u00ebn tot aan de Elbe, van de Noordzee tot aan Zuid-Itali\u00eb. In het kerngebied van zijn rijk ontstond een extensief netwerk van paltsen, paleizen en kloosters; de basis van zijn heerschappij. Hij verbracht een groot deel van zijn leven reizend tussen deze steunpunten. Een van de belangrijkste paltsen heette \u201eAquispalatium\u201c en lag in Aken, een stad met een Romeins karakter. Hier sleet hij de laatste jaren van zijn leven en van zijn bewind.<\/p><h2>Keizer Karel leefde en regeerde op een kruispunt van verschillende culturen<\/h2><p>Hij volgde de tradities van de Germaanse koningen die sinds de volksverhuizing als legeraanvoerders hun macht hadden verkregen, maar diens rijken na hun dood snel weer uiteenvielen. Karel de Grote ori\u00ebnteerde zich daarom ook bewust aan andere voorbeelden. Hiertoe behoorde de Romeinse klassieke oudheid, waarvan het erfgoed vooral in Itali\u00eb nog erg leefde. Hij onderhield betrekkingen met het Byzantijnse Rijk en de opkomende islamitische cultuur. In zijn palts in Aken verzamelde hij het weten van de klassieke oudheid en liet de overleveringen van de onderworpen volkeren optekenen.<\/p><h2>Keizer Karel begon met een reeks wijze, weloverwogen hervormingen<\/h2><p>In het kader hiervan begon Keizer Karel met een reeks wijze, weloverwogen hervormingen. Veel van zijn wettelijke, economische, religieuze en culturele vernieuwingen hebben hun stempel op de middeleeuwse wereld gedrukt en oefenen tot op heden hun invloed uit. Het meest sprekende voorbeeld hiervan is het invoeren van een homogeen muntstelsel, een gemeenschappelijke, goed leesbare schrift en een gemeenschappelijk christelijk geloof met een liturgie die voor iedereen gelijk was.<\/p><h2>Een van de meest magnifieke culturele tekens<\/h2><p>Een van de meest magnifieke culturele tekens is de in Aken gebouwde Mariakerk, de huidige Dom. Ten noorden van de Alpen was zij de belangrijkste nieuwgebouwde kerk van haar tijd. Hier werd de keizer na zijn dood bijgezet. De nakomende Rooms-Duitse koningen kozen Aken als hun kroningsplaats.<\/p><h2>Legendarische keizer Karel<\/h2><p>Na zijn dood werd Keizer Karel het symbool voor de ideale en heilige heerser. Zo ontstond een mythisch verheerlijkte figuur, omtrent wie talrijke legendes zijn ontstaan. Uit zijn rijk, dat zijn opvolgers veelvuldig onder zich opdeelden, zijn gedurende een lang historisch proces de hedendaagse staten Frankrijk, Itali\u00eb, Duitsland, Oostenrijk, Zwitserland, Belgi\u00eb, Nederland en Luxemburg ontsproten.<br \/>Ook vandaagleeft de \u201elegendarische keizer Karel\u201c nog. Iedere eeuw interpreteerde en claimde Keizer Karel op hun eigen manier. De bewondering voor zijn culturele restaties en de afwijzende houding tegenover de gewelddadige kant van zijn heerschappij vertolken vandaag de dag de polen van zijn receptiegeschiedenis.<\/p>\t\t\t\t\t\t\t\t<\/div>\n\t\t\t\t<\/div>\n\t\t\t\t\t<\/div>\n\t\t<\/div>\n\t\t\t\t<div class=\"elementor-column elementor-col-50 elementor-top-column elementor-element elementor-element-db76377\" data-id=\"db76377\" data-element_type=\"column\" data-e-type=\"column\">\n\t\t\t<div class=\"elementor-widget-wrap\">\n\t\t\t\t\t\t\t<\/div>\n\t\t<\/div>\n\t\t\t\t\t<\/div>\n\t\t<\/section>\n\t\t\t\t<\/div>\n\t\t","protected":false},"excerpt":{"rendered":"<p>De naamgever van de Route 1200 jaar geleden regeerde Karel de Grote over een rijk dat zich over grote delen van het Europese continent uitstrekte. Aken was een centraal punt binnen dit rijk. Hier stichtte Keizer Karel een uniek sacraal centrum, hiernaartoe ontbood hij geleerden uit heel. Europa en hier werd hij na zijn dood [&hellip;]<\/p>\n","protected":false},"author":2,"featured_media":0,"parent":0,"menu_order":0,"comment_status":"closed","ping_status":"closed","template":"","meta":{"inline_featured_image":false,"_lmt_disableupdate":"","_lmt_disable":"","footnotes":""},"class_list":["post-2250","page","type-page","status-publish","hentry"],"yoast_head":"<!-- This site is optimized with the Yoast SEO plugin v27.2 - https:\/\/yoast.com\/product\/yoast-seo-wordpress\/ -->\n<title>Charlemagne - Route Charlemagne<\/title>\n<meta name=\"robots\" content=\"index, follow, max-snippet:-1, max-image-preview:large, max-video-preview:-1\" \/>\n<link rel=\"canonical\" href=\"https:\/\/route-charlemagne.eu\/nl\/charlemagne\/\" \/>\n<meta property=\"og:locale\" content=\"nl_NL\" \/>\n<meta property=\"og:type\" content=\"article\" \/>\n<meta property=\"og:title\" content=\"Charlemagne - Route Charlemagne\" \/>\n<meta property=\"og:description\" content=\"De naamgever van de Route 1200 jaar geleden regeerde Karel de Grote over een rijk dat zich over grote delen van het Europese continent uitstrekte. Aken was een centraal punt binnen dit rijk. Hier stichtte Keizer Karel een uniek sacraal centrum, hiernaartoe ontbood hij geleerden uit heel. Europa en hier werd hij na zijn dood [&hellip;]\" \/>\n<meta property=\"og:url\" content=\"https:\/\/route-charlemagne.eu\/nl\/charlemagne\/\" \/>\n<meta property=\"og:site_name\" content=\"Route Charlemagne\" \/>\n<meta property=\"article:modified_time\" content=\"2023-02-15T15:56:07+00:00\" \/>\n<meta name=\"twitter:card\" content=\"summary_large_image\" \/>\n<meta name=\"twitter:label1\" content=\"Est. reading time\" \/>\n\t<meta name=\"twitter:data1\" content=\"3 minutes\" \/>\n<script type=\"application\/ld+json\" class=\"yoast-schema-graph\">{\"@context\":\"https:\/\/schema.org\",\"@graph\":[{\"@type\":\"WebPage\",\"@id\":\"https:\/\/route-charlemagne.eu\/nl\/charlemagne\/\",\"url\":\"https:\/\/route-charlemagne.eu\/nl\/charlemagne\/\",\"name\":\"Charlemagne - Route Charlemagne\",\"isPartOf\":{\"@id\":\"https:\/\/route-charlemagne.eu\/#website\"},\"datePublished\":\"2023-01-26T08:05:03+00:00\",\"dateModified\":\"2023-02-15T15:56:07+00:00\",\"breadcrumb\":{\"@id\":\"https:\/\/route-charlemagne.eu\/nl\/charlemagne\/#breadcrumb\"},\"inLanguage\":\"nl-NL\",\"potentialAction\":[{\"@type\":\"ReadAction\",\"target\":[\"https:\/\/route-charlemagne.eu\/nl\/charlemagne\/\"]}]},{\"@type\":\"BreadcrumbList\",\"@id\":\"https:\/\/route-charlemagne.eu\/nl\/charlemagne\/#breadcrumb\",\"itemListElement\":[{\"@type\":\"ListItem\",\"position\":1,\"name\":\"Start\",\"item\":\"https:\/\/route-charlemagne.eu\/nl\/\"},{\"@type\":\"ListItem\",\"position\":2,\"name\":\"Charlemagne\"}]},{\"@type\":\"WebSite\",\"@id\":\"https:\/\/route-charlemagne.eu\/#website\",\"url\":\"https:\/\/route-charlemagne.eu\/\",\"name\":\"Route Charlemagne\",\"description\":\"Aachen\",\"potentialAction\":[{\"@type\":\"SearchAction\",\"target\":{\"@type\":\"EntryPoint\",\"urlTemplate\":\"https:\/\/route-charlemagne.eu\/?s={search_term_string}\"},\"query-input\":{\"@type\":\"PropertyValueSpecification\",\"valueRequired\":true,\"valueName\":\"search_term_string\"}}],\"inLanguage\":\"nl-NL\"}]}<\/script>\n<!-- \/ Yoast SEO plugin. -->","yoast_head_json":{"title":"Charlemagne - Route Charlemagne","robots":{"index":"index","follow":"follow","max-snippet":"max-snippet:-1","max-image-preview":"max-image-preview:large","max-video-preview":"max-video-preview:-1"},"canonical":"https:\/\/route-charlemagne.eu\/nl\/charlemagne\/","og_locale":"nl_NL","og_type":"article","og_title":"Charlemagne - Route Charlemagne","og_description":"De naamgever van de Route 1200 jaar geleden regeerde Karel de Grote over een rijk dat zich over grote delen van het Europese continent uitstrekte. Aken was een centraal punt binnen dit rijk. Hier stichtte Keizer Karel een uniek sacraal centrum, hiernaartoe ontbood hij geleerden uit heel. Europa en hier werd hij na zijn dood [&hellip;]","og_url":"https:\/\/route-charlemagne.eu\/nl\/charlemagne\/","og_site_name":"Route Charlemagne","article_modified_time":"2023-02-15T15:56:07+00:00","twitter_card":"summary_large_image","twitter_misc":{"Est. reading time":"3 minutes"},"schema":{"@context":"https:\/\/schema.org","@graph":[{"@type":"WebPage","@id":"https:\/\/route-charlemagne.eu\/nl\/charlemagne\/","url":"https:\/\/route-charlemagne.eu\/nl\/charlemagne\/","name":"Charlemagne - Route Charlemagne","isPartOf":{"@id":"https:\/\/route-charlemagne.eu\/#website"},"datePublished":"2023-01-26T08:05:03+00:00","dateModified":"2023-02-15T15:56:07+00:00","breadcrumb":{"@id":"https:\/\/route-charlemagne.eu\/nl\/charlemagne\/#breadcrumb"},"inLanguage":"nl-NL","potentialAction":[{"@type":"ReadAction","target":["https:\/\/route-charlemagne.eu\/nl\/charlemagne\/"]}]},{"@type":"BreadcrumbList","@id":"https:\/\/route-charlemagne.eu\/nl\/charlemagne\/#breadcrumb","itemListElement":[{"@type":"ListItem","position":1,"name":"Start","item":"https:\/\/route-charlemagne.eu\/nl\/"},{"@type":"ListItem","position":2,"name":"Charlemagne"}]},{"@type":"WebSite","@id":"https:\/\/route-charlemagne.eu\/#website","url":"https:\/\/route-charlemagne.eu\/","name":"Route Charlemagne","description":"Aachen","potentialAction":[{"@type":"SearchAction","target":{"@type":"EntryPoint","urlTemplate":"https:\/\/route-charlemagne.eu\/?s={search_term_string}"},"query-input":{"@type":"PropertyValueSpecification","valueRequired":true,"valueName":"search_term_string"}}],"inLanguage":"nl-NL"}]}},"_links":{"self":[{"href":"https:\/\/route-charlemagne.eu\/nl\/wp-json\/wp\/v2\/pages\/2250","targetHints":{"allow":["GET"]}}],"collection":[{"href":"https:\/\/route-charlemagne.eu\/nl\/wp-json\/wp\/v2\/pages"}],"about":[{"href":"https:\/\/route-charlemagne.eu\/nl\/wp-json\/wp\/v2\/types\/page"}],"author":[{"embeddable":true,"href":"https:\/\/route-charlemagne.eu\/nl\/wp-json\/wp\/v2\/users\/2"}],"replies":[{"embeddable":true,"href":"https:\/\/route-charlemagne.eu\/nl\/wp-json\/wp\/v2\/comments?post=2250"}],"version-history":[{"count":39,"href":"https:\/\/route-charlemagne.eu\/nl\/wp-json\/wp\/v2\/pages\/2250\/revisions"}],"predecessor-version":[{"id":2737,"href":"https:\/\/route-charlemagne.eu\/nl\/wp-json\/wp\/v2\/pages\/2250\/revisions\/2737"}],"wp:attachment":[{"href":"https:\/\/route-charlemagne.eu\/nl\/wp-json\/wp\/v2\/media?parent=2250"}],"curies":[{"name":"wp","href":"https:\/\/api.w.org\/{rel}","templated":true}]}}