{"id":2523,"date":"2023-01-26T09:08:14","date_gmt":"2023-01-26T08:08:14","guid":{"rendered":"https:\/\/route-charlemagne.comlounge.dev\/?page_id=2523"},"modified":"2023-02-14T09:24:16","modified_gmt":"2023-02-14T08:24:16","slug":"ausstellung2","status":"publish","type":"page","link":"https:\/\/route-charlemagne.eu\/fr\/stationen\/centre-charlemagne\/ausstellung2\/","title":{"rendered":"Ausstellung2"},"content":{"rendered":"\t\t<div data-elementor-type=\"wp-page\" data-elementor-id=\"2523\" class=\"elementor elementor-2523 elementor-40\" data-elementor-post-type=\"page\">\n\t\t\t\t\t\t<section class=\"elementor-section elementor-top-section elementor-element elementor-element-353212f elementor-section-height-min-height elementor-section-items-stretch elementor-section-boxed elementor-section-height-default\" data-id=\"353212f\" data-element_type=\"section\" data-e-type=\"section\">\n\t\t\t\t\t\t<div class=\"elementor-container elementor-column-gap-no\">\n\t\t\t\t\t<div class=\"elementor-column elementor-col-50 elementor-top-column elementor-element elementor-element-71b8014\" data-id=\"71b8014\" data-element_type=\"column\" data-e-type=\"column\" data-settings=\"{&quot;background_background&quot;:&quot;classic&quot;}\">\n\t\t\t<div class=\"elementor-widget-wrap elementor-element-populated\">\n\t\t\t\t\t\t<div class=\"elementor-element elementor-element-c235b6a elementor-widget elementor-widget-heading\" data-id=\"c235b6a\" data-element_type=\"widget\" data-e-type=\"widget\" data-widget_type=\"heading.default\">\n\t\t\t\t<div class=\"elementor-widget-container\">\n\t\t\t\t\t<h1 class=\"elementor-heading-title elementor-size-default\">Ein Geburtsort Europas<\/h1>\t\t\t\t<\/div>\n\t\t\t\t<\/div>\n\t\t\t\t<div class=\"elementor-element elementor-element-2df7719 elementor-widget elementor-widget-text-editor\" data-id=\"2df7719\" data-element_type=\"widget\" data-e-type=\"widget\" data-widget_type=\"text-editor.default\">\n\t\t\t\t<div class=\"elementor-widget-container\">\n\t\t\t\t\t\t\t\t\t<div id=\"DE7_12919591\" class=\"content DE\">\n<h2>Prima regum curia &#8211; Erster Hof der K\u00f6nige<\/h2>\n<p>Am 28. Januar 814 wurde Karl in der Aachener Marienkirche bestattet. 936 lie\u00df der s\u00e4chsische Herzog Otto I. sich an diesem Grab zum K\u00f6nig kr\u00f6nen. Er begr\u00fcndete damit eine Kr\u00f6nungstradition, die jeden neuen K\u00f6nig als einen Nachfolger Karls begriff. Die K\u00f6nigskr\u00f6nung in Aachen wurde zur Voraussetzung f\u00fcr die Verleihung des Kaisertitels durch den Papst in Rom.<\/p>\n<p><br><\/p>\n<p>Hat der Besucher die Stadt zuvor aus dem Blickwinkel Karls des Gro\u00dfen betrachtet, erlebt er sie nun aus der Perspektive eines der letzten in Aachen gekr\u00f6nten K\u00f6nige: Karls V. Er erlebt eine Stadt, die in Jahrhunderten gelernt hat, sich den Mythos Karl zunutze zu machen. Nicht nur die K\u00f6nige und ihr gigantisches Gefolge bringen Reichtum, sondern auch die Pilger, die aus allen Teilen Europas zu den Heiligt\u00fcmern der Marienkirche str\u00f6men.<\/p>\n<p><br><\/p><p>Die Erzeugung von Tuchen und Metallen erleichtert den \u00dcbergang zu einer neuzeitlichen \u00d6konomie. Doch am Ende dieser Epoche stehen Krisen: Der Verlust der Kr\u00f6nungszeremonie, Glaubensk\u00e4mpfe und schlie\u00dflich der verheerende Stadtbrand im Jahre 1656.<\/p>\n<\/div>\t\t\t\t\t\t\t\t<\/div>\n\t\t\t\t<\/div>\n\t\t\t\t\t<\/div>\n\t\t<\/div>\n\t\t\t\t<div class=\"elementor-column elementor-col-50 elementor-top-column elementor-element elementor-element-bccc738\" data-id=\"bccc738\" data-element_type=\"column\" data-e-type=\"column\" data-settings=\"{&quot;background_background&quot;:&quot;classic&quot;}\">\n\t\t\t<div class=\"elementor-widget-wrap elementor-element-populated\">\n\t\t\t\t\t\t<div class=\"elementor-element elementor-element-40461bc elementor-widget elementor-widget-heading\" data-id=\"40461bc\" data-element_type=\"widget\" data-e-type=\"widget\" data-widget_type=\"heading.default\">\n\t\t\t\t<div class=\"elementor-widget-container\">\n\t\t\t\t\t<h1 class=\"elementor-heading-title elementor-size-medium\">Station Geschichte<br>\nCentre Charlemagne<\/h1>\t\t\t\t<\/div>\n\t\t\t\t<\/div>\n\t\t\t\t<div class=\"elementor-element elementor-element-44cf754 elementor-widget elementor-widget-text-editor\" data-id=\"44cf754\" data-element_type=\"widget\" data-e-type=\"widget\" data-widget_type=\"text-editor.default\">\n\t\t\t\t<div class=\"elementor-widget-container\">\n\t\t\t\t\t\t\t\t\tDas \u201eCentre Charlemagne \u2013 Neues Stadtmuseum Aachen\u201c steht am Katschhof, dem fr\u00fcheren Innenhof der Pfalz zwischen Dom und Rathaus. Eine museale Ausstellung zeichnet die Geschichte Karls und die Entwicklung seiner Stadt nach. Das Centre ist zugleich der Ausgangspunkt zur Erkundung der \u00fcbrigen Stationen der \u201eRoute Charlemagne\u201c.\n\n<a href=\"http:\/\/www.centre-charlemagne.eu\">Mehr<\/a>\t\t\t\t\t\t\t\t<\/div>\n\t\t\t\t<\/div>\n\t\t\t\t<div class=\"elementor-element elementor-element-a5c32cb elementor-position-left elementor-vertical-align-top elementor-widget elementor-widget-image-box\" data-id=\"a5c32cb\" data-element_type=\"widget\" data-e-type=\"widget\" data-widget_type=\"image-box.default\">\n\t\t\t\t<div class=\"elementor-widget-container\">\n\t\t\t\t\t<div class=\"elementor-image-box-wrapper\"><figure class=\"elementor-image-box-img\"><a href=\"\/stationen\/rathaus\" tabindex=\"-1\"><img decoding=\"async\" width=\"25\" height=\"27\" src=\"https:\/\/route-charlemagne.eu\/wp-content\/uploads\/2023\/02\/rc-icon.png\" class=\"attachment-full size-full wp-image-1858\" alt=\"\" title=\"\" data-content=\"\" \/><\/a><\/figure><div class=\"elementor-image-box-content\"><h3 class=\"elementor-image-box-title\"><a href=\"\/stationen\/rathaus\">Zur n\u00e4chsten Station<\/a><\/h3><\/div><\/div>\t\t\t\t<\/div>\n\t\t\t\t<\/div>\n\t\t\t\t\t<\/div>\n\t\t<\/div>\n\t\t\t\t\t<\/div>\n\t\t<\/section>\n\t\t\t\t<\/div>\n\t\t","protected":false},"excerpt":{"rendered":"<p>Ein Geburtsort Europas Prima regum curia &#8211; Erster Hof der K\u00f6nige Am 28. Januar 814 wurde Karl in der Aachener Marienkirche bestattet. 936 lie\u00df der s\u00e4chsische Herzog Otto I. sich an diesem Grab zum K\u00f6nig kr\u00f6nen. Er begr\u00fcndete damit eine Kr\u00f6nungstradition, die jeden neuen K\u00f6nig als einen Nachfolger Karls begriff. Die K\u00f6nigskr\u00f6nung in Aachen wurde [&hellip;]<\/p>\n","protected":false},"author":2,"featured_media":0,"parent":2500,"menu_order":0,"comment_status":"closed","ping_status":"closed","template":"","meta":{"inline_featured_image":false,"_lmt_disableupdate":"","_lmt_disable":"","footnotes":""},"class_list":["post-2523","page","type-page","status-publish","hentry"],"yoast_head":"<!-- This site is optimized with the Yoast SEO plugin v27.2 - https:\/\/yoast.com\/product\/yoast-seo-wordpress\/ -->\n<title>Ausstellung2 - Route Charlemagne<\/title>\n<meta name=\"robots\" content=\"index, follow, max-snippet:-1, max-image-preview:large, max-video-preview:-1\" \/>\n<link rel=\"canonical\" href=\"https:\/\/route-charlemagne.eu\/fr\/stationen\/centre-charlemagne\/ausstellung2\/\" \/>\n<meta property=\"og:locale\" content=\"fr_FR\" \/>\n<meta property=\"og:type\" content=\"article\" \/>\n<meta property=\"og:title\" content=\"Ausstellung2 - Route Charlemagne\" \/>\n<meta property=\"og:description\" content=\"Ein Geburtsort Europas Prima regum curia &#8211; Erster Hof der K\u00f6nige Am 28. Januar 814 wurde Karl in der Aachener Marienkirche bestattet. 936 lie\u00df der s\u00e4chsische Herzog Otto I. sich an diesem Grab zum K\u00f6nig kr\u00f6nen. Er begr\u00fcndete damit eine Kr\u00f6nungstradition, die jeden neuen K\u00f6nig als einen Nachfolger Karls begriff. Die K\u00f6nigskr\u00f6nung in Aachen wurde [&hellip;]\" \/>\n<meta property=\"og:url\" content=\"https:\/\/route-charlemagne.eu\/fr\/stationen\/centre-charlemagne\/ausstellung2\/\" \/>\n<meta property=\"og:site_name\" content=\"Route Charlemagne\" \/>\n<meta property=\"article:modified_time\" content=\"2023-02-14T08:24:16+00:00\" \/>\n<meta property=\"og:image\" content=\"http:\/\/route-charlemagne.eu\/wp-content\/uploads\/2023\/02\/rc-icon.png\" \/>\n<meta name=\"twitter:card\" content=\"summary_large_image\" \/>\n<meta name=\"twitter:label1\" content=\"Est. reading time\" \/>\n\t<meta name=\"twitter:data1\" content=\"2 minutes\" \/>\n<script type=\"application\/ld+json\" class=\"yoast-schema-graph\">{\"@context\":\"https:\/\/schema.org\",\"@graph\":[{\"@type\":\"WebPage\",\"@id\":\"https:\/\/route-charlemagne.eu\/fr\/stationen\/centre-charlemagne\/ausstellung2\/\",\"url\":\"https:\/\/route-charlemagne.eu\/fr\/stationen\/centre-charlemagne\/ausstellung2\/\",\"name\":\"Ausstellung2 - Route Charlemagne\",\"isPartOf\":{\"@id\":\"https:\/\/route-charlemagne.eu\/#website\"},\"primaryImageOfPage\":{\"@id\":\"https:\/\/route-charlemagne.eu\/fr\/stationen\/centre-charlemagne\/ausstellung2\/#primaryimage\"},\"image\":{\"@id\":\"https:\/\/route-charlemagne.eu\/fr\/stationen\/centre-charlemagne\/ausstellung2\/#primaryimage\"},\"thumbnailUrl\":\"http:\/\/route-charlemagne.eu\/wp-content\/uploads\/2023\/02\/rc-icon.png\",\"datePublished\":\"2023-01-26T08:08:14+00:00\",\"dateModified\":\"2023-02-14T08:24:16+00:00\",\"breadcrumb\":{\"@id\":\"https:\/\/route-charlemagne.eu\/fr\/stationen\/centre-charlemagne\/ausstellung2\/#breadcrumb\"},\"inLanguage\":\"fr-FR\",\"potentialAction\":[{\"@type\":\"ReadAction\",\"target\":[\"https:\/\/route-charlemagne.eu\/fr\/stationen\/centre-charlemagne\/ausstellung2\/\"]}]},{\"@type\":\"ImageObject\",\"inLanguage\":\"fr-FR\",\"@id\":\"https:\/\/route-charlemagne.eu\/fr\/stationen\/centre-charlemagne\/ausstellung2\/#primaryimage\",\"url\":\"http:\/\/route-charlemagne.eu\/wp-content\/uploads\/2023\/02\/rc-icon.png\",\"contentUrl\":\"http:\/\/route-charlemagne.eu\/wp-content\/uploads\/2023\/02\/rc-icon.png\"},{\"@type\":\"BreadcrumbList\",\"@id\":\"https:\/\/route-charlemagne.eu\/fr\/stationen\/centre-charlemagne\/ausstellung2\/#breadcrumb\",\"itemListElement\":[{\"@type\":\"ListItem\",\"position\":1,\"name\":\"Start\",\"item\":\"https:\/\/route-charlemagne.eu\/fr\/\"},{\"@type\":\"ListItem\",\"position\":2,\"name\":\"Stationen\",\"item\":\"https:\/\/route-charlemagne.eu\/fr\/stationen\/\"},{\"@type\":\"ListItem\",\"position\":3,\"name\":\"Centre Charlemagne\",\"item\":\"https:\/\/route-charlemagne.eu\/fr\/stationen\/centre-charlemagne\/\"},{\"@type\":\"ListItem\",\"position\":4,\"name\":\"Ausstellung2\"}]},{\"@type\":\"WebSite\",\"@id\":\"https:\/\/route-charlemagne.eu\/#website\",\"url\":\"https:\/\/route-charlemagne.eu\/\",\"name\":\"Route Charlemagne\",\"description\":\"Aachen\",\"potentialAction\":[{\"@type\":\"SearchAction\",\"target\":{\"@type\":\"EntryPoint\",\"urlTemplate\":\"https:\/\/route-charlemagne.eu\/?s={search_term_string}\"},\"query-input\":{\"@type\":\"PropertyValueSpecification\",\"valueRequired\":true,\"valueName\":\"search_term_string\"}}],\"inLanguage\":\"fr-FR\"}]}<\/script>\n<!-- \/ Yoast SEO plugin. -->","yoast_head_json":{"title":"Ausstellung2 - Route Charlemagne","robots":{"index":"index","follow":"follow","max-snippet":"max-snippet:-1","max-image-preview":"max-image-preview:large","max-video-preview":"max-video-preview:-1"},"canonical":"https:\/\/route-charlemagne.eu\/fr\/stationen\/centre-charlemagne\/ausstellung2\/","og_locale":"fr_FR","og_type":"article","og_title":"Ausstellung2 - Route Charlemagne","og_description":"Ein Geburtsort Europas Prima regum curia &#8211; Erster Hof der K\u00f6nige Am 28. Januar 814 wurde Karl in der Aachener Marienkirche bestattet. 936 lie\u00df der s\u00e4chsische Herzog Otto I. sich an diesem Grab zum K\u00f6nig kr\u00f6nen. Er begr\u00fcndete damit eine Kr\u00f6nungstradition, die jeden neuen K\u00f6nig als einen Nachfolger Karls begriff. Die K\u00f6nigskr\u00f6nung in Aachen wurde [&hellip;]","og_url":"https:\/\/route-charlemagne.eu\/fr\/stationen\/centre-charlemagne\/ausstellung2\/","og_site_name":"Route Charlemagne","article_modified_time":"2023-02-14T08:24:16+00:00","og_image":[{"url":"http:\/\/route-charlemagne.eu\/wp-content\/uploads\/2023\/02\/rc-icon.png","type":"","width":"","height":""}],"twitter_card":"summary_large_image","twitter_misc":{"Est. reading time":"2 minutes"},"schema":{"@context":"https:\/\/schema.org","@graph":[{"@type":"WebPage","@id":"https:\/\/route-charlemagne.eu\/fr\/stationen\/centre-charlemagne\/ausstellung2\/","url":"https:\/\/route-charlemagne.eu\/fr\/stationen\/centre-charlemagne\/ausstellung2\/","name":"Ausstellung2 - Route Charlemagne","isPartOf":{"@id":"https:\/\/route-charlemagne.eu\/#website"},"primaryImageOfPage":{"@id":"https:\/\/route-charlemagne.eu\/fr\/stationen\/centre-charlemagne\/ausstellung2\/#primaryimage"},"image":{"@id":"https:\/\/route-charlemagne.eu\/fr\/stationen\/centre-charlemagne\/ausstellung2\/#primaryimage"},"thumbnailUrl":"http:\/\/route-charlemagne.eu\/wp-content\/uploads\/2023\/02\/rc-icon.png","datePublished":"2023-01-26T08:08:14+00:00","dateModified":"2023-02-14T08:24:16+00:00","breadcrumb":{"@id":"https:\/\/route-charlemagne.eu\/fr\/stationen\/centre-charlemagne\/ausstellung2\/#breadcrumb"},"inLanguage":"fr-FR","potentialAction":[{"@type":"ReadAction","target":["https:\/\/route-charlemagne.eu\/fr\/stationen\/centre-charlemagne\/ausstellung2\/"]}]},{"@type":"ImageObject","inLanguage":"fr-FR","@id":"https:\/\/route-charlemagne.eu\/fr\/stationen\/centre-charlemagne\/ausstellung2\/#primaryimage","url":"http:\/\/route-charlemagne.eu\/wp-content\/uploads\/2023\/02\/rc-icon.png","contentUrl":"http:\/\/route-charlemagne.eu\/wp-content\/uploads\/2023\/02\/rc-icon.png"},{"@type":"BreadcrumbList","@id":"https:\/\/route-charlemagne.eu\/fr\/stationen\/centre-charlemagne\/ausstellung2\/#breadcrumb","itemListElement":[{"@type":"ListItem","position":1,"name":"Start","item":"https:\/\/route-charlemagne.eu\/fr\/"},{"@type":"ListItem","position":2,"name":"Stationen","item":"https:\/\/route-charlemagne.eu\/fr\/stationen\/"},{"@type":"ListItem","position":3,"name":"Centre Charlemagne","item":"https:\/\/route-charlemagne.eu\/fr\/stationen\/centre-charlemagne\/"},{"@type":"ListItem","position":4,"name":"Ausstellung2"}]},{"@type":"WebSite","@id":"https:\/\/route-charlemagne.eu\/#website","url":"https:\/\/route-charlemagne.eu\/","name":"Route Charlemagne","description":"Aachen","potentialAction":[{"@type":"SearchAction","target":{"@type":"EntryPoint","urlTemplate":"https:\/\/route-charlemagne.eu\/?s={search_term_string}"},"query-input":{"@type":"PropertyValueSpecification","valueRequired":true,"valueName":"search_term_string"}}],"inLanguage":"fr-FR"}]}},"_links":{"self":[{"href":"https:\/\/route-charlemagne.eu\/fr\/wp-json\/wp\/v2\/pages\/2523","targetHints":{"allow":["GET"]}}],"collection":[{"href":"https:\/\/route-charlemagne.eu\/fr\/wp-json\/wp\/v2\/pages"}],"about":[{"href":"https:\/\/route-charlemagne.eu\/fr\/wp-json\/wp\/v2\/types\/page"}],"author":[{"embeddable":true,"href":"https:\/\/route-charlemagne.eu\/fr\/wp-json\/wp\/v2\/users\/2"}],"replies":[{"embeddable":true,"href":"https:\/\/route-charlemagne.eu\/fr\/wp-json\/wp\/v2\/comments?post=2523"}],"version-history":[{"count":1,"href":"https:\/\/route-charlemagne.eu\/fr\/wp-json\/wp\/v2\/pages\/2523\/revisions"}],"predecessor-version":[{"id":2526,"href":"https:\/\/route-charlemagne.eu\/fr\/wp-json\/wp\/v2\/pages\/2523\/revisions\/2526"}],"up":[{"embeddable":true,"href":"https:\/\/route-charlemagne.eu\/fr\/wp-json\/wp\/v2\/pages\/2500"}],"wp:attachment":[{"href":"https:\/\/route-charlemagne.eu\/fr\/wp-json\/wp\/v2\/media?parent=2523"}],"curies":[{"name":"wp","href":"https:\/\/api.w.org\/{rel}","templated":true}]}}