{"id":2498,"date":"2023-01-26T09:06:55","date_gmt":"2023-01-26T08:06:55","guid":{"rendered":"https:\/\/route-charlemagne.comlounge.dev\/?page_id=2498"},"modified":"2023-02-21T14:42:17","modified_gmt":"2023-02-21T13:42:17","slug":"dom","status":"publish","type":"page","link":"https:\/\/route-charlemagne.eu\/fr\/stationen\/dom\/","title":{"rendered":"Dom"},"content":{"rendered":"\t\t<div data-elementor-type=\"wp-page\" data-elementor-id=\"2498\" class=\"elementor elementor-2498 elementor-27\" data-elementor-post-type=\"page\">\n\t\t\t\t\t\t<section class=\"elementor-section elementor-top-section elementor-element elementor-element-1735ce6 elementor-section-height-min-height elementor-section-items-stretch elementor-section-boxed elementor-section-height-default\" data-id=\"1735ce6\" data-element_type=\"section\" data-e-type=\"section\">\n\t\t\t\t\t\t<div class=\"elementor-container elementor-column-gap-no\">\n\t\t\t\t\t<div class=\"elementor-column elementor-col-50 elementor-top-column elementor-element elementor-element-77577ef\" data-id=\"77577ef\" data-element_type=\"column\" data-e-type=\"column\" data-settings=\"{&quot;background_background&quot;:&quot;classic&quot;}\">\n\t\t\t<div class=\"elementor-widget-wrap elementor-element-populated\">\n\t\t\t\t\t\t<div class=\"elementor-element elementor-element-1ea8f6c elementor-widget elementor-widget-spacer\" data-id=\"1ea8f6c\" data-element_type=\"widget\" data-e-type=\"widget\" data-widget_type=\"spacer.default\">\n\t\t\t\t<div class=\"elementor-widget-container\">\n\t\t\t\t\t\t\t<div class=\"elementor-spacer\">\n\t\t\t<div class=\"elementor-spacer-inner\"><\/div>\n\t\t<\/div>\n\t\t\t\t\t\t<\/div>\n\t\t\t\t<\/div>\n\t\t\t\t\t<\/div>\n\t\t<\/div>\n\t\t\t\t<div class=\"elementor-column elementor-col-50 elementor-top-column elementor-element elementor-element-2e1c97b\" data-id=\"2e1c97b\" data-element_type=\"column\" data-e-type=\"column\" data-settings=\"{&quot;background_background&quot;:&quot;classic&quot;}\">\n\t\t\t<div class=\"elementor-widget-wrap elementor-element-populated\">\n\t\t\t\t\t\t<div class=\"elementor-element elementor-element-efb7450 elementor-widget elementor-widget-heading\" data-id=\"efb7450\" data-element_type=\"widget\" data-e-type=\"widget\" data-widget_type=\"heading.default\">\n\t\t\t\t<div class=\"elementor-widget-container\">\n\t\t\t\t\t<h1 class=\"elementor-heading-title elementor-size-medium\">Station Religion<br>\nAachener Dom<\/h1>\t\t\t\t<\/div>\n\t\t\t\t<\/div>\n\t\t\t\t<div class=\"elementor-element elementor-element-8a3c156 elementor-widget elementor-widget-text-editor\" data-id=\"8a3c156\" data-element_type=\"widget\" data-e-type=\"widget\" data-widget_type=\"text-editor.default\">\n\t\t\t\t<div class=\"elementor-widget-container\">\n\t\t\t\t\t\t\t\t\t<div id=\"DE8_12827346\" class=\"DE\"><p>L\u2019\u00e9glise consacr\u00e9e \u00e0 la Vierge Marie de Charlemagne demeure encore aujourd\u2019hui le noyau de la cath\u00e9drale. Elle constituait un centre sacr\u00e9 de l\u2019empire carolingien et fut l\u2019\u00e9glise du couronnement des rois au Moyen-\u00e2ge. Station de la Route Charlemagne, la cath\u00e9drale avec son Tr\u00e9sor et le futur Point Information de la Cath\u00e9drale pr\u00e9sente \u00e0 la fois l\u2019histoire d\u2019Aix-la-Chapelle mais aussi le th\u00e8me \u00abReligion\u00bb.<\/p><p>D\u00e9j\u00e0 au temps de Charlemagne, des couronnements mais aussi des p\u00e8lerinages, il existait un tr\u00e9sor artistique important dont les pi\u00e8ces les plus c\u00e9l\u00e8bres sont expos\u00e9es dans l\u2019actuel Tr\u00e9sor de la Cath\u00e9drale.<\/p><p><a href=\"http:\/\/www.aachendom.de\" target=\"_blank\" rel=\"noopener\">Plus<\/a><\/p><\/div>\t\t\t\t\t\t\t\t<\/div>\n\t\t\t\t<\/div>\n\t\t\t\t<div class=\"elementor-element elementor-element-1abd08b elementor-position-left elementor-vertical-align-top elementor-widget elementor-widget-image-box\" data-id=\"1abd08b\" data-element_type=\"widget\" data-e-type=\"widget\" data-widget_type=\"image-box.default\">\n\t\t\t\t<div class=\"elementor-widget-container\">\n\t\t\t\t\t<div class=\"elementor-image-box-wrapper\"><figure class=\"elementor-image-box-img\"><a href=\"\/stationen\/grashaus\" tabindex=\"-1\"><img decoding=\"async\" width=\"25\" height=\"27\" src=\"https:\/\/route-charlemagne.eu\/wp-content\/uploads\/2023\/02\/rc-icon.png\" class=\"attachment-full size-full wp-image-1858\" alt=\"\" title=\"\" data-content=\"\" \/><\/a><\/figure><div class=\"elementor-image-box-content\"><h3 class=\"elementor-image-box-title\"><a href=\"\/stationen\/grashaus\">\u00c1 la prochaine station<\/a><\/h3><\/div><\/div>\t\t\t\t<\/div>\n\t\t\t\t<\/div>\n\t\t\t\t\t<\/div>\n\t\t<\/div>\n\t\t\t\t\t<\/div>\n\t\t<\/section>\n\t\t\t\t<section class=\"elementor-section elementor-top-section elementor-element elementor-element-8f6eb95 elementor-section-boxed elementor-section-height-default elementor-section-height-default\" data-id=\"8f6eb95\" data-element_type=\"section\" data-e-type=\"section\">\n\t\t\t\t\t\t<div class=\"elementor-container elementor-column-gap-default\">\n\t\t\t\t\t<div class=\"elementor-column elementor-col-50 elementor-top-column elementor-element elementor-element-4055f66\" data-id=\"4055f66\" data-element_type=\"column\" data-e-type=\"column\">\n\t\t\t<div class=\"elementor-widget-wrap elementor-element-populated\">\n\t\t\t\t\t\t<div class=\"elementor-element elementor-element-ffb239f elementor-widget elementor-widget-heading\" data-id=\"ffb239f\" data-element_type=\"widget\" data-e-type=\"widget\" data-widget_type=\"heading.default\">\n\t\t\t\t<div class=\"elementor-widget-container\">\n\t\t\t\t\t<h1 class=\"elementor-heading-title elementor-size-default\">Cath\u00e9drale: Le centre religieux de l'empire de Charlemagne<\/h1>\t\t\t\t<\/div>\n\t\t\t\t<\/div>\n\t\t\t\t<div class=\"elementor-element elementor-element-8c9707a elementor-widget elementor-widget-text-editor\" data-id=\"8c9707a\" data-element_type=\"widget\" data-e-type=\"widget\" data-widget_type=\"text-editor.default\">\n\t\t\t\t<div class=\"elementor-widget-container\">\n\t\t\t\t\t\t\t\t\t<p>L\u2019id\u00e9e de Charlemagne \u00e9tait de r\u00e9ussir \u00e0 faire d\u2019Aix-la-Chapelle un centre religieux de son empire. Cette r\u00e9alisation ne nous donne pas seulement des informations sur ses croyances personnelles. L\u2019introduction d\u2019une religion chr\u00e9tienne commune avec une liturgie unique constituaient pour lui un appui politique non n\u00e9gligeable pour son pouvoir. L\u2019\u00e9glise d\u00e9di\u00e9e \u00e0 la Vierge Marie, l\u2019actuelle cath\u00e9drale, devait d\u00e9montrer l\u2019expression de cette puissance. Elle fut construite entre 798 et 813 et r\u00e9unit dans sa construction des influences aussi bien antiques que byzantines. L\u2019impact de cette nouvelle \u00e9glise sur ses contemporains fut \u00e9norme. Depuis la fin de l\u2019Antiquit\u00e9, il n\u2019avait pas \u00e9t\u00e9 possible au nord des Alpes de r\u00e9aliser une coupole de cette taille.<\/p><h2>En 814, Charlemagne fut inhum\u00e9 ici<\/h2><p>Dans les si\u00e8cles qui suivirent commen\u00e7a une v\u00e9ritable sacralisation de l\u2019empereur qui d\u00e9buta lors de l\u2019ouverture l\u00e9gendaire de sa tombe en l\u2019an 1000 et qui s\u2019acheva en 1165, \u00e0 son paroxysme, avec sa canonisation. Depuis 1215, les restes de Charlemagne reposent dans une ch\u00e2sse en or qui se trouve aujourd\u2019hui au centre du ch\u0153ur de la cath\u00e9drale. De cette \u00e9poque datent \u00e9galement le parement d\u2019autel en or (qui date de l\u2019an 1000 environ), la chaire (avant 1014) et le lustre de Fr\u00e9d\u00e9ric Barberousse (1180 environ).<\/p><h2>C\u2019est sur ce tr\u00f4ne qu\u2019\u00e0 partir de 936 les rois allemands furent couronn\u00e9s<\/h2><p>Le ch\u0153ur de l\u2019\u00e9glise de la Vierge Marie est un octogone (huit c\u00f4t\u00e9s) surmont\u00e9 d\u2019une galerie \u00e0 seize faces. A l\u2019\u00e9tage, cette galerie accueille un tr\u00f4ne en marbre qui symbolisait le r\u00e8gne attendu du Christ. C\u2019est sur ce tr\u00f4ne qu\u2019\u00e0 partir de 936 les rois allemands furent couronn\u00e9s. Ce ch\u0153ur carolingien de l\u2019\u00e9glise a \u00e9t\u00e9 conserv\u00e9 jusqu\u2019\u00e0 nos jours. Du temps de Charlemagne date \u00e9galement l\u2019imposante entr\u00e9e de la cath\u00e9drale avec ses portes en bronze massif.<\/p><h2>La tradition veut que Charlemagne ait fait venir \u00e0 Aix-la-Chapelle les reliques les plus pr\u00e9cieuses de la Chr\u00e9tient\u00e9<\/h2><p>Leur red\u00e9couverte est \u00e0 l\u2019origine d\u2019un p\u00e8lerinage, au XIV\u00e8me si\u00e8cle, qui fit d\u2019Aix-la-Chapelle un lieu de p\u00e8lerinage aussi prestigieux que Rome ou encore Saint Jacques de Compostelle.\u00a0 Les reliques se trouvent \u00e9galement dans une ch\u00e2sse situ\u00e9e dans le ch\u0153ur. Leur v\u00e9n\u00e9ration, sous la forme d\u2019un grand p\u00e8lerinage, d\u00e9buta en 1349 et continue encore de nos jours. Tout comme les couronnements, les p\u00e8lerinages, eux aussi, furent un \u00e9l\u00e9ment \u00e9conomique et culturel de premier plan pour la ville au Moyen-\u00e2ge.<\/p><p>Afin de mener \u00e0 bien \u00e0 la fois les f\u00eates du couronnement mais aussi les p\u00e8lerinages, on inaugura \u00e0 l\u2019occasion du 600\u00e8me anniversaire de la mort de Charlemagne en 1414, un nouveau ch\u0153ur. A c\u00f4t\u00e9 de l\u2019octogone, c\u2019est le deuxi\u00e8me chef-d\u2019\u0153uvre architectural de l\u2019\u00e9glise car la plus grande partie de sa fa\u00e7ade ext\u00e9rieure est constitu\u00e9e de verre. L\u2019\u00e9norme\u00a0 poids de la vo\u00fbte repose sur de minces piliers sans renforts ni contreforts suppl\u00e9mentaires. En v\u00e9rit\u00e9, le poids est absorb\u00e9 par un syst\u00e8me complexe d\u2019ancrages.<\/p><h2>L\u2019UNESCO inscrit la cath\u00e9drale d\u2019Aix-la-Chapelle en 1978 sur la liste du Patrimoine Mondial. Elle fut le premier \u00e9difice allemand \u00e0 y entrer<\/h2><p>Depuis le XIII\u00e8me si\u00e8cle s\u2019est b\u00e2ti tout un chapelet de chapelles lat\u00e9rales. Un clo\u00eetre relie l\u2019\u00e9glise avec le b\u00e2timent du Tr\u00e9sor. La cath\u00e9drale devint le si\u00e8ge d\u2019un \u00e9v\u00each\u00e9 au temps de Napol\u00e9on pour la premi\u00e8re fois et cela jusqu\u2019en 1930. Un nouveau \u00ab\u00a0point infos \u00a0\u00bb informera dans l\u2019avenir les visiteurs sur la cath\u00e9drale.<\/p><p>La cath\u00e9drale, le Tr\u00e9sor et le Centre d\u2019Information de la Cath\u00e9drale repr\u00e9sentent, dans le cadre de la Route Charlemagne, le th\u00e8me : \u00ab Religion \u00bb. Ils compl\u00e8tent les expositions sur l\u2019histoire de la ville qui se trouvent \u00e0 l\u2019H\u00f4tel de ville et dans le futur Centre Charlemagne.<\/p>\t\t\t\t\t\t\t\t<\/div>\n\t\t\t\t<\/div>\n\t\t\t\t<div class=\"elementor-element elementor-element-969f5e9 gallery-spacing-custom elementor-widget elementor-widget-image-gallery\" data-id=\"969f5e9\" data-element_type=\"widget\" data-e-type=\"widget\" data-widget_type=\"image-gallery.default\">\n\t\t\t\t<div class=\"elementor-widget-container\">\n\t\t\t\t\t\t\t<div class=\"elementor-image-gallery\">\n\t\t\t\n\t\t<style type=\"text\/css\">\n\t\t\t#gallery-1 {\n\t\t\t\tmargin: auto;\n\t\t\t}\n\t\t\t#gallery-1 .gallery-item {\n\t\t\t\tfloat: left;\n\t\t\t\tmargin-top: 10px;\n\t\t\t\ttext-align: center;\n\t\t\t\twidth: 33%;\n\t\t\t}\n\t\t\t#gallery-1 img {\n\t\t\t\tborder: 2px solid #cfcfcf;\n\t\t\t}\n\t\t\t#gallery-1 .gallery-caption {\n\t\t\t\tmargin-left: 0;\n\t\t\t}\n\t\t\t\/* see gallery_shortcode() in wp-includes\/media.php *\/\n\t\t<\/style>\n\t\t<div id='gallery-1' class='gallery galleryid-2498 gallery-columns-3 gallery-size-thumbnail'><dl class='gallery-item'>\n\t\t\t<dt class='gallery-icon landscape'>\n\t\t\t\t<a data-elementor-open-lightbox=\"yes\" data-elementor-lightbox-slideshow=\"969f5e9\" data-elementor-lightbox-title=\"dom_01_high\" data-e-action-hash=\"#elementor-action%3Aaction%3Dlightbox%26settings%3DeyJpZCI6MTk1MSwidXJsIjoiaHR0cHM6XC9cL3JvdXRlLWNoYXJsZW1hZ25lLmV1XC93cC1jb250ZW50XC91cGxvYWRzXC8yMDIzXC8wMlwvZG9tXzAxX2hpZ2guanBnIiwic2xpZGVzaG93IjoiOTY5ZjVlOSJ9\" href='https:\/\/route-charlemagne.eu\/wp-content\/uploads\/2023\/02\/dom_01_high.jpg'><img width=\"150\" height=\"150\" src=\"https:\/\/route-charlemagne.eu\/wp-content\/uploads\/2023\/02\/dom_01_high-150x150.jpg\" class=\"attachment-thumbnail size-thumbnail\" alt=\"\" decoding=\"async\" title=\"\" data-content=\"\" \/><\/a>\n\t\t\t<\/dt><\/dl><dl class='gallery-item'>\n\t\t\t<dt class='gallery-icon landscape'>\n\t\t\t\t<a data-elementor-open-lightbox=\"yes\" data-elementor-lightbox-slideshow=\"969f5e9\" data-elementor-lightbox-title=\"dom_02_high\" data-e-action-hash=\"#elementor-action%3Aaction%3Dlightbox%26settings%3DeyJpZCI6MTk1NCwidXJsIjoiaHR0cHM6XC9cL3JvdXRlLWNoYXJsZW1hZ25lLmV1XC93cC1jb250ZW50XC91cGxvYWRzXC8yMDIzXC8wMlwvZG9tXzAyX2hpZ2guanBnIiwic2xpZGVzaG93IjoiOTY5ZjVlOSJ9\" href='https:\/\/route-charlemagne.eu\/wp-content\/uploads\/2023\/02\/dom_02_high.jpg'><img width=\"150\" height=\"150\" src=\"https:\/\/route-charlemagne.eu\/wp-content\/uploads\/2023\/02\/dom_02_high-150x150.jpg\" class=\"attachment-thumbnail size-thumbnail\" alt=\"\" decoding=\"async\" title=\"\" data-content=\"\" \/><\/a>\n\t\t\t<\/dt><\/dl><dl class='gallery-item'>\n\t\t\t<dt class='gallery-icon landscape'>\n\t\t\t\t<a data-elementor-open-lightbox=\"yes\" data-elementor-lightbox-slideshow=\"969f5e9\" data-elementor-lightbox-title=\"dom_03_high\" data-e-action-hash=\"#elementor-action%3Aaction%3Dlightbox%26settings%3DeyJpZCI6MTk1NywidXJsIjoiaHR0cHM6XC9cL3JvdXRlLWNoYXJsZW1hZ25lLmV1XC93cC1jb250ZW50XC91cGxvYWRzXC8yMDIzXC8wMlwvZG9tXzAzX2hpZ2guanBnIiwic2xpZGVzaG93IjoiOTY5ZjVlOSJ9\" href='https:\/\/route-charlemagne.eu\/wp-content\/uploads\/2023\/02\/dom_03_high.jpg'><img loading=\"lazy\" width=\"150\" height=\"150\" src=\"https:\/\/route-charlemagne.eu\/wp-content\/uploads\/2023\/02\/dom_03_high-150x150.jpg\" class=\"attachment-thumbnail size-thumbnail\" alt=\"\" decoding=\"async\" title=\"\" data-content=\"\" \/><\/a>\n\t\t\t<\/dt><\/dl><br style=\"clear: both\" \/><dl class='gallery-item'>\n\t\t\t<dt class='gallery-icon landscape'>\n\t\t\t\t<a data-elementor-open-lightbox=\"yes\" data-elementor-lightbox-slideshow=\"969f5e9\" data-elementor-lightbox-title=\"dom_04_high\" data-e-action-hash=\"#elementor-action%3Aaction%3Dlightbox%26settings%3DeyJpZCI6MTk2MCwidXJsIjoiaHR0cHM6XC9cL3JvdXRlLWNoYXJsZW1hZ25lLmV1XC93cC1jb250ZW50XC91cGxvYWRzXC8yMDIzXC8wMlwvZG9tXzA0X2hpZ2guanBnIiwic2xpZGVzaG93IjoiOTY5ZjVlOSJ9\" href='https:\/\/route-charlemagne.eu\/wp-content\/uploads\/2023\/02\/dom_04_high.jpg'><img loading=\"lazy\" width=\"150\" height=\"150\" src=\"https:\/\/route-charlemagne.eu\/wp-content\/uploads\/2023\/02\/dom_04_high-150x150.jpg\" class=\"attachment-thumbnail size-thumbnail\" alt=\"\" decoding=\"async\" title=\"\" data-content=\"\" \/><\/a>\n\t\t\t<\/dt><\/dl><dl class='gallery-item'>\n\t\t\t<dt class='gallery-icon landscape'>\n\t\t\t\t<a data-elementor-open-lightbox=\"yes\" data-elementor-lightbox-slideshow=\"969f5e9\" data-elementor-lightbox-title=\"dom_05_high\" data-e-action-hash=\"#elementor-action%3Aaction%3Dlightbox%26settings%3DeyJpZCI6MTk2MywidXJsIjoiaHR0cHM6XC9cL3JvdXRlLWNoYXJsZW1hZ25lLmV1XC93cC1jb250ZW50XC91cGxvYWRzXC8yMDIzXC8wMlwvZG9tXzA1X2hpZ2guanBnIiwic2xpZGVzaG93IjoiOTY5ZjVlOSJ9\" href='https:\/\/route-charlemagne.eu\/wp-content\/uploads\/2023\/02\/dom_05_high.jpg'><img loading=\"lazy\" width=\"150\" height=\"150\" src=\"https:\/\/route-charlemagne.eu\/wp-content\/uploads\/2023\/02\/dom_05_high-150x150.jpg\" class=\"attachment-thumbnail size-thumbnail\" alt=\"\" decoding=\"async\" title=\"\" data-content=\"\" \/><\/a>\n\t\t\t<\/dt><\/dl><dl class='gallery-item'>\n\t\t\t<dt class='gallery-icon landscape'>\n\t\t\t\t<a data-elementor-open-lightbox=\"yes\" data-elementor-lightbox-slideshow=\"969f5e9\" data-elementor-lightbox-title=\"dom_06_high\" data-e-action-hash=\"#elementor-action%3Aaction%3Dlightbox%26settings%3DeyJpZCI6MTk2NiwidXJsIjoiaHR0cHM6XC9cL3JvdXRlLWNoYXJsZW1hZ25lLmV1XC93cC1jb250ZW50XC91cGxvYWRzXC8yMDIzXC8wMlwvZG9tXzA2X2hpZ2guanBnIiwic2xpZGVzaG93IjoiOTY5ZjVlOSJ9\" href='https:\/\/route-charlemagne.eu\/wp-content\/uploads\/2023\/02\/dom_06_high.jpg'><img loading=\"lazy\" width=\"150\" height=\"150\" src=\"https:\/\/route-charlemagne.eu\/wp-content\/uploads\/2023\/02\/dom_06_high-150x150.jpg\" class=\"attachment-thumbnail size-thumbnail\" alt=\"\" decoding=\"async\" title=\"\" data-content=\"\" \/><\/a>\n\t\t\t<\/dt><\/dl><br style=\"clear: both\" \/><dl class='gallery-item'>\n\t\t\t<dt class='gallery-icon landscape'>\n\t\t\t\t<a data-elementor-open-lightbox=\"yes\" data-elementor-lightbox-slideshow=\"969f5e9\" data-elementor-lightbox-title=\"dom_07_high\" data-e-action-hash=\"#elementor-action%3Aaction%3Dlightbox%26settings%3DeyJpZCI6MTk2OSwidXJsIjoiaHR0cHM6XC9cL3JvdXRlLWNoYXJsZW1hZ25lLmV1XC93cC1jb250ZW50XC91cGxvYWRzXC8yMDIzXC8wMlwvZG9tXzA3X2hpZ2guanBnIiwic2xpZGVzaG93IjoiOTY5ZjVlOSJ9\" href='https:\/\/route-charlemagne.eu\/wp-content\/uploads\/2023\/02\/dom_07_high.jpg'><img loading=\"lazy\" width=\"150\" height=\"150\" src=\"https:\/\/route-charlemagne.eu\/wp-content\/uploads\/2023\/02\/dom_07_high-150x150.jpg\" class=\"attachment-thumbnail size-thumbnail\" alt=\"\" decoding=\"async\" title=\"\" data-content=\"\" \/><\/a>\n\t\t\t<\/dt><\/dl><dl class='gallery-item'>\n\t\t\t<dt class='gallery-icon landscape'>\n\t\t\t\t<a data-elementor-open-lightbox=\"yes\" data-elementor-lightbox-slideshow=\"969f5e9\" data-elementor-lightbox-title=\"dom_08_pit_siebigs\" data-e-action-hash=\"#elementor-action%3Aaction%3Dlightbox%26settings%3DeyJpZCI6MTk3MiwidXJsIjoiaHR0cHM6XC9cL3JvdXRlLWNoYXJsZW1hZ25lLmV1XC93cC1jb250ZW50XC91cGxvYWRzXC8yMDIzXC8wMlwvZG9tXzA4X3BpdF9zaWViaWdzLmpwZyIsInNsaWRlc2hvdyI6Ijk2OWY1ZTkifQ%3D%3D\" href='https:\/\/route-charlemagne.eu\/wp-content\/uploads\/2023\/02\/dom_08_pit_siebigs.jpg'><img loading=\"lazy\" width=\"150\" height=\"150\" src=\"https:\/\/route-charlemagne.eu\/wp-content\/uploads\/2023\/02\/dom_08_pit_siebigs-150x150.jpg\" class=\"attachment-thumbnail size-thumbnail\" alt=\"\" decoding=\"async\" title=\"\" data-content=\"\" \/><\/a>\n\t\t\t<\/dt><\/dl>\n\t\t\t<br style='clear: both' \/>\n\t\t<\/div>\n\t\t<\/div>\n\t\t\t\t\t\t<\/div>\n\t\t\t\t<\/div>\n\t\t\t\t\t<\/div>\n\t\t<\/div>\n\t\t\t\t<div class=\"elementor-column elementor-col-50 elementor-top-column elementor-element elementor-element-d96578c\" data-id=\"d96578c\" data-element_type=\"column\" data-e-type=\"column\">\n\t\t\t<div class=\"elementor-widget-wrap\">\n\t\t\t\t\t\t\t<\/div>\n\t\t<\/div>\n\t\t\t\t\t<\/div>\n\t\t<\/section>\n\t\t\t\t<\/div>\n\t\t","protected":false},"excerpt":{"rendered":"<p>Station Religion Aachener Dom L\u2019\u00e9glise consacr\u00e9e \u00e0 la Vierge Marie de Charlemagne demeure encore aujourd\u2019hui le noyau de la cath\u00e9drale. Elle constituait un centre sacr\u00e9 de l\u2019empire carolingien et fut l\u2019\u00e9glise du couronnement des rois au Moyen-\u00e2ge. Station de la Route Charlemagne, la cath\u00e9drale avec son Tr\u00e9sor et le futur Point Information de la Cath\u00e9drale [&hellip;]<\/p>\n","protected":false},"author":2,"featured_media":0,"parent":2389,"menu_order":0,"comment_status":"closed","ping_status":"closed","template":"","meta":{"inline_featured_image":false,"_lmt_disableupdate":"","_lmt_disable":"","footnotes":""},"class_list":["post-2498","page","type-page","status-publish","hentry"],"yoast_head":"<!-- This site is optimized with the Yoast SEO plugin v27.2 - https:\/\/yoast.com\/product\/yoast-seo-wordpress\/ -->\n<title>Dom - Route Charlemagne<\/title>\n<meta name=\"robots\" content=\"index, follow, max-snippet:-1, max-image-preview:large, max-video-preview:-1\" \/>\n<link rel=\"canonical\" href=\"https:\/\/route-charlemagne.eu\/fr\/stationen\/dom\/\" \/>\n<meta property=\"og:locale\" content=\"fr_FR\" \/>\n<meta property=\"og:type\" content=\"article\" \/>\n<meta property=\"og:title\" content=\"Dom - Route Charlemagne\" \/>\n<meta property=\"og:description\" content=\"Station Religion Aachener Dom L\u2019\u00e9glise consacr\u00e9e \u00e0 la Vierge Marie de Charlemagne demeure encore aujourd\u2019hui le noyau de la cath\u00e9drale. Elle constituait un centre sacr\u00e9 de l\u2019empire carolingien et fut l\u2019\u00e9glise du couronnement des rois au Moyen-\u00e2ge. Station de la Route Charlemagne, la cath\u00e9drale avec son Tr\u00e9sor et le futur Point Information de la Cath\u00e9drale [&hellip;]\" \/>\n<meta property=\"og:url\" content=\"https:\/\/route-charlemagne.eu\/fr\/stationen\/dom\/\" \/>\n<meta property=\"og:site_name\" content=\"Route Charlemagne\" \/>\n<meta property=\"article:modified_time\" content=\"2023-02-21T13:42:17+00:00\" \/>\n<meta property=\"og:image\" content=\"http:\/\/route-charlemagne.eu\/wp-content\/uploads\/2023\/02\/rc-icon.png\" \/>\n<meta name=\"twitter:card\" content=\"summary_large_image\" \/>\n<meta name=\"twitter:label1\" content=\"Est. reading time\" \/>\n\t<meta name=\"twitter:data1\" content=\"6 minutes\" \/>\n<script type=\"application\/ld+json\" class=\"yoast-schema-graph\">{\"@context\":\"https:\/\/schema.org\",\"@graph\":[{\"@type\":\"WebPage\",\"@id\":\"https:\/\/route-charlemagne.eu\/fr\/stationen\/dom\/\",\"url\":\"https:\/\/route-charlemagne.eu\/fr\/stationen\/dom\/\",\"name\":\"Dom - Route Charlemagne\",\"isPartOf\":{\"@id\":\"https:\/\/route-charlemagne.eu\/#website\"},\"primaryImageOfPage\":{\"@id\":\"https:\/\/route-charlemagne.eu\/fr\/stationen\/dom\/#primaryimage\"},\"image\":{\"@id\":\"https:\/\/route-charlemagne.eu\/fr\/stationen\/dom\/#primaryimage\"},\"thumbnailUrl\":\"http:\/\/route-charlemagne.eu\/wp-content\/uploads\/2023\/02\/rc-icon.png\",\"datePublished\":\"2023-01-26T08:06:55+00:00\",\"dateModified\":\"2023-02-21T13:42:17+00:00\",\"breadcrumb\":{\"@id\":\"https:\/\/route-charlemagne.eu\/fr\/stationen\/dom\/#breadcrumb\"},\"inLanguage\":\"fr-FR\",\"potentialAction\":[{\"@type\":\"ReadAction\",\"target\":[\"https:\/\/route-charlemagne.eu\/fr\/stationen\/dom\/\"]}]},{\"@type\":\"ImageObject\",\"inLanguage\":\"fr-FR\",\"@id\":\"https:\/\/route-charlemagne.eu\/fr\/stationen\/dom\/#primaryimage\",\"url\":\"http:\/\/route-charlemagne.eu\/wp-content\/uploads\/2023\/02\/rc-icon.png\",\"contentUrl\":\"http:\/\/route-charlemagne.eu\/wp-content\/uploads\/2023\/02\/rc-icon.png\"},{\"@type\":\"BreadcrumbList\",\"@id\":\"https:\/\/route-charlemagne.eu\/fr\/stationen\/dom\/#breadcrumb\",\"itemListElement\":[{\"@type\":\"ListItem\",\"position\":1,\"name\":\"Start\",\"item\":\"https:\/\/route-charlemagne.eu\/fr\/\"},{\"@type\":\"ListItem\",\"position\":2,\"name\":\"Stationen\",\"item\":\"https:\/\/route-charlemagne.eu\/fr\/stationen\/\"},{\"@type\":\"ListItem\",\"position\":3,\"name\":\"Dom\"}]},{\"@type\":\"WebSite\",\"@id\":\"https:\/\/route-charlemagne.eu\/#website\",\"url\":\"https:\/\/route-charlemagne.eu\/\",\"name\":\"Route Charlemagne\",\"description\":\"Aachen\",\"potentialAction\":[{\"@type\":\"SearchAction\",\"target\":{\"@type\":\"EntryPoint\",\"urlTemplate\":\"https:\/\/route-charlemagne.eu\/?s={search_term_string}\"},\"query-input\":{\"@type\":\"PropertyValueSpecification\",\"valueRequired\":true,\"valueName\":\"search_term_string\"}}],\"inLanguage\":\"fr-FR\"}]}<\/script>\n<!-- \/ Yoast SEO plugin. -->","yoast_head_json":{"title":"Dom - Route Charlemagne","robots":{"index":"index","follow":"follow","max-snippet":"max-snippet:-1","max-image-preview":"max-image-preview:large","max-video-preview":"max-video-preview:-1"},"canonical":"https:\/\/route-charlemagne.eu\/fr\/stationen\/dom\/","og_locale":"fr_FR","og_type":"article","og_title":"Dom - Route Charlemagne","og_description":"Station Religion Aachener Dom L\u2019\u00e9glise consacr\u00e9e \u00e0 la Vierge Marie de Charlemagne demeure encore aujourd\u2019hui le noyau de la cath\u00e9drale. Elle constituait un centre sacr\u00e9 de l\u2019empire carolingien et fut l\u2019\u00e9glise du couronnement des rois au Moyen-\u00e2ge. Station de la Route Charlemagne, la cath\u00e9drale avec son Tr\u00e9sor et le futur Point Information de la Cath\u00e9drale [&hellip;]","og_url":"https:\/\/route-charlemagne.eu\/fr\/stationen\/dom\/","og_site_name":"Route Charlemagne","article_modified_time":"2023-02-21T13:42:17+00:00","og_image":[{"url":"http:\/\/route-charlemagne.eu\/wp-content\/uploads\/2023\/02\/rc-icon.png","type":"","width":"","height":""}],"twitter_card":"summary_large_image","twitter_misc":{"Est. reading time":"6 minutes"},"schema":{"@context":"https:\/\/schema.org","@graph":[{"@type":"WebPage","@id":"https:\/\/route-charlemagne.eu\/fr\/stationen\/dom\/","url":"https:\/\/route-charlemagne.eu\/fr\/stationen\/dom\/","name":"Dom - Route Charlemagne","isPartOf":{"@id":"https:\/\/route-charlemagne.eu\/#website"},"primaryImageOfPage":{"@id":"https:\/\/route-charlemagne.eu\/fr\/stationen\/dom\/#primaryimage"},"image":{"@id":"https:\/\/route-charlemagne.eu\/fr\/stationen\/dom\/#primaryimage"},"thumbnailUrl":"http:\/\/route-charlemagne.eu\/wp-content\/uploads\/2023\/02\/rc-icon.png","datePublished":"2023-01-26T08:06:55+00:00","dateModified":"2023-02-21T13:42:17+00:00","breadcrumb":{"@id":"https:\/\/route-charlemagne.eu\/fr\/stationen\/dom\/#breadcrumb"},"inLanguage":"fr-FR","potentialAction":[{"@type":"ReadAction","target":["https:\/\/route-charlemagne.eu\/fr\/stationen\/dom\/"]}]},{"@type":"ImageObject","inLanguage":"fr-FR","@id":"https:\/\/route-charlemagne.eu\/fr\/stationen\/dom\/#primaryimage","url":"http:\/\/route-charlemagne.eu\/wp-content\/uploads\/2023\/02\/rc-icon.png","contentUrl":"http:\/\/route-charlemagne.eu\/wp-content\/uploads\/2023\/02\/rc-icon.png"},{"@type":"BreadcrumbList","@id":"https:\/\/route-charlemagne.eu\/fr\/stationen\/dom\/#breadcrumb","itemListElement":[{"@type":"ListItem","position":1,"name":"Start","item":"https:\/\/route-charlemagne.eu\/fr\/"},{"@type":"ListItem","position":2,"name":"Stationen","item":"https:\/\/route-charlemagne.eu\/fr\/stationen\/"},{"@type":"ListItem","position":3,"name":"Dom"}]},{"@type":"WebSite","@id":"https:\/\/route-charlemagne.eu\/#website","url":"https:\/\/route-charlemagne.eu\/","name":"Route Charlemagne","description":"Aachen","potentialAction":[{"@type":"SearchAction","target":{"@type":"EntryPoint","urlTemplate":"https:\/\/route-charlemagne.eu\/?s={search_term_string}"},"query-input":{"@type":"PropertyValueSpecification","valueRequired":true,"valueName":"search_term_string"}}],"inLanguage":"fr-FR"}]}},"_links":{"self":[{"href":"https:\/\/route-charlemagne.eu\/fr\/wp-json\/wp\/v2\/pages\/2498","targetHints":{"allow":["GET"]}}],"collection":[{"href":"https:\/\/route-charlemagne.eu\/fr\/wp-json\/wp\/v2\/pages"}],"about":[{"href":"https:\/\/route-charlemagne.eu\/fr\/wp-json\/wp\/v2\/types\/page"}],"author":[{"embeddable":true,"href":"https:\/\/route-charlemagne.eu\/fr\/wp-json\/wp\/v2\/users\/2"}],"replies":[{"embeddable":true,"href":"https:\/\/route-charlemagne.eu\/fr\/wp-json\/wp\/v2\/comments?post=2498"}],"version-history":[{"count":10,"href":"https:\/\/route-charlemagne.eu\/fr\/wp-json\/wp\/v2\/pages\/2498\/revisions"}],"predecessor-version":[{"id":2823,"href":"https:\/\/route-charlemagne.eu\/fr\/wp-json\/wp\/v2\/pages\/2498\/revisions\/2823"}],"up":[{"embeddable":true,"href":"https:\/\/route-charlemagne.eu\/fr\/wp-json\/wp\/v2\/pages\/2389"}],"wp:attachment":[{"href":"https:\/\/route-charlemagne.eu\/fr\/wp-json\/wp\/v2\/media?parent=2498"}],"curies":[{"name":"wp","href":"https:\/\/api.w.org\/{rel}","templated":true}]}}