{"id":2458,"date":"2023-01-26T09:05:11","date_gmt":"2023-01-26T08:05:11","guid":{"rendered":"https:\/\/route-charlemagne.comlounge.dev\/?page_id=2458"},"modified":"2023-02-21T15:01:11","modified_gmt":"2023-02-21T14:01:11","slug":"infostelle","status":"publish","type":"page","link":"https:\/\/route-charlemagne.eu\/fr\/infostelle\/","title":{"rendered":"Infostelle"},"content":{"rendered":"\t\t<div data-elementor-type=\"wp-page\" data-elementor-id=\"2458\" class=\"elementor elementor-2458 elementor-10\" data-elementor-post-type=\"page\">\n\t\t\t\t\t\t<section class=\"elementor-section elementor-top-section elementor-element elementor-element-83041c3 elementor-section-height-min-height elementor-section-items-stretch elementor-section-boxed elementor-section-height-default\" data-id=\"83041c3\" data-element_type=\"section\" data-e-type=\"section\">\n\t\t\t\t\t\t<div class=\"elementor-container elementor-column-gap-no\">\n\t\t\t\t\t<div class=\"elementor-column elementor-col-50 elementor-top-column elementor-element elementor-element-3144c92\" data-id=\"3144c92\" data-element_type=\"column\" data-e-type=\"column\" data-settings=\"{&quot;background_background&quot;:&quot;classic&quot;}\">\n\t\t\t<div class=\"elementor-widget-wrap elementor-element-populated\">\n\t\t\t\t\t\t<div class=\"elementor-element elementor-element-51b4571 elementor-widget elementor-widget-spacer\" data-id=\"51b4571\" data-element_type=\"widget\" data-e-type=\"widget\" data-widget_type=\"spacer.default\">\n\t\t\t\t<div class=\"elementor-widget-container\">\n\t\t\t\t\t\t\t<div class=\"elementor-spacer\">\n\t\t\t<div class=\"elementor-spacer-inner\"><\/div>\n\t\t<\/div>\n\t\t\t\t\t\t<\/div>\n\t\t\t\t<\/div>\n\t\t\t\t\t<\/div>\n\t\t<\/div>\n\t\t\t\t<div class=\"elementor-column elementor-col-50 elementor-top-column elementor-element elementor-element-07f3528\" data-id=\"07f3528\" data-element_type=\"column\" data-e-type=\"column\" data-settings=\"{&quot;background_background&quot;:&quot;classic&quot;}\">\n\t\t\t<div class=\"elementor-widget-wrap elementor-element-populated\">\n\t\t\t\t\t\t<div class=\"elementor-element elementor-element-2b32b5a elementor-widget elementor-widget-heading\" data-id=\"2b32b5a\" data-element_type=\"widget\" data-e-type=\"widget\" data-widget_type=\"heading.default\">\n\t\t\t\t<div class=\"elementor-widget-container\">\n\t\t\t\t\t<h1 class=\"elementor-heading-title elementor-size-medium\">Point Info de la Route Charlemagne<\/h1>\t\t\t\t<\/div>\n\t\t\t\t<\/div>\n\t\t\t\t<div class=\"elementor-element elementor-element-e9dd340 elementor-widget elementor-widget-text-editor\" data-id=\"e9dd340\" data-element_type=\"widget\" data-e-type=\"widget\" data-widget_type=\"text-editor.default\">\n\t\t\t\t<div class=\"elementor-widget-container\">\n\t\t\t\t\t\t\t\t\t<p>Le Centre Charlemagne, le nouveau mus\u00e9e de la ville d\u2019Aix-la-Chapelle situ\u00e9 place du Katschhof entre l\u2019h\u00f4tel de ville et la cath\u00e9drale, est le point d\u2019accueil central des visiteurs de la Route Charlemagne. Vous y trouverez toutes les informations concernant les sites de la Route Charlemagne.<\/p>\t\t\t\t\t\t\t\t<\/div>\n\t\t\t\t<\/div>\n\t\t\t\t\t<\/div>\n\t\t<\/div>\n\t\t\t\t\t<\/div>\n\t\t<\/section>\n\t\t\t\t<section class=\"elementor-section elementor-top-section elementor-element elementor-element-99d2fb6 elementor-section-boxed elementor-section-height-default elementor-section-height-default\" data-id=\"99d2fb6\" data-element_type=\"section\" data-e-type=\"section\">\n\t\t\t\t\t\t<div class=\"elementor-container elementor-column-gap-default\">\n\t\t\t\t\t<div class=\"elementor-column elementor-col-50 elementor-top-column elementor-element elementor-element-65fedb6\" data-id=\"65fedb6\" data-element_type=\"column\" data-e-type=\"column\">\n\t\t\t<div class=\"elementor-widget-wrap elementor-element-populated\">\n\t\t\t\t\t\t<div class=\"elementor-element elementor-element-dd4406e elementor-widget elementor-widget-heading\" data-id=\"dd4406e\" data-element_type=\"widget\" data-e-type=\"widget\" data-widget_type=\"heading.default\">\n\t\t\t\t<div class=\"elementor-widget-container\">\n\t\t\t\t\t<h1 class=\"elementor-heading-title elementor-size-default\">Charlemagne et Aix-la-Chapelle:<br>\nL\u2019histoire mais aussi les histoires<\/h1>\t\t\t\t<\/div>\n\t\t\t\t<\/div>\n\t\t\t\t<div class=\"elementor-element elementor-element-8ac45a7 elementor-widget elementor-widget-text-editor\" data-id=\"8ac45a7\" data-element_type=\"widget\" data-e-type=\"widget\" data-widget_type=\"text-editor.default\">\n\t\t\t\t<div class=\"elementor-widget-container\">\n\t\t\t\t\t\t\t\t\t<h2>D\u00e9couvrir Aix-la-Chapelle<\/h2><p>La Route Charlemagne conduit \u00e0 un h\u00e9ritage culturel exceptionnel d\u2019Aix-la-Chapelle : le palais de Charlemagne, au sein de la ville vieille. Au centre de cette Route on trouve sur la place du \u00ab Katschhof \u00bb,\u00a0 le Centre Charlemagne, qui reviens l\u2019histoire de Charlemagne mais aussi celle d\u2019Aix-la-Chapelle. Il se situe entre les deux \u00e9difices les plus importants de la ville : la cath\u00e9drale et l\u2019H\u00f4tel de ville.<\/p><h2>Des th\u00e8mes qui relient notre pr\u00e9sent \u00e0 l\u2019\u00e9poque de Charlemagne<\/h2><p>Les autres stations de la Route Charlemagne sont des lieux pr\u00e9\u00e9minents du centre ville d\u2019Aix-la-Chapelle. Ils sont consacr\u00e9s \u00e0 des th\u00e8mes qui relient notre pr\u00e9sent \u00e0 l\u2019\u00e9poque de Charlemagne : Histoire, Science, Pouvoir, Religion, M\u00e9dias, Economie sans oublier, Europe.<\/p><h2>Les stations et les th\u00e8mes de la Route Charlemagne<\/h2><p>Le Centre Charlemagne, centre d\u2019accueil principal (Histoire), la cath\u00e9drale avec le Tr\u00e9sor de la Cath\u00e9drale et l\u2019Information de la Cath\u00e9drale (Religion), l\u2019H\u00f4tel de ville (Pouvoir), la \u00ab Grashaus \u00bb (Europe), le Mus\u00e9e International du Journal (Medias) et le moderne Super C de la RWTH (Science).<\/p><p>A cela viennent s\u2019ajouter des lieux compl\u00e9mentaires comme le Couven-Museum (mus\u00e9e Couven), l\u2019Elisenbrunnen (la fontaine d\u2019Elise) avec l\u2019Elisengarten (le jardin d\u2019Elise et\u00a0 la vitrine arch\u00e9ologique).<\/p>\t\t\t\t\t\t\t\t<\/div>\n\t\t\t\t<\/div>\n\t\t\t\t\t<\/div>\n\t\t<\/div>\n\t\t\t\t<div class=\"elementor-column elementor-col-50 elementor-top-column elementor-element elementor-element-1860585\" data-id=\"1860585\" data-element_type=\"column\" data-e-type=\"column\">\n\t\t\t<div class=\"elementor-widget-wrap elementor-element-populated\">\n\t\t\t\t\t\t<section class=\"elementor-section elementor-inner-section elementor-element elementor-element-ee9e354 elementor-section-boxed elementor-section-height-default elementor-section-height-default\" data-id=\"ee9e354\" data-element_type=\"section\" data-e-type=\"section\" data-settings=\"{&quot;background_background&quot;:&quot;classic&quot;}\">\n\t\t\t\t\t\t\t<div class=\"elementor-background-overlay\"><\/div>\n\t\t\t\t\t\t\t<div class=\"elementor-container elementor-column-gap-default\">\n\t\t\t\t\t<div class=\"elementor-column elementor-col-100 elementor-inner-column elementor-element elementor-element-aa218c1\" data-id=\"aa218c1\" data-element_type=\"column\" data-e-type=\"column\">\n\t\t\t<div class=\"elementor-widget-wrap elementor-element-populated\">\n\t\t\t\t\t\t<div class=\"elementor-element elementor-element-15c7aaa elementor-widget elementor-widget-text-editor\" data-id=\"15c7aaa\" data-element_type=\"widget\" data-e-type=\"widget\" data-widget_type=\"text-editor.default\">\n\t\t\t\t<div class=\"elementor-widget-container\">\n\t\t\t\t\t\t\t\t\t<p style=\"text-align: center;\"><span>&gt;<\/span>DOWNLOAD (PDF)<\/p>\t\t\t\t\t\t\t\t<\/div>\n\t\t\t\t<\/div>\n\t\t\t\t<div class=\"elementor-element elementor-element-d01976d elementor-widget elementor-widget-image\" data-id=\"d01976d\" data-element_type=\"widget\" data-e-type=\"widget\" data-widget_type=\"image.default\">\n\t\t\t\t<div class=\"elementor-widget-container\">\n\t\t\t\t\t\t\t\t\t\t\t\t\t\t\t<img decoding=\"async\" width=\"125\" height=\"216\" src=\"https:\/\/route-charlemagne.eu\/wp-content\/uploads\/2023\/02\/flyer_rc.jpg\" class=\"attachment-large size-large wp-image-2639\" alt=\"\" title=\"\" data-content=\"\" \/>\t\t\t\t\t\t\t\t\t\t\t\t\t\t\t<\/div>\n\t\t\t\t<\/div>\n\t\t\t\t\t<\/div>\n\t\t<\/div>\n\t\t\t\t\t<\/div>\n\t\t<\/section>\n\t\t\t\t\t<\/div>\n\t\t<\/div>\n\t\t\t\t\t<\/div>\n\t\t<\/section>\n\t\t\t\t<\/div>\n\t\t","protected":false},"excerpt":{"rendered":"<p>Point Info de la Route Charlemagne Le Centre Charlemagne, le nouveau mus\u00e9e de la ville d\u2019Aix-la-Chapelle situ\u00e9 place du Katschhof entre l\u2019h\u00f4tel de ville et la cath\u00e9drale, est le point d\u2019accueil central des visiteurs de la Route Charlemagne. Vous y trouverez toutes les informations concernant les sites de la Route Charlemagne. Charlemagne et Aix-la-Chapelle: L\u2019histoire [&hellip;]<\/p>\n","protected":false},"author":2,"featured_media":0,"parent":0,"menu_order":0,"comment_status":"closed","ping_status":"closed","template":"","meta":{"inline_featured_image":false,"_lmt_disableupdate":"","_lmt_disable":"","footnotes":""},"class_list":["post-2458","page","type-page","status-publish","hentry"],"yoast_head":"<!-- This site is optimized with the Yoast SEO plugin v27.2 - https:\/\/yoast.com\/product\/yoast-seo-wordpress\/ -->\n<title>Infostelle - Route Charlemagne<\/title>\n<meta name=\"robots\" content=\"index, follow, max-snippet:-1, max-image-preview:large, max-video-preview:-1\" \/>\n<link rel=\"canonical\" href=\"https:\/\/route-charlemagne.eu\/fr\/infostelle\/\" \/>\n<meta property=\"og:locale\" content=\"fr_FR\" \/>\n<meta property=\"og:type\" content=\"article\" \/>\n<meta property=\"og:title\" content=\"Infostelle - Route Charlemagne\" \/>\n<meta property=\"og:description\" content=\"Point Info de la Route Charlemagne Le Centre Charlemagne, le nouveau mus\u00e9e de la ville d\u2019Aix-la-Chapelle situ\u00e9 place du Katschhof entre l\u2019h\u00f4tel de ville et la cath\u00e9drale, est le point d\u2019accueil central des visiteurs de la Route Charlemagne. Vous y trouverez toutes les informations concernant les sites de la Route Charlemagne. Charlemagne et Aix-la-Chapelle: L\u2019histoire [&hellip;]\" \/>\n<meta property=\"og:url\" content=\"https:\/\/route-charlemagne.eu\/fr\/infostelle\/\" \/>\n<meta property=\"og:site_name\" content=\"Route Charlemagne\" \/>\n<meta property=\"article:modified_time\" content=\"2023-02-21T14:01:11+00:00\" \/>\n<meta property=\"og:image\" content=\"http:\/\/route-charlemagne.eu\/wp-content\/uploads\/2023\/02\/flyer_rc.jpg\" \/>\n<meta name=\"twitter:card\" content=\"summary_large_image\" \/>\n<meta name=\"twitter:label1\" content=\"Est. reading time\" \/>\n\t<meta name=\"twitter:data1\" content=\"2 minutes\" \/>\n<script type=\"application\/ld+json\" class=\"yoast-schema-graph\">{\"@context\":\"https:\/\/schema.org\",\"@graph\":[{\"@type\":\"WebPage\",\"@id\":\"https:\/\/route-charlemagne.eu\/fr\/infostelle\/\",\"url\":\"https:\/\/route-charlemagne.eu\/fr\/infostelle\/\",\"name\":\"Infostelle - Route Charlemagne\",\"isPartOf\":{\"@id\":\"https:\/\/route-charlemagne.eu\/#website\"},\"primaryImageOfPage\":{\"@id\":\"https:\/\/route-charlemagne.eu\/fr\/infostelle\/#primaryimage\"},\"image\":{\"@id\":\"https:\/\/route-charlemagne.eu\/fr\/infostelle\/#primaryimage\"},\"thumbnailUrl\":\"http:\/\/route-charlemagne.eu\/wp-content\/uploads\/2023\/02\/flyer_rc.jpg\",\"datePublished\":\"2023-01-26T08:05:11+00:00\",\"dateModified\":\"2023-02-21T14:01:11+00:00\",\"breadcrumb\":{\"@id\":\"https:\/\/route-charlemagne.eu\/fr\/infostelle\/#breadcrumb\"},\"inLanguage\":\"fr-FR\",\"potentialAction\":[{\"@type\":\"ReadAction\",\"target\":[\"https:\/\/route-charlemagne.eu\/fr\/infostelle\/\"]}]},{\"@type\":\"ImageObject\",\"inLanguage\":\"fr-FR\",\"@id\":\"https:\/\/route-charlemagne.eu\/fr\/infostelle\/#primaryimage\",\"url\":\"http:\/\/route-charlemagne.eu\/wp-content\/uploads\/2023\/02\/flyer_rc.jpg\",\"contentUrl\":\"http:\/\/route-charlemagne.eu\/wp-content\/uploads\/2023\/02\/flyer_rc.jpg\"},{\"@type\":\"BreadcrumbList\",\"@id\":\"https:\/\/route-charlemagne.eu\/fr\/infostelle\/#breadcrumb\",\"itemListElement\":[{\"@type\":\"ListItem\",\"position\":1,\"name\":\"Start\",\"item\":\"https:\/\/route-charlemagne.eu\/fr\/\"},{\"@type\":\"ListItem\",\"position\":2,\"name\":\"Infostelle\"}]},{\"@type\":\"WebSite\",\"@id\":\"https:\/\/route-charlemagne.eu\/#website\",\"url\":\"https:\/\/route-charlemagne.eu\/\",\"name\":\"Route Charlemagne\",\"description\":\"Aachen\",\"potentialAction\":[{\"@type\":\"SearchAction\",\"target\":{\"@type\":\"EntryPoint\",\"urlTemplate\":\"https:\/\/route-charlemagne.eu\/?s={search_term_string}\"},\"query-input\":{\"@type\":\"PropertyValueSpecification\",\"valueRequired\":true,\"valueName\":\"search_term_string\"}}],\"inLanguage\":\"fr-FR\"}]}<\/script>\n<!-- \/ Yoast SEO plugin. -->","yoast_head_json":{"title":"Infostelle - Route Charlemagne","robots":{"index":"index","follow":"follow","max-snippet":"max-snippet:-1","max-image-preview":"max-image-preview:large","max-video-preview":"max-video-preview:-1"},"canonical":"https:\/\/route-charlemagne.eu\/fr\/infostelle\/","og_locale":"fr_FR","og_type":"article","og_title":"Infostelle - Route Charlemagne","og_description":"Point Info de la Route Charlemagne Le Centre Charlemagne, le nouveau mus\u00e9e de la ville d\u2019Aix-la-Chapelle situ\u00e9 place du Katschhof entre l\u2019h\u00f4tel de ville et la cath\u00e9drale, est le point d\u2019accueil central des visiteurs de la Route Charlemagne. Vous y trouverez toutes les informations concernant les sites de la Route Charlemagne. Charlemagne et Aix-la-Chapelle: L\u2019histoire [&hellip;]","og_url":"https:\/\/route-charlemagne.eu\/fr\/infostelle\/","og_site_name":"Route Charlemagne","article_modified_time":"2023-02-21T14:01:11+00:00","og_image":[{"url":"http:\/\/route-charlemagne.eu\/wp-content\/uploads\/2023\/02\/flyer_rc.jpg","type":"","width":"","height":""}],"twitter_card":"summary_large_image","twitter_misc":{"Est. reading time":"2 minutes"},"schema":{"@context":"https:\/\/schema.org","@graph":[{"@type":"WebPage","@id":"https:\/\/route-charlemagne.eu\/fr\/infostelle\/","url":"https:\/\/route-charlemagne.eu\/fr\/infostelle\/","name":"Infostelle - Route Charlemagne","isPartOf":{"@id":"https:\/\/route-charlemagne.eu\/#website"},"primaryImageOfPage":{"@id":"https:\/\/route-charlemagne.eu\/fr\/infostelle\/#primaryimage"},"image":{"@id":"https:\/\/route-charlemagne.eu\/fr\/infostelle\/#primaryimage"},"thumbnailUrl":"http:\/\/route-charlemagne.eu\/wp-content\/uploads\/2023\/02\/flyer_rc.jpg","datePublished":"2023-01-26T08:05:11+00:00","dateModified":"2023-02-21T14:01:11+00:00","breadcrumb":{"@id":"https:\/\/route-charlemagne.eu\/fr\/infostelle\/#breadcrumb"},"inLanguage":"fr-FR","potentialAction":[{"@type":"ReadAction","target":["https:\/\/route-charlemagne.eu\/fr\/infostelle\/"]}]},{"@type":"ImageObject","inLanguage":"fr-FR","@id":"https:\/\/route-charlemagne.eu\/fr\/infostelle\/#primaryimage","url":"http:\/\/route-charlemagne.eu\/wp-content\/uploads\/2023\/02\/flyer_rc.jpg","contentUrl":"http:\/\/route-charlemagne.eu\/wp-content\/uploads\/2023\/02\/flyer_rc.jpg"},{"@type":"BreadcrumbList","@id":"https:\/\/route-charlemagne.eu\/fr\/infostelle\/#breadcrumb","itemListElement":[{"@type":"ListItem","position":1,"name":"Start","item":"https:\/\/route-charlemagne.eu\/fr\/"},{"@type":"ListItem","position":2,"name":"Infostelle"}]},{"@type":"WebSite","@id":"https:\/\/route-charlemagne.eu\/#website","url":"https:\/\/route-charlemagne.eu\/","name":"Route Charlemagne","description":"Aachen","potentialAction":[{"@type":"SearchAction","target":{"@type":"EntryPoint","urlTemplate":"https:\/\/route-charlemagne.eu\/?s={search_term_string}"},"query-input":{"@type":"PropertyValueSpecification","valueRequired":true,"valueName":"search_term_string"}}],"inLanguage":"fr-FR"}]}},"_links":{"self":[{"href":"https:\/\/route-charlemagne.eu\/fr\/wp-json\/wp\/v2\/pages\/2458","targetHints":{"allow":["GET"]}}],"collection":[{"href":"https:\/\/route-charlemagne.eu\/fr\/wp-json\/wp\/v2\/pages"}],"about":[{"href":"https:\/\/route-charlemagne.eu\/fr\/wp-json\/wp\/v2\/types\/page"}],"author":[{"embeddable":true,"href":"https:\/\/route-charlemagne.eu\/fr\/wp-json\/wp\/v2\/users\/2"}],"replies":[{"embeddable":true,"href":"https:\/\/route-charlemagne.eu\/fr\/wp-json\/wp\/v2\/comments?post=2458"}],"version-history":[{"count":13,"href":"https:\/\/route-charlemagne.eu\/fr\/wp-json\/wp\/v2\/pages\/2458\/revisions"}],"predecessor-version":[{"id":2899,"href":"https:\/\/route-charlemagne.eu\/fr\/wp-json\/wp\/v2\/pages\/2458\/revisions\/2899"}],"wp:attachment":[{"href":"https:\/\/route-charlemagne.eu\/fr\/wp-json\/wp\/v2\/media?parent=2458"}],"curies":[{"name":"wp","href":"https:\/\/api.w.org\/{rel}","templated":true}]}}