{"id":2450,"date":"2023-01-26T09:06:16","date_gmt":"2023-01-26T08:06:16","guid":{"rendered":"https:\/\/route-charlemagne.comlounge.dev\/?page_id=2450"},"modified":"2023-02-21T14:56:21","modified_gmt":"2023-02-21T13:56:21","slug":"couven-museum","status":"publish","type":"page","link":"https:\/\/route-charlemagne.eu\/fr\/stationen\/couven-museum\/","title":{"rendered":"Couven-Museum"},"content":{"rendered":"\t\t<div data-elementor-type=\"wp-page\" data-elementor-id=\"2450\" class=\"elementor elementor-2450 elementor-21\" data-elementor-post-type=\"page\">\n\t\t\t\t\t\t<section class=\"elementor-section elementor-top-section elementor-element elementor-element-6c026a7 elementor-section-height-min-height elementor-section-items-stretch elementor-section-boxed elementor-section-height-default\" data-id=\"6c026a7\" data-element_type=\"section\" data-e-type=\"section\">\n\t\t\t\t\t\t<div class=\"elementor-container elementor-column-gap-no\">\n\t\t\t\t\t<div class=\"elementor-column elementor-col-50 elementor-top-column elementor-element elementor-element-26a3a5f\" data-id=\"26a3a5f\" data-element_type=\"column\" data-e-type=\"column\" data-settings=\"{&quot;background_background&quot;:&quot;classic&quot;}\">\n\t\t\t<div class=\"elementor-widget-wrap elementor-element-populated\">\n\t\t\t\t\t\t<div class=\"elementor-element elementor-element-fbdc9c6 elementor-widget elementor-widget-spacer\" data-id=\"fbdc9c6\" data-element_type=\"widget\" data-e-type=\"widget\" data-widget_type=\"spacer.default\">\n\t\t\t\t<div class=\"elementor-widget-container\">\n\t\t\t\t\t\t\t<div class=\"elementor-spacer\">\n\t\t\t<div class=\"elementor-spacer-inner\"><\/div>\n\t\t<\/div>\n\t\t\t\t\t\t<\/div>\n\t\t\t\t<\/div>\n\t\t\t\t\t<\/div>\n\t\t<\/div>\n\t\t\t\t<div class=\"elementor-column elementor-col-50 elementor-top-column elementor-element elementor-element-cd1ccb3\" data-id=\"cd1ccb3\" data-element_type=\"column\" data-e-type=\"column\" data-settings=\"{&quot;background_background&quot;:&quot;classic&quot;}\">\n\t\t\t<div class=\"elementor-widget-wrap elementor-element-populated\">\n\t\t\t\t\t\t<div class=\"elementor-element elementor-element-2146294 elementor-widget elementor-widget-heading\" data-id=\"2146294\" data-element_type=\"widget\" data-e-type=\"widget\" data-widget_type=\"heading.default\">\n\t\t\t\t<div class=\"elementor-widget-container\">\n\t\t\t\t\t<h1 class=\"elementor-heading-title elementor-size-medium\">Station Art de l'habitat<br>\nCouven Museum<\/h1>\t\t\t\t<\/div>\n\t\t\t\t<\/div>\n\t\t\t\t<div class=\"elementor-element elementor-element-79a22c1 elementor-widget elementor-widget-text-editor\" data-id=\"79a22c1\" data-element_type=\"widget\" data-e-type=\"widget\" data-widget_type=\"text-editor.default\">\n\t\t\t\t<div class=\"elementor-widget-container\">\n\t\t\t\t\t\t\t\t\t<div id=\"DE8_12856561\" class=\"DE\"><p>Le Mus\u00e9e Couven permet d\u2019entrevoir la r\u00e9alit\u00e9 quotidienne bourgeoise et sa culture apr\u00e8s l\u2019incendie de 1656. Il pr\u00e9sente des pi\u00e8ces de vie mais aussi des objets usuels du XVII\u00e8me au XIX\u00e8me si\u00e8cle et compl\u00e8te ainsi les stations \u00ab Histoire \u00bb et \u00ab L&#8217;art de l&#8217;habitate \u00bb de la Route Charlemagne.<\/p><p><a href=\"https:\/\/www.couven-museum.de\" target=\"_blank\" rel=\"noopener\">Plus<\/a><\/p><\/div>\t\t\t\t\t\t\t\t<\/div>\n\t\t\t\t<\/div>\n\t\t\t\t<div class=\"elementor-element elementor-element-b9b4d14 elementor-position-left elementor-vertical-align-top elementor-widget elementor-widget-image-box\" data-id=\"b9b4d14\" data-element_type=\"widget\" data-e-type=\"widget\" data-widget_type=\"image-box.default\">\n\t\t\t\t<div class=\"elementor-widget-container\">\n\t\t\t\t\t<div class=\"elementor-image-box-wrapper\"><figure class=\"elementor-image-box-img\"><a href=\"\/stationen\/zeitungsmuseum\" tabindex=\"-1\"><img decoding=\"async\" width=\"25\" height=\"27\" src=\"https:\/\/route-charlemagne.eu\/wp-content\/uploads\/2023\/02\/rc-icon.png\" class=\"attachment-full size-full wp-image-1858\" alt=\"\" title=\"\" data-content=\"\" \/><\/a><\/figure><div class=\"elementor-image-box-content\"><h3 class=\"elementor-image-box-title\"><a href=\"\/stationen\/zeitungsmuseum\">\u00c1 la prochaine station<\/a><\/h3><\/div><\/div>\t\t\t\t<\/div>\n\t\t\t\t<\/div>\n\t\t\t\t\t<\/div>\n\t\t<\/div>\n\t\t\t\t\t<\/div>\n\t\t<\/section>\n\t\t\t\t<section class=\"elementor-section elementor-top-section elementor-element elementor-element-11fe274 elementor-section-boxed elementor-section-height-default elementor-section-height-default\" data-id=\"11fe274\" data-element_type=\"section\" data-e-type=\"section\">\n\t\t\t\t\t\t<div class=\"elementor-container elementor-column-gap-default\">\n\t\t\t\t\t<div class=\"elementor-column elementor-col-50 elementor-top-column elementor-element elementor-element-3d67abb\" data-id=\"3d67abb\" data-element_type=\"column\" data-e-type=\"column\">\n\t\t\t<div class=\"elementor-widget-wrap elementor-element-populated\">\n\t\t\t\t\t\t<div class=\"elementor-element elementor-element-cacfe74 elementor-widget elementor-widget-heading\" data-id=\"cacfe74\" data-element_type=\"widget\" data-e-type=\"widget\" data-widget_type=\"heading.default\">\n\t\t\t\t<div class=\"elementor-widget-container\">\n\t\t\t\t\t<h1 class=\"elementor-heading-title elementor-size-default\">Mus\u00e9e Couven: Une maison du XVIIIe si\u00e8cle<\/h1>\t\t\t\t<\/div>\n\t\t\t\t<\/div>\n\t\t\t\t<div class=\"elementor-element elementor-element-4c899ce elementor-widget elementor-widget-text-editor\" data-id=\"4c899ce\" data-element_type=\"widget\" data-e-type=\"widget\" data-widget_type=\"text-editor.default\">\n\t\t\t\t<div class=\"elementor-widget-container\">\n\t\t\t\t\t\t\t\t\t<div id=\"DE7_12414516\" class=\"content DE\"><div id=\"DE7_12414674\" class=\"content DE\"><p>Le mus\u00e9e se situe \u00e0 la place qu\u2019occupait au Moyen-\u00e2ge la balance municipale sur le \u00ab H\u00fchnermarkt\u00a0\u00bb (march\u00e9 aux volailles) d\u2019Aix-la-Chapelle. La maison fut b\u00e2tie en 1662, seulement six ans apr\u00e8s le terrible incendie et fut tout d\u2019abord une pharmacie. En 1786, l\u2019architecte Jacob Couven la transforma dans un style baroque. Le Mus\u00e9e Couven est l\u2019exemple typique d\u2019une maison de cette \u00e9poque.<\/p><p>Depuis 1958, on peut y admirer une collection de meubles anciens. Les pi\u00e8ces refl\u00e8tent le style d\u2019ameublement bourgeois passant du rococo au style classique, puis du style empire jusqu\u2019au Biedermeier. \u00ab La pharmacie Adler \u00bb qui date du temps de la construction de la maison est \u00e0 ne pas manquer. R\u00e9guli\u00e8rement, le mus\u00e9e propose des expositions temporaires culturelles et sur l\u2019histoire de l\u2019art.<\/p><\/div><\/div>\t\t\t\t\t\t\t\t<\/div>\n\t\t\t\t<\/div>\n\t\t\t\t<div class=\"elementor-element elementor-element-ea60c0c gallery-spacing-custom elementor-widget elementor-widget-image-gallery\" data-id=\"ea60c0c\" data-element_type=\"widget\" data-e-type=\"widget\" data-widget_type=\"image-gallery.default\">\n\t\t\t\t<div class=\"elementor-widget-container\">\n\t\t\t\t\t\t\t<div class=\"elementor-image-gallery\">\n\t\t\t\n\t\t<style type=\"text\/css\">\n\t\t\t#gallery-1 {\n\t\t\t\tmargin: auto;\n\t\t\t}\n\t\t\t#gallery-1 .gallery-item {\n\t\t\t\tfloat: left;\n\t\t\t\tmargin-top: 10px;\n\t\t\t\ttext-align: center;\n\t\t\t\twidth: 33%;\n\t\t\t}\n\t\t\t#gallery-1 img {\n\t\t\t\tborder: 2px solid #cfcfcf;\n\t\t\t}\n\t\t\t#gallery-1 .gallery-caption {\n\t\t\t\tmargin-left: 0;\n\t\t\t}\n\t\t\t\/* see gallery_shortcode() in wp-includes\/media.php *\/\n\t\t<\/style>\n\t\t<div id='gallery-1' class='gallery galleryid-2450 gallery-columns-3 gallery-size-thumbnail'><dl class='gallery-item'>\n\t\t\t<dt class='gallery-icon landscape'>\n\t\t\t\t<a data-elementor-open-lightbox=\"yes\" data-elementor-lightbox-slideshow=\"ea60c0c\" data-elementor-lightbox-title=\"Couven-Museum1_c_Peter_Hinschlaeger\" data-e-action-hash=\"#elementor-action%3Aaction%3Dlightbox%26settings%3DeyJpZCI6MTk5MCwidXJsIjoiaHR0cHM6XC9cL3JvdXRlLWNoYXJsZW1hZ25lLmV1XC93cC1jb250ZW50XC91cGxvYWRzXC8yMDIzXC8wMlwvQ291dmVuLU11c2V1bTFfY19QZXRlcl9IaW5zY2hsYWVnZXIuanBnIiwic2xpZGVzaG93IjoiZWE2MGMwYyJ9\" href='https:\/\/route-charlemagne.eu\/wp-content\/uploads\/2023\/02\/Couven-Museum1_c_Peter_Hinschlaeger.jpg'><img width=\"150\" height=\"150\" src=\"https:\/\/route-charlemagne.eu\/wp-content\/uploads\/2023\/02\/Couven-Museum1_c_Peter_Hinschlaeger-150x150.jpg\" class=\"attachment-thumbnail size-thumbnail\" alt=\"\" decoding=\"async\" title=\"\" data-content=\"\" \/><\/a>\n\t\t\t<\/dt><\/dl><dl class='gallery-item'>\n\t\t\t<dt class='gallery-icon landscape'>\n\t\t\t\t<a data-elementor-open-lightbox=\"yes\" data-elementor-lightbox-slideshow=\"ea60c0c\" data-elementor-lightbox-title=\"Couven-Museum2_c_Peter_Hinschlaeger\" data-e-action-hash=\"#elementor-action%3Aaction%3Dlightbox%26settings%3DeyJpZCI6MTk5MywidXJsIjoiaHR0cHM6XC9cL3JvdXRlLWNoYXJsZW1hZ25lLmV1XC93cC1jb250ZW50XC91cGxvYWRzXC8yMDIzXC8wMlwvQ291dmVuLU11c2V1bTJfY19QZXRlcl9IaW5zY2hsYWVnZXIuanBnIiwic2xpZGVzaG93IjoiZWE2MGMwYyJ9\" href='https:\/\/route-charlemagne.eu\/wp-content\/uploads\/2023\/02\/Couven-Museum2_c_Peter_Hinschlaeger.jpg'><img width=\"150\" height=\"150\" src=\"https:\/\/route-charlemagne.eu\/wp-content\/uploads\/2023\/02\/Couven-Museum2_c_Peter_Hinschlaeger-150x150.jpg\" class=\"attachment-thumbnail size-thumbnail\" alt=\"\" decoding=\"async\" title=\"\" data-content=\"\" \/><\/a>\n\t\t\t<\/dt><\/dl><dl class='gallery-item'>\n\t\t\t<dt class='gallery-icon landscape'>\n\t\t\t\t<a data-elementor-open-lightbox=\"yes\" data-elementor-lightbox-slideshow=\"ea60c0c\" data-elementor-lightbox-title=\"Couven-Museum3_c_Peter_Hinschlaeger\" data-e-action-hash=\"#elementor-action%3Aaction%3Dlightbox%26settings%3DeyJpZCI6MTk5NiwidXJsIjoiaHR0cHM6XC9cL3JvdXRlLWNoYXJsZW1hZ25lLmV1XC93cC1jb250ZW50XC91cGxvYWRzXC8yMDIzXC8wMlwvQ291dmVuLU11c2V1bTNfY19QZXRlcl9IaW5zY2hsYWVnZXIuanBnIiwic2xpZGVzaG93IjoiZWE2MGMwYyJ9\" href='https:\/\/route-charlemagne.eu\/wp-content\/uploads\/2023\/02\/Couven-Museum3_c_Peter_Hinschlaeger.jpg'><img loading=\"lazy\" width=\"150\" height=\"150\" src=\"https:\/\/route-charlemagne.eu\/wp-content\/uploads\/2023\/02\/Couven-Museum3_c_Peter_Hinschlaeger-150x150.jpg\" class=\"attachment-thumbnail size-thumbnail\" alt=\"\" decoding=\"async\" title=\"\" data-content=\"\" \/><\/a>\n\t\t\t<\/dt><\/dl><br style=\"clear: both\" \/><dl class='gallery-item'>\n\t\t\t<dt class='gallery-icon landscape'>\n\t\t\t\t<a data-elementor-open-lightbox=\"yes\" data-elementor-lightbox-slideshow=\"ea60c0c\" data-elementor-lightbox-title=\"Couven-Museum4_c_Peter_Hinschlaeger(1)\" data-e-action-hash=\"#elementor-action%3Aaction%3Dlightbox%26settings%3DeyJpZCI6MTk5OSwidXJsIjoiaHR0cHM6XC9cL3JvdXRlLWNoYXJsZW1hZ25lLmV1XC93cC1jb250ZW50XC91cGxvYWRzXC8yMDIzXC8wMlwvQ291dmVuLU11c2V1bTRfY19QZXRlcl9IaW5zY2hsYWVnZXIxLmpwZyIsInNsaWRlc2hvdyI6ImVhNjBjMGMifQ%3D%3D\" href='https:\/\/route-charlemagne.eu\/wp-content\/uploads\/2023\/02\/Couven-Museum4_c_Peter_Hinschlaeger1.jpg'><img loading=\"lazy\" width=\"150\" height=\"150\" src=\"https:\/\/route-charlemagne.eu\/wp-content\/uploads\/2023\/02\/Couven-Museum4_c_Peter_Hinschlaeger1-150x150.jpg\" class=\"attachment-thumbnail size-thumbnail\" alt=\"\" decoding=\"async\" title=\"\" data-content=\"\" \/><\/a>\n\t\t\t<\/dt><\/dl><dl class='gallery-item'>\n\t\t\t<dt class='gallery-icon landscape'>\n\t\t\t\t<a data-elementor-open-lightbox=\"yes\" data-elementor-lightbox-slideshow=\"ea60c0c\" data-elementor-lightbox-title=\"Couven-Museum5_c_Peter_Hinschlaeger\" data-e-action-hash=\"#elementor-action%3Aaction%3Dlightbox%26settings%3DeyJpZCI6MjAwMiwidXJsIjoiaHR0cHM6XC9cL3JvdXRlLWNoYXJsZW1hZ25lLmV1XC93cC1jb250ZW50XC91cGxvYWRzXC8yMDIzXC8wMlwvQ291dmVuLU11c2V1bTVfY19QZXRlcl9IaW5zY2hsYWVnZXIuanBnIiwic2xpZGVzaG93IjoiZWE2MGMwYyJ9\" href='https:\/\/route-charlemagne.eu\/wp-content\/uploads\/2023\/02\/Couven-Museum5_c_Peter_Hinschlaeger.jpg'><img loading=\"lazy\" width=\"150\" height=\"150\" src=\"https:\/\/route-charlemagne.eu\/wp-content\/uploads\/2023\/02\/Couven-Museum5_c_Peter_Hinschlaeger-150x150.jpg\" class=\"attachment-thumbnail size-thumbnail\" alt=\"\" decoding=\"async\" title=\"\" data-content=\"\" \/><\/a>\n\t\t\t<\/dt><\/dl><dl class='gallery-item'>\n\t\t\t<dt class='gallery-icon landscape'>\n\t\t\t\t<a data-elementor-open-lightbox=\"yes\" data-elementor-lightbox-slideshow=\"ea60c0c\" data-elementor-lightbox-title=\"Couven-Museum6_c_Peter_Hinschlaeger\" data-e-action-hash=\"#elementor-action%3Aaction%3Dlightbox%26settings%3DeyJpZCI6MjAwNSwidXJsIjoiaHR0cHM6XC9cL3JvdXRlLWNoYXJsZW1hZ25lLmV1XC93cC1jb250ZW50XC91cGxvYWRzXC8yMDIzXC8wMlwvQ291dmVuLU11c2V1bTZfY19QZXRlcl9IaW5zY2hsYWVnZXIuanBnIiwic2xpZGVzaG93IjoiZWE2MGMwYyJ9\" href='https:\/\/route-charlemagne.eu\/wp-content\/uploads\/2023\/02\/Couven-Museum6_c_Peter_Hinschlaeger.jpg'><img loading=\"lazy\" width=\"150\" height=\"150\" src=\"https:\/\/route-charlemagne.eu\/wp-content\/uploads\/2023\/02\/Couven-Museum6_c_Peter_Hinschlaeger-150x150.jpg\" class=\"attachment-thumbnail size-thumbnail\" alt=\"\" decoding=\"async\" title=\"\" data-content=\"\" \/><\/a>\n\t\t\t<\/dt><\/dl><br style=\"clear: both\" \/><dl class='gallery-item'>\n\t\t\t<dt class='gallery-icon landscape'>\n\t\t\t\t<a data-elementor-open-lightbox=\"yes\" data-elementor-lightbox-slideshow=\"ea60c0c\" data-elementor-lightbox-title=\"Couven-Museum7_c_Peter_Hinschlaeger\" data-e-action-hash=\"#elementor-action%3Aaction%3Dlightbox%26settings%3DeyJpZCI6MjAwOCwidXJsIjoiaHR0cHM6XC9cL3JvdXRlLWNoYXJsZW1hZ25lLmV1XC93cC1jb250ZW50XC91cGxvYWRzXC8yMDIzXC8wMlwvQ291dmVuLU11c2V1bTdfY19QZXRlcl9IaW5zY2hsYWVnZXIuanBnIiwic2xpZGVzaG93IjoiZWE2MGMwYyJ9\" href='https:\/\/route-charlemagne.eu\/wp-content\/uploads\/2023\/02\/Couven-Museum7_c_Peter_Hinschlaeger.jpg'><img loading=\"lazy\" width=\"150\" height=\"150\" src=\"https:\/\/route-charlemagne.eu\/wp-content\/uploads\/2023\/02\/Couven-Museum7_c_Peter_Hinschlaeger-150x150.jpg\" class=\"attachment-thumbnail size-thumbnail\" alt=\"\" decoding=\"async\" title=\"\" data-content=\"\" \/><\/a>\n\t\t\t<\/dt><\/dl><dl class='gallery-item'>\n\t\t\t<dt class='gallery-icon landscape'>\n\t\t\t\t<a data-elementor-open-lightbox=\"yes\" data-elementor-lightbox-slideshow=\"ea60c0c\" data-elementor-lightbox-title=\"Couven-Museum8_c_Peter_Hinschlaeger\" data-e-action-hash=\"#elementor-action%3Aaction%3Dlightbox%26settings%3DeyJpZCI6MjAxMSwidXJsIjoiaHR0cHM6XC9cL3JvdXRlLWNoYXJsZW1hZ25lLmV1XC93cC1jb250ZW50XC91cGxvYWRzXC8yMDIzXC8wMlwvQ291dmVuLU11c2V1bThfY19QZXRlcl9IaW5zY2hsYWVnZXIuanBnIiwic2xpZGVzaG93IjoiZWE2MGMwYyJ9\" href='https:\/\/route-charlemagne.eu\/wp-content\/uploads\/2023\/02\/Couven-Museum8_c_Peter_Hinschlaeger.jpg'><img loading=\"lazy\" width=\"150\" height=\"150\" src=\"https:\/\/route-charlemagne.eu\/wp-content\/uploads\/2023\/02\/Couven-Museum8_c_Peter_Hinschlaeger-150x150.jpg\" class=\"attachment-thumbnail size-thumbnail\" alt=\"\" decoding=\"async\" title=\"\" data-content=\"\" \/><\/a>\n\t\t\t<\/dt><\/dl>\n\t\t\t<br style='clear: both' \/>\n\t\t<\/div>\n\t\t<\/div>\n\t\t\t\t\t\t<\/div>\n\t\t\t\t<\/div>\n\t\t\t\t\t<\/div>\n\t\t<\/div>\n\t\t\t\t<div class=\"elementor-column elementor-col-50 elementor-top-column elementor-element elementor-element-6bcacca\" data-id=\"6bcacca\" data-element_type=\"column\" data-e-type=\"column\">\n\t\t\t<div class=\"elementor-widget-wrap\">\n\t\t\t\t\t\t\t<\/div>\n\t\t<\/div>\n\t\t\t\t\t<\/div>\n\t\t<\/section>\n\t\t\t\t<\/div>\n\t\t","protected":false},"excerpt":{"rendered":"<p>Station Art de l&#8217;habitat Couven Museum Le Mus\u00e9e Couven permet d\u2019entrevoir la r\u00e9alit\u00e9 quotidienne bourgeoise et sa culture apr\u00e8s l\u2019incendie de 1656. Il pr\u00e9sente des pi\u00e8ces de vie mais aussi des objets usuels du XVII\u00e8me au XIX\u00e8me si\u00e8cle et compl\u00e8te ainsi les stations \u00ab Histoire \u00bb et \u00ab L&#8217;art de l&#8217;habitate \u00bb de la Route [&hellip;]<\/p>\n","protected":false},"author":2,"featured_media":0,"parent":2389,"menu_order":0,"comment_status":"closed","ping_status":"closed","template":"","meta":{"inline_featured_image":false,"_lmt_disableupdate":"","_lmt_disable":"","footnotes":""},"class_list":["post-2450","page","type-page","status-publish","hentry"],"yoast_head":"<!-- This site is optimized with the Yoast SEO plugin v27.2 - https:\/\/yoast.com\/product\/yoast-seo-wordpress\/ -->\n<title>Couven-Museum - Route Charlemagne<\/title>\n<meta name=\"robots\" content=\"index, follow, max-snippet:-1, max-image-preview:large, max-video-preview:-1\" \/>\n<link rel=\"canonical\" href=\"https:\/\/route-charlemagne.eu\/fr\/stationen\/couven-museum\/\" \/>\n<meta property=\"og:locale\" content=\"fr_FR\" \/>\n<meta property=\"og:type\" content=\"article\" \/>\n<meta property=\"og:title\" content=\"Couven-Museum - Route Charlemagne\" \/>\n<meta property=\"og:description\" content=\"Station Art de l&#8217;habitat Couven Museum Le Mus\u00e9e Couven permet d\u2019entrevoir la r\u00e9alit\u00e9 quotidienne bourgeoise et sa culture apr\u00e8s l\u2019incendie de 1656. Il pr\u00e9sente des pi\u00e8ces de vie mais aussi des objets usuels du XVII\u00e8me au XIX\u00e8me si\u00e8cle et compl\u00e8te ainsi les stations \u00ab Histoire \u00bb et \u00ab L&#8217;art de l&#8217;habitate \u00bb de la Route [&hellip;]\" \/>\n<meta property=\"og:url\" content=\"https:\/\/route-charlemagne.eu\/fr\/stationen\/couven-museum\/\" \/>\n<meta property=\"og:site_name\" content=\"Route Charlemagne\" \/>\n<meta property=\"article:modified_time\" content=\"2023-02-21T13:56:21+00:00\" \/>\n<meta property=\"og:image\" content=\"http:\/\/route-charlemagne.eu\/wp-content\/uploads\/2023\/02\/rc-icon.png\" \/>\n<meta name=\"twitter:card\" content=\"summary_large_image\" \/>\n<meta name=\"twitter:label1\" content=\"Est. reading time\" \/>\n\t<meta name=\"twitter:data1\" content=\"3 minutes\" \/>\n<script type=\"application\/ld+json\" class=\"yoast-schema-graph\">{\"@context\":\"https:\/\/schema.org\",\"@graph\":[{\"@type\":\"WebPage\",\"@id\":\"https:\/\/route-charlemagne.eu\/fr\/stationen\/couven-museum\/\",\"url\":\"https:\/\/route-charlemagne.eu\/fr\/stationen\/couven-museum\/\",\"name\":\"Couven-Museum - Route Charlemagne\",\"isPartOf\":{\"@id\":\"https:\/\/route-charlemagne.eu\/#website\"},\"primaryImageOfPage\":{\"@id\":\"https:\/\/route-charlemagne.eu\/fr\/stationen\/couven-museum\/#primaryimage\"},\"image\":{\"@id\":\"https:\/\/route-charlemagne.eu\/fr\/stationen\/couven-museum\/#primaryimage\"},\"thumbnailUrl\":\"http:\/\/route-charlemagne.eu\/wp-content\/uploads\/2023\/02\/rc-icon.png\",\"datePublished\":\"2023-01-26T08:06:16+00:00\",\"dateModified\":\"2023-02-21T13:56:21+00:00\",\"breadcrumb\":{\"@id\":\"https:\/\/route-charlemagne.eu\/fr\/stationen\/couven-museum\/#breadcrumb\"},\"inLanguage\":\"fr-FR\",\"potentialAction\":[{\"@type\":\"ReadAction\",\"target\":[\"https:\/\/route-charlemagne.eu\/fr\/stationen\/couven-museum\/\"]}]},{\"@type\":\"ImageObject\",\"inLanguage\":\"fr-FR\",\"@id\":\"https:\/\/route-charlemagne.eu\/fr\/stationen\/couven-museum\/#primaryimage\",\"url\":\"http:\/\/route-charlemagne.eu\/wp-content\/uploads\/2023\/02\/rc-icon.png\",\"contentUrl\":\"http:\/\/route-charlemagne.eu\/wp-content\/uploads\/2023\/02\/rc-icon.png\"},{\"@type\":\"BreadcrumbList\",\"@id\":\"https:\/\/route-charlemagne.eu\/fr\/stationen\/couven-museum\/#breadcrumb\",\"itemListElement\":[{\"@type\":\"ListItem\",\"position\":1,\"name\":\"Start\",\"item\":\"https:\/\/route-charlemagne.eu\/fr\/\"},{\"@type\":\"ListItem\",\"position\":2,\"name\":\"Stationen\",\"item\":\"https:\/\/route-charlemagne.eu\/fr\/stationen\/\"},{\"@type\":\"ListItem\",\"position\":3,\"name\":\"Couven-Museum\"}]},{\"@type\":\"WebSite\",\"@id\":\"https:\/\/route-charlemagne.eu\/#website\",\"url\":\"https:\/\/route-charlemagne.eu\/\",\"name\":\"Route Charlemagne\",\"description\":\"Aachen\",\"potentialAction\":[{\"@type\":\"SearchAction\",\"target\":{\"@type\":\"EntryPoint\",\"urlTemplate\":\"https:\/\/route-charlemagne.eu\/?s={search_term_string}\"},\"query-input\":{\"@type\":\"PropertyValueSpecification\",\"valueRequired\":true,\"valueName\":\"search_term_string\"}}],\"inLanguage\":\"fr-FR\"}]}<\/script>\n<!-- \/ Yoast SEO plugin. -->","yoast_head_json":{"title":"Couven-Museum - Route Charlemagne","robots":{"index":"index","follow":"follow","max-snippet":"max-snippet:-1","max-image-preview":"max-image-preview:large","max-video-preview":"max-video-preview:-1"},"canonical":"https:\/\/route-charlemagne.eu\/fr\/stationen\/couven-museum\/","og_locale":"fr_FR","og_type":"article","og_title":"Couven-Museum - Route Charlemagne","og_description":"Station Art de l&#8217;habitat Couven Museum Le Mus\u00e9e Couven permet d\u2019entrevoir la r\u00e9alit\u00e9 quotidienne bourgeoise et sa culture apr\u00e8s l\u2019incendie de 1656. Il pr\u00e9sente des pi\u00e8ces de vie mais aussi des objets usuels du XVII\u00e8me au XIX\u00e8me si\u00e8cle et compl\u00e8te ainsi les stations \u00ab Histoire \u00bb et \u00ab L&#8217;art de l&#8217;habitate \u00bb de la Route [&hellip;]","og_url":"https:\/\/route-charlemagne.eu\/fr\/stationen\/couven-museum\/","og_site_name":"Route Charlemagne","article_modified_time":"2023-02-21T13:56:21+00:00","og_image":[{"url":"http:\/\/route-charlemagne.eu\/wp-content\/uploads\/2023\/02\/rc-icon.png","type":"","width":"","height":""}],"twitter_card":"summary_large_image","twitter_misc":{"Est. reading time":"3 minutes"},"schema":{"@context":"https:\/\/schema.org","@graph":[{"@type":"WebPage","@id":"https:\/\/route-charlemagne.eu\/fr\/stationen\/couven-museum\/","url":"https:\/\/route-charlemagne.eu\/fr\/stationen\/couven-museum\/","name":"Couven-Museum - Route Charlemagne","isPartOf":{"@id":"https:\/\/route-charlemagne.eu\/#website"},"primaryImageOfPage":{"@id":"https:\/\/route-charlemagne.eu\/fr\/stationen\/couven-museum\/#primaryimage"},"image":{"@id":"https:\/\/route-charlemagne.eu\/fr\/stationen\/couven-museum\/#primaryimage"},"thumbnailUrl":"http:\/\/route-charlemagne.eu\/wp-content\/uploads\/2023\/02\/rc-icon.png","datePublished":"2023-01-26T08:06:16+00:00","dateModified":"2023-02-21T13:56:21+00:00","breadcrumb":{"@id":"https:\/\/route-charlemagne.eu\/fr\/stationen\/couven-museum\/#breadcrumb"},"inLanguage":"fr-FR","potentialAction":[{"@type":"ReadAction","target":["https:\/\/route-charlemagne.eu\/fr\/stationen\/couven-museum\/"]}]},{"@type":"ImageObject","inLanguage":"fr-FR","@id":"https:\/\/route-charlemagne.eu\/fr\/stationen\/couven-museum\/#primaryimage","url":"http:\/\/route-charlemagne.eu\/wp-content\/uploads\/2023\/02\/rc-icon.png","contentUrl":"http:\/\/route-charlemagne.eu\/wp-content\/uploads\/2023\/02\/rc-icon.png"},{"@type":"BreadcrumbList","@id":"https:\/\/route-charlemagne.eu\/fr\/stationen\/couven-museum\/#breadcrumb","itemListElement":[{"@type":"ListItem","position":1,"name":"Start","item":"https:\/\/route-charlemagne.eu\/fr\/"},{"@type":"ListItem","position":2,"name":"Stationen","item":"https:\/\/route-charlemagne.eu\/fr\/stationen\/"},{"@type":"ListItem","position":3,"name":"Couven-Museum"}]},{"@type":"WebSite","@id":"https:\/\/route-charlemagne.eu\/#website","url":"https:\/\/route-charlemagne.eu\/","name":"Route Charlemagne","description":"Aachen","potentialAction":[{"@type":"SearchAction","target":{"@type":"EntryPoint","urlTemplate":"https:\/\/route-charlemagne.eu\/?s={search_term_string}"},"query-input":{"@type":"PropertyValueSpecification","valueRequired":true,"valueName":"search_term_string"}}],"inLanguage":"fr-FR"}]}},"_links":{"self":[{"href":"https:\/\/route-charlemagne.eu\/fr\/wp-json\/wp\/v2\/pages\/2450","targetHints":{"allow":["GET"]}}],"collection":[{"href":"https:\/\/route-charlemagne.eu\/fr\/wp-json\/wp\/v2\/pages"}],"about":[{"href":"https:\/\/route-charlemagne.eu\/fr\/wp-json\/wp\/v2\/types\/page"}],"author":[{"embeddable":true,"href":"https:\/\/route-charlemagne.eu\/fr\/wp-json\/wp\/v2\/users\/2"}],"replies":[{"embeddable":true,"href":"https:\/\/route-charlemagne.eu\/fr\/wp-json\/wp\/v2\/comments?post=2450"}],"version-history":[{"count":4,"href":"https:\/\/route-charlemagne.eu\/fr\/wp-json\/wp\/v2\/pages\/2450\/revisions"}],"predecessor-version":[{"id":2866,"href":"https:\/\/route-charlemagne.eu\/fr\/wp-json\/wp\/v2\/pages\/2450\/revisions\/2866"}],"up":[{"embeddable":true,"href":"https:\/\/route-charlemagne.eu\/fr\/wp-json\/wp\/v2\/pages\/2389"}],"wp:attachment":[{"href":"https:\/\/route-charlemagne.eu\/fr\/wp-json\/wp\/v2\/media?parent=2450"}],"curies":[{"name":"wp","href":"https:\/\/api.w.org\/{rel}","templated":true}]}}