{"id":2392,"date":"2023-01-26T09:06:03","date_gmt":"2023-01-26T08:06:03","guid":{"rendered":"https:\/\/route-charlemagne.comlounge.dev\/stationen\/zeitungsmuseum\/"},"modified":"2023-02-21T15:10:26","modified_gmt":"2023-02-21T14:10:26","slug":"zeitungsmuseum","status":"publish","type":"page","link":"https:\/\/route-charlemagne.eu\/fr\/stationen\/zeitungsmuseum\/","title":{"rendered":"Zeitungsmuseum"},"content":{"rendered":"\t\t<div data-elementor-type=\"wp-page\" data-elementor-id=\"2392\" class=\"elementor elementor-2392 elementor-2391\" data-elementor-post-type=\"page\">\n\t\t\t\t\t\t<section class=\"elementor-section elementor-top-section elementor-element elementor-element-6690a0b elementor-section-height-min-height elementor-section-items-stretch elementor-section-boxed elementor-section-height-default\" data-id=\"6690a0b\" data-element_type=\"section\" data-e-type=\"section\" data-settings=\"{&quot;background_background&quot;:&quot;classic&quot;}\">\n\t\t\t\t\t\t<div class=\"elementor-container elementor-column-gap-no\">\n\t\t\t\t\t<div class=\"elementor-column elementor-col-50 elementor-top-column elementor-element elementor-element-b219bc9\" data-id=\"b219bc9\" data-element_type=\"column\" data-e-type=\"column\" data-settings=\"{&quot;background_background&quot;:&quot;classic&quot;}\">\n\t\t\t<div class=\"elementor-widget-wrap elementor-element-populated\">\n\t\t\t\t\t\t<div class=\"elementor-element elementor-element-5b93311 elementor-widget elementor-widget-spacer\" data-id=\"5b93311\" data-element_type=\"widget\" data-e-type=\"widget\" data-widget_type=\"spacer.default\">\n\t\t\t\t<div class=\"elementor-widget-container\">\n\t\t\t\t\t\t\t<div class=\"elementor-spacer\">\n\t\t\t<div class=\"elementor-spacer-inner\"><\/div>\n\t\t<\/div>\n\t\t\t\t\t\t<\/div>\n\t\t\t\t<\/div>\n\t\t\t\t\t<\/div>\n\t\t<\/div>\n\t\t\t\t<div class=\"elementor-column elementor-col-50 elementor-top-column elementor-element elementor-element-f53e943\" data-id=\"f53e943\" data-element_type=\"column\" data-e-type=\"column\" data-settings=\"{&quot;background_background&quot;:&quot;classic&quot;}\">\n\t\t\t<div class=\"elementor-widget-wrap elementor-element-populated\">\n\t\t\t\t\t\t<div class=\"elementor-element elementor-element-4f88d9c elementor-widget elementor-widget-heading\" data-id=\"4f88d9c\" data-element_type=\"widget\" data-e-type=\"widget\" data-widget_type=\"heading.default\">\n\t\t\t\t<div class=\"elementor-widget-container\">\n\t\t\t\t\t<h1 class=\"elementor-heading-title elementor-size-medium\">Station M\u00e9dias<br>\nInternationales Zeitungsmuseum<\/h1>\t\t\t\t<\/div>\n\t\t\t\t<\/div>\n\t\t\t\t<div class=\"elementor-element elementor-element-7556619 elementor-widget elementor-widget-text-editor\" data-id=\"7556619\" data-element_type=\"widget\" data-e-type=\"widget\" data-widget_type=\"text-editor.default\">\n\t\t\t\t<div class=\"elementor-widget-container\">\n\t\t\t\t\t\t\t\t\t<p>Le Mus\u00e9e international du Journal est la station \u00abM\u00e9dias\u00bb de la Route Charlemagne.<\/p><p><a href=\"https:\/\/www.izm.de\" target=\"_blank\" rel=\"noopener\">Plus<\/a><\/p>\t\t\t\t\t\t\t\t<\/div>\n\t\t\t\t<\/div>\n\t\t\t\t<div class=\"elementor-element elementor-element-1407785 elementor-position-left elementor-vertical-align-top elementor-widget elementor-widget-image-box\" data-id=\"1407785\" data-element_type=\"widget\" data-e-type=\"widget\" data-widget_type=\"image-box.default\">\n\t\t\t\t<div class=\"elementor-widget-container\">\n\t\t\t\t\t<div class=\"elementor-image-box-wrapper\"><figure class=\"elementor-image-box-img\"><a href=\"\/stationen\/superc\/\" tabindex=\"-1\"><img decoding=\"async\" width=\"25\" height=\"27\" src=\"https:\/\/route-charlemagne.eu\/wp-content\/uploads\/2023\/02\/rc-icon.png\" class=\"attachment-full size-full wp-image-1858\" alt=\"\" title=\"\" data-content=\"\" \/><\/a><\/figure><div class=\"elementor-image-box-content\"><h3 class=\"elementor-image-box-title\"><a href=\"\/stationen\/superc\/\">\u00c1 la prochaine station<\/a><\/h3><\/div><\/div>\t\t\t\t<\/div>\n\t\t\t\t<\/div>\n\t\t\t\t\t<\/div>\n\t\t<\/div>\n\t\t\t\t\t<\/div>\n\t\t<\/section>\n\t\t\t\t<section class=\"elementor-section elementor-top-section elementor-element elementor-element-6e523bf elementor-section-boxed elementor-section-height-default elementor-section-height-default\" data-id=\"6e523bf\" data-element_type=\"section\" data-e-type=\"section\">\n\t\t\t\t\t\t<div class=\"elementor-container elementor-column-gap-default\">\n\t\t\t\t\t<div class=\"elementor-column elementor-col-50 elementor-top-column elementor-element elementor-element-75ba4f3\" data-id=\"75ba4f3\" data-element_type=\"column\" data-e-type=\"column\">\n\t\t\t<div class=\"elementor-widget-wrap elementor-element-populated\">\n\t\t\t\t\t\t<div class=\"elementor-element elementor-element-0583303 elementor-widget elementor-widget-heading\" data-id=\"0583303\" data-element_type=\"widget\" data-e-type=\"widget\" data-widget_type=\"heading.default\">\n\t\t\t\t<div class=\"elementor-widget-container\">\n\t\t\t\t\t<h1 class=\"elementor-heading-title elementor-size-default\">Mus\u00e9e International du Journal: De la minuscule caroline au pixel<\/h1>\t\t\t\t<\/div>\n\t\t\t\t<\/div>\n\t\t\t\t<div class=\"elementor-element elementor-element-b2e69f8 elementor-widget elementor-widget-text-editor\" data-id=\"b2e69f8\" data-element_type=\"widget\" data-e-type=\"widget\" data-widget_type=\"text-editor.default\">\n\t\t\t\t<div class=\"elementor-widget-container\">\n\t\t\t\t\t\t\t\t\t<p>Le Mus\u00e9e International du Journal se trouve dans ce b\u00e2timent depuis 1931. Le Mus\u00e9e a eu la chance de profiter de la collection du chercheur ind\u00e9pendant Oskar von Forckenbeck (1822-1898) qui rassembla au cours de ses nombreux voyages les premiers ou les derniers exemplaires de nombreux journaux internationaux. Font partie \u00e9galement de sa collection des feuillets victimes de la censure. Malgr\u00e9 son travail de pionnier pour la future science des m\u00e9dias, von Forckenbeck demeure un personnage peu connu. La collection du mus\u00e9e contient aujourd\u2019hui environ 200 000 journaux allant du XVII\u00e8me au XXI\u00e8me si\u00e8cle. C\u2019est une collection unique au monde qui peut \u00eatre consult\u00e9e en partie sous forme num\u00e9rique.<\/p><h2>Un mus\u00e9e multim\u00e9dia qui fait le lien entre l\u2019histoire du journal et les questions fondamentales sur notre soci\u00e9t\u00e9 ultra-m\u00e9diatis\u00e9e<\/h2><p>Le Mus\u00e9e du Journal est la station\u00a0\u00abM\u00e9dias\u00bb de la Route Charlemagne. Cette station \u00e9voque \u00e0 la fois les r\u00e9formes de Charlemagne en mati\u00e8re culturelle, notamment dans l\u2019\u00e9tablissement d\u2019une \u00e9criture unique et plus lisible. Ainsi les livres et les lettres de cette \u00e9poque pouvaient devenir de vrais m\u00e9dias, elle permettait une diffusion des informations et des savoirs \u00e0 travers tout l\u2019empire. L\u2019\u00e9criture unique de Charlemagne, \u00ab la minuscule caroline \u00bb, a travers\u00e9 le temps jusqu\u2019\u00e0 nos jours o\u00f9 elle est \u00e0 la base de notre lettre d\u2019imprimerie.<\/p><p>Le visiteur d\u00e9couvre un mus\u00e9e \u00ab multim\u00e9dia \u00bb qui fait le lien, de mani\u00e8re \u00e9tonnante, entre l\u2019histoire du journal et les questions fondamentales sur notre soci\u00e9t\u00e9 ultra-m\u00e9diatis\u00e9e. Il montre comment un \u00e9v\u00e8nement devient une information. Des journaux historiques pr\u00e9sentents comment, des feuillets du XVII\u00e8me, ont pu na\u00eetre les m\u00e9dias de masse. Des postes de radio et de t\u00e9l\u00e9vision prouvent la mont\u00e9e en puissance des m\u00e9dias \u00e9lectroniques. La culture de l\u2019utilisation des m\u00e9dias est mise en valeur mais aussi l\u2019histoire de la censure ainsi que celle des abus des m\u00e9dias. L\u2019exposition se termine par une r\u00e9flexion sur l\u2019avenir : quelle technologie m\u00e9diatique point \u00e0 l\u2019horizon? Notre culture et notre soci\u00e9t\u00e9 changeront-elles?<\/p><p>A l\u2019int\u00e9rieur du mus\u00e9e, on trouve \u00e9galement une salle de lecture avec les pi\u00e8ces les plus int\u00e9ressantes de la collection et de la vaste biblioth\u00e8que d\u2019histoire des m\u00e9dias. Il faut y ajouter des salles pour des expositions temporaires et diverses manifestations.<\/p>\t\t\t\t\t\t\t\t<\/div>\n\t\t\t\t<\/div>\n\t\t\t\t\t<\/div>\n\t\t<\/div>\n\t\t\t\t<div class=\"elementor-column elementor-col-50 elementor-top-column elementor-element elementor-element-3c47c7e\" data-id=\"3c47c7e\" data-element_type=\"column\" data-e-type=\"column\">\n\t\t\t<div class=\"elementor-widget-wrap\">\n\t\t\t\t\t\t\t<\/div>\n\t\t<\/div>\n\t\t\t\t\t<\/div>\n\t\t<\/section>\n\t\t\t\t<\/div>\n\t\t","protected":false},"excerpt":{"rendered":"<p>Station M\u00e9dias Internationales Zeitungsmuseum Le Mus\u00e9e international du Journal est la station \u00abM\u00e9dias\u00bb de la Route Charlemagne. Plus \u00c1 la prochaine station Mus\u00e9e International du Journal: De la minuscule caroline au pixel Le Mus\u00e9e International du Journal se trouve dans ce b\u00e2timent depuis 1931. Le Mus\u00e9e a eu la chance de profiter de la collection [&hellip;]<\/p>\n","protected":false},"author":2,"featured_media":0,"parent":2389,"menu_order":0,"comment_status":"closed","ping_status":"closed","template":"","meta":{"inline_featured_image":false,"_lmt_disableupdate":"","_lmt_disable":"","footnotes":""},"class_list":["post-2392","page","type-page","status-publish","hentry"],"yoast_head":"<!-- This site is optimized with the Yoast SEO plugin v27.2 - https:\/\/yoast.com\/product\/yoast-seo-wordpress\/ -->\n<title>Zeitungsmuseum - Route Charlemagne<\/title>\n<meta name=\"robots\" content=\"index, follow, max-snippet:-1, max-image-preview:large, max-video-preview:-1\" \/>\n<link rel=\"canonical\" href=\"https:\/\/route-charlemagne.eu\/fr\/stationen\/zeitungsmuseum\/\" \/>\n<meta property=\"og:locale\" content=\"fr_FR\" \/>\n<meta property=\"og:type\" content=\"article\" \/>\n<meta property=\"og:title\" content=\"Zeitungsmuseum - Route Charlemagne\" \/>\n<meta property=\"og:description\" content=\"Station M\u00e9dias Internationales Zeitungsmuseum Le Mus\u00e9e international du Journal est la station \u00abM\u00e9dias\u00bb de la Route Charlemagne. Plus \u00c1 la prochaine station Mus\u00e9e International du Journal: De la minuscule caroline au pixel Le Mus\u00e9e International du Journal se trouve dans ce b\u00e2timent depuis 1931. Le Mus\u00e9e a eu la chance de profiter de la collection [&hellip;]\" \/>\n<meta property=\"og:url\" content=\"https:\/\/route-charlemagne.eu\/fr\/stationen\/zeitungsmuseum\/\" \/>\n<meta property=\"og:site_name\" content=\"Route Charlemagne\" \/>\n<meta property=\"article:modified_time\" content=\"2023-02-21T14:10:26+00:00\" \/>\n<meta property=\"og:image\" content=\"http:\/\/route-charlemagne.eu\/wp-content\/uploads\/2023\/02\/rc-icon.png\" \/>\n<meta name=\"twitter:card\" content=\"summary_large_image\" \/>\n<meta name=\"twitter:label1\" content=\"Est. reading time\" \/>\n\t<meta name=\"twitter:data1\" content=\"3 minutes\" \/>\n<script type=\"application\/ld+json\" class=\"yoast-schema-graph\">{\"@context\":\"https:\/\/schema.org\",\"@graph\":[{\"@type\":\"WebPage\",\"@id\":\"https:\/\/route-charlemagne.eu\/fr\/stationen\/zeitungsmuseum\/\",\"url\":\"https:\/\/route-charlemagne.eu\/fr\/stationen\/zeitungsmuseum\/\",\"name\":\"Zeitungsmuseum - Route Charlemagne\",\"isPartOf\":{\"@id\":\"https:\/\/route-charlemagne.eu\/#website\"},\"primaryImageOfPage\":{\"@id\":\"https:\/\/route-charlemagne.eu\/fr\/stationen\/zeitungsmuseum\/#primaryimage\"},\"image\":{\"@id\":\"https:\/\/route-charlemagne.eu\/fr\/stationen\/zeitungsmuseum\/#primaryimage\"},\"thumbnailUrl\":\"http:\/\/route-charlemagne.eu\/wp-content\/uploads\/2023\/02\/rc-icon.png\",\"datePublished\":\"2023-01-26T08:06:03+00:00\",\"dateModified\":\"2023-02-21T14:10:26+00:00\",\"breadcrumb\":{\"@id\":\"https:\/\/route-charlemagne.eu\/fr\/stationen\/zeitungsmuseum\/#breadcrumb\"},\"inLanguage\":\"fr-FR\",\"potentialAction\":[{\"@type\":\"ReadAction\",\"target\":[\"https:\/\/route-charlemagne.eu\/fr\/stationen\/zeitungsmuseum\/\"]}]},{\"@type\":\"ImageObject\",\"inLanguage\":\"fr-FR\",\"@id\":\"https:\/\/route-charlemagne.eu\/fr\/stationen\/zeitungsmuseum\/#primaryimage\",\"url\":\"http:\/\/route-charlemagne.eu\/wp-content\/uploads\/2023\/02\/rc-icon.png\",\"contentUrl\":\"http:\/\/route-charlemagne.eu\/wp-content\/uploads\/2023\/02\/rc-icon.png\"},{\"@type\":\"BreadcrumbList\",\"@id\":\"https:\/\/route-charlemagne.eu\/fr\/stationen\/zeitungsmuseum\/#breadcrumb\",\"itemListElement\":[{\"@type\":\"ListItem\",\"position\":1,\"name\":\"Start\",\"item\":\"https:\/\/route-charlemagne.eu\/fr\/\"},{\"@type\":\"ListItem\",\"position\":2,\"name\":\"Stationen\",\"item\":\"https:\/\/route-charlemagne.eu\/fr\/stationen\/\"},{\"@type\":\"ListItem\",\"position\":3,\"name\":\"Zeitungsmuseum\"}]},{\"@type\":\"WebSite\",\"@id\":\"https:\/\/route-charlemagne.eu\/#website\",\"url\":\"https:\/\/route-charlemagne.eu\/\",\"name\":\"Route Charlemagne\",\"description\":\"Aachen\",\"potentialAction\":[{\"@type\":\"SearchAction\",\"target\":{\"@type\":\"EntryPoint\",\"urlTemplate\":\"https:\/\/route-charlemagne.eu\/?s={search_term_string}\"},\"query-input\":{\"@type\":\"PropertyValueSpecification\",\"valueRequired\":true,\"valueName\":\"search_term_string\"}}],\"inLanguage\":\"fr-FR\"}]}<\/script>\n<!-- \/ Yoast SEO plugin. -->","yoast_head_json":{"title":"Zeitungsmuseum - Route Charlemagne","robots":{"index":"index","follow":"follow","max-snippet":"max-snippet:-1","max-image-preview":"max-image-preview:large","max-video-preview":"max-video-preview:-1"},"canonical":"https:\/\/route-charlemagne.eu\/fr\/stationen\/zeitungsmuseum\/","og_locale":"fr_FR","og_type":"article","og_title":"Zeitungsmuseum - Route Charlemagne","og_description":"Station M\u00e9dias Internationales Zeitungsmuseum Le Mus\u00e9e international du Journal est la station \u00abM\u00e9dias\u00bb de la Route Charlemagne. Plus \u00c1 la prochaine station Mus\u00e9e International du Journal: De la minuscule caroline au pixel Le Mus\u00e9e International du Journal se trouve dans ce b\u00e2timent depuis 1931. Le Mus\u00e9e a eu la chance de profiter de la collection [&hellip;]","og_url":"https:\/\/route-charlemagne.eu\/fr\/stationen\/zeitungsmuseum\/","og_site_name":"Route Charlemagne","article_modified_time":"2023-02-21T14:10:26+00:00","og_image":[{"url":"http:\/\/route-charlemagne.eu\/wp-content\/uploads\/2023\/02\/rc-icon.png","type":"","width":"","height":""}],"twitter_card":"summary_large_image","twitter_misc":{"Est. reading time":"3 minutes"},"schema":{"@context":"https:\/\/schema.org","@graph":[{"@type":"WebPage","@id":"https:\/\/route-charlemagne.eu\/fr\/stationen\/zeitungsmuseum\/","url":"https:\/\/route-charlemagne.eu\/fr\/stationen\/zeitungsmuseum\/","name":"Zeitungsmuseum - Route Charlemagne","isPartOf":{"@id":"https:\/\/route-charlemagne.eu\/#website"},"primaryImageOfPage":{"@id":"https:\/\/route-charlemagne.eu\/fr\/stationen\/zeitungsmuseum\/#primaryimage"},"image":{"@id":"https:\/\/route-charlemagne.eu\/fr\/stationen\/zeitungsmuseum\/#primaryimage"},"thumbnailUrl":"http:\/\/route-charlemagne.eu\/wp-content\/uploads\/2023\/02\/rc-icon.png","datePublished":"2023-01-26T08:06:03+00:00","dateModified":"2023-02-21T14:10:26+00:00","breadcrumb":{"@id":"https:\/\/route-charlemagne.eu\/fr\/stationen\/zeitungsmuseum\/#breadcrumb"},"inLanguage":"fr-FR","potentialAction":[{"@type":"ReadAction","target":["https:\/\/route-charlemagne.eu\/fr\/stationen\/zeitungsmuseum\/"]}]},{"@type":"ImageObject","inLanguage":"fr-FR","@id":"https:\/\/route-charlemagne.eu\/fr\/stationen\/zeitungsmuseum\/#primaryimage","url":"http:\/\/route-charlemagne.eu\/wp-content\/uploads\/2023\/02\/rc-icon.png","contentUrl":"http:\/\/route-charlemagne.eu\/wp-content\/uploads\/2023\/02\/rc-icon.png"},{"@type":"BreadcrumbList","@id":"https:\/\/route-charlemagne.eu\/fr\/stationen\/zeitungsmuseum\/#breadcrumb","itemListElement":[{"@type":"ListItem","position":1,"name":"Start","item":"https:\/\/route-charlemagne.eu\/fr\/"},{"@type":"ListItem","position":2,"name":"Stationen","item":"https:\/\/route-charlemagne.eu\/fr\/stationen\/"},{"@type":"ListItem","position":3,"name":"Zeitungsmuseum"}]},{"@type":"WebSite","@id":"https:\/\/route-charlemagne.eu\/#website","url":"https:\/\/route-charlemagne.eu\/","name":"Route Charlemagne","description":"Aachen","potentialAction":[{"@type":"SearchAction","target":{"@type":"EntryPoint","urlTemplate":"https:\/\/route-charlemagne.eu\/?s={search_term_string}"},"query-input":{"@type":"PropertyValueSpecification","valueRequired":true,"valueName":"search_term_string"}}],"inLanguage":"fr-FR"}]}},"_links":{"self":[{"href":"https:\/\/route-charlemagne.eu\/fr\/wp-json\/wp\/v2\/pages\/2392","targetHints":{"allow":["GET"]}}],"collection":[{"href":"https:\/\/route-charlemagne.eu\/fr\/wp-json\/wp\/v2\/pages"}],"about":[{"href":"https:\/\/route-charlemagne.eu\/fr\/wp-json\/wp\/v2\/types\/page"}],"author":[{"embeddable":true,"href":"https:\/\/route-charlemagne.eu\/fr\/wp-json\/wp\/v2\/users\/2"}],"replies":[{"embeddable":true,"href":"https:\/\/route-charlemagne.eu\/fr\/wp-json\/wp\/v2\/comments?post=2392"}],"version-history":[{"count":18,"href":"https:\/\/route-charlemagne.eu\/fr\/wp-json\/wp\/v2\/pages\/2392\/revisions"}],"predecessor-version":[{"id":2933,"href":"https:\/\/route-charlemagne.eu\/fr\/wp-json\/wp\/v2\/pages\/2392\/revisions\/2933"}],"up":[{"embeddable":true,"href":"https:\/\/route-charlemagne.eu\/fr\/wp-json\/wp\/v2\/pages\/2389"}],"wp:attachment":[{"href":"https:\/\/route-charlemagne.eu\/fr\/wp-json\/wp\/v2\/media?parent=2392"}],"curies":[{"name":"wp","href":"https:\/\/api.w.org\/{rel}","templated":true}]}}