{"id":2279,"date":"2023-02-13T15:00:38","date_gmt":"2023-02-13T14:00:38","guid":{"rendered":"https:\/\/route-charlemagne.comlounge.dev\/grashaus\/"},"modified":"2023-04-24T12:27:28","modified_gmt":"2023-04-24T10:27:28","slug":"grashaus","status":"publish","type":"page","link":"https:\/\/route-charlemagne.eu\/fr\/stationen\/grashaus\/","title":{"rendered":"Grashaus"},"content":{"rendered":"\t\t<div data-elementor-type=\"wp-page\" data-elementor-id=\"2279\" class=\"elementor elementor-2279 elementor-2266\" data-elementor-post-type=\"page\">\n\t\t\t\t\t\t<section class=\"elementor-section elementor-top-section elementor-element elementor-element-87003be elementor-section-height-min-height elementor-section-items-stretch elementor-section-boxed elementor-section-height-default\" data-id=\"87003be\" data-element_type=\"section\" data-e-type=\"section\">\n\t\t\t\t\t\t<div class=\"elementor-container elementor-column-gap-no\">\n\t\t\t\t\t<div class=\"elementor-column elementor-col-50 elementor-top-column elementor-element elementor-element-49a0244\" data-id=\"49a0244\" data-element_type=\"column\" data-e-type=\"column\" data-settings=\"{&quot;background_background&quot;:&quot;classic&quot;}\">\n\t\t\t<div class=\"elementor-widget-wrap elementor-element-populated\">\n\t\t\t\t\t\t<div class=\"elementor-element elementor-element-3ea9a9e elementor-widget elementor-widget-spacer\" data-id=\"3ea9a9e\" data-element_type=\"widget\" data-e-type=\"widget\" data-widget_type=\"spacer.default\">\n\t\t\t\t<div class=\"elementor-widget-container\">\n\t\t\t\t\t\t\t<div class=\"elementor-spacer\">\n\t\t\t<div class=\"elementor-spacer-inner\"><\/div>\n\t\t<\/div>\n\t\t\t\t\t\t<\/div>\n\t\t\t\t<\/div>\n\t\t\t\t\t<\/div>\n\t\t<\/div>\n\t\t\t\t<div class=\"elementor-column elementor-col-50 elementor-top-column elementor-element elementor-element-3d8c429\" data-id=\"3d8c429\" data-element_type=\"column\" data-e-type=\"column\" data-settings=\"{&quot;background_background&quot;:&quot;classic&quot;}\">\n\t\t\t<div class=\"elementor-widget-wrap elementor-element-populated\">\n\t\t\t\t\t\t<div class=\"elementor-element elementor-element-9542bd2 elementor-widget elementor-widget-heading\" data-id=\"9542bd2\" data-element_type=\"widget\" data-e-type=\"widget\" data-widget_type=\"heading.default\">\n\t\t\t\t<div class=\"elementor-widget-container\">\n\t\t\t\t\t<h1 class=\"elementor-heading-title elementor-size-medium\">Station Europa<br>\nGrashaus<\/h1>\t\t\t\t<\/div>\n\t\t\t\t<\/div>\n\t\t\t\t<div class=\"elementor-element elementor-element-416b61d elementor-widget elementor-widget-text-editor\" data-id=\"416b61d\" data-element_type=\"widget\" data-e-type=\"widget\" data-widget_type=\"text-editor.default\">\n\t\t\t\t<div class=\"elementor-widget-container\">\n\t\t\t\t\t\t\t\t\t<div id=\"DE8_12826865\" class=\"DE\"><p>Das Grashaus entstand 1267 und diente bis 1349 als erstes Rathaus Aachens. Es dokumentiert den Willen der B\u00fcrger, die Geschicke ihrer Stadt selbst zu regeln. Im Rahmen der Route Charlemagne repr\u00e4sentiert das Haus das Thema \u201eEuropa\u201c und ist ein Ort des europ\u00e4ischen Lernens.<\/p><p><a href=\"http:\/\/www.grashaus-aachen.eu\" target=\"_blank\" rel=\"noopener\">Mehr<\/a><\/p><\/div>\t\t\t\t\t\t\t\t<\/div>\n\t\t\t\t<\/div>\n\t\t\t\t<div class=\"elementor-element elementor-element-226939e elementor-position-left elementor-vertical-align-top elementor-widget elementor-widget-image-box\" data-id=\"226939e\" data-element_type=\"widget\" data-e-type=\"widget\" data-widget_type=\"image-box.default\">\n\t\t\t\t<div class=\"elementor-widget-container\">\n\t\t\t\t\t<div class=\"elementor-image-box-wrapper\"><figure class=\"elementor-image-box-img\"><a href=\"\/stationen\/elisenbrunnen\" tabindex=\"-1\"><img decoding=\"async\" width=\"25\" height=\"27\" src=\"https:\/\/route-charlemagne.eu\/wp-content\/uploads\/2023\/02\/rc-icon.png\" class=\"attachment-full size-full wp-image-1858\" alt=\"\" title=\"\" data-content=\"\" \/><\/a><\/figure><div class=\"elementor-image-box-content\"><h3 class=\"elementor-image-box-title\"><a href=\"\/stationen\/elisenbrunnen\">Zur n\u00e4chsten Station<\/a><\/h3><\/div><\/div>\t\t\t\t<\/div>\n\t\t\t\t<\/div>\n\t\t\t\t\t<\/div>\n\t\t<\/div>\n\t\t\t\t\t<\/div>\n\t\t<\/section>\n\t\t\t\t<section class=\"elementor-section elementor-top-section elementor-element elementor-element-a31ce5e elementor-section-boxed elementor-section-height-default elementor-section-height-default\" data-id=\"a31ce5e\" data-element_type=\"section\" data-e-type=\"section\">\n\t\t\t\t\t\t<div class=\"elementor-container elementor-column-gap-default\">\n\t\t\t\t\t<div class=\"elementor-column elementor-col-50 elementor-top-column elementor-element elementor-element-73cf0d4\" data-id=\"73cf0d4\" data-element_type=\"column\" data-e-type=\"column\">\n\t\t\t<div class=\"elementor-widget-wrap elementor-element-populated\">\n\t\t\t\t\t\t<div class=\"elementor-element elementor-element-b47560c elementor-widget elementor-widget-heading\" data-id=\"b47560c\" data-element_type=\"widget\" data-e-type=\"widget\" data-widget_type=\"heading.default\">\n\t\t\t\t<div class=\"elementor-widget-container\">\n\t\t\t\t\t<h1 class=\"elementor-heading-title elementor-size-default\">Das Grashaus: Wellensittich trifft Europa<\/h1>\t\t\t\t<\/div>\n\t\t\t\t<\/div>\n\t\t\t\t<div class=\"elementor-element elementor-element-773f3b6 elementor-widget elementor-widget-text-editor\" data-id=\"773f3b6\" data-element_type=\"widget\" data-e-type=\"widget\" data-widget_type=\"text-editor.default\">\n\t\t\t\t<div class=\"elementor-widget-container\">\n\t\t\t\t\t\t\t\t\t<p>Das Grashaus am Fischmarkt ist die Station \u201eEuropa\u201c der Route Charlemagne und als solche vor allem ein au\u00dferschulischer Lernort. Im \u201eEurop\u00e4ischen Klassenzimmer\u201c wird das Thema \u201eEuropa\u201c in seinen historischen, aktuellen und zukunftsweisenden Dimensionen auf ungew\u00f6hnliche Weise vermittelt. Die Zielgruppe sind Sch\u00fcler ab Sekundarstufe 1 bis zur Oberstufe. Die jungen Menschen sind eingeladen, sich mit der Geschichte Europas zu besch\u00e4ftigen und die europ\u00e4ische Gegenwart und Zukunft gemeinsam zu diskutieren. Interessierte Gruppen au\u00dferhalb des schulischen Bereiches k\u00f6nnen sich ebenfalls mit den Inhalten des Grashauses besch\u00e4ftigen. Aber nur im Rahmen von gebuchten Workshops. Denn das Grashaus ist kein Museum. Wer das Geb\u00e4ude einfach so besichtigen m\u00f6chte, hat die M\u00f6glichkeit dazu im Rahmen von bauhistorischen F\u00fchrungen.<\/p>\n<h2>Europ\u00e4ischer geht\u2018s nicht<strong><br><\/strong><\/h2>\n<p>Unter dem \u201eEurop\u00e4ischen Klassenzimmer\u201c, im Erdgeschoss des Grashauses, sind EUROPE DIRECT und die Gesch\u00e4ftsstelle der Stiftung Internationaler Karlspreis untergebracht. EUROPE DIRECT tr\u00e4gt als Informationsb\u00fcro dazu bei, Europa und seine Institutionen f\u00fcr die allgemeine \u00d6ffentlichkeit transparenter zu machen, Europabewusstsein zu f\u00f6rdern und zur Mitwirkung bei der Gestaltung Europas anzuregen.<\/p>\n<p>Die Stiftung Internationaler Karlspreis zu Aachen ist ein Netzwerk von Pers\u00f6nlichkeiten, die den Karlspreis unterst\u00fctzen, dem Integrationsprozess in Europa neue Impulse geben und die B\u00fcrger ansprechen wollen, um diese verst\u00e4rkt in die Diskussion europ\u00e4ischer Fragen mit einzubeziehen.<\/p>\n<h2>Rathaus, Kerker, Stadtarchiv<\/h2>\n<p>Erbaut um 1260, war das Grashaus als erstes Aachener Rathaus sichtbares Zeichen f\u00fcr das Selbstbewusstsein der B\u00fcrger, die seit 1258 einen Stadtrat hatten. Nachdem im 14. Jahrhundert der Nachfolgebau am Markt errichtet war, wurde es als Gericht und Gef\u00e4ngnis genutzt. Vor allem schwere Vergehen, die mit dem Tod bestraft wurden, kamen hier zur Verhandlung. Zum Tode Verurteilte wurden im Hof \u00f6ffentlich enthauptet.<\/p>\n<p>Der Kerker war furchteinfl\u00f6\u00dfend. Im \u201eHansenloch\u201c etwa waren die Gefangenen an einen Steinblock gekettet. Toiletten gab es nicht. Ein Abwasserkanal, der durch die Zellen f\u00fchrte, erf\u00fcllte diesen Zweck. In der franz\u00f6sischen Besatzungszeit bem\u00e4ngelte ein Beamter, dass die Zellen dunkel, feucht und sehr ungesund seien. Mit dem Bau eines neuen Gef\u00e4ngnisses im Jahre 1806 wurde das Gef\u00e4ngnis im Grashaus schlie\u00dflich aufgegeben.<\/p>\n<p>Eine Zeitlang glaubte man, die Bezeichnung \u201eGrashaus\u201c sei \u2013 wegen der \u201egr\u00e4sslichen\u201c Umst\u00e4nde \u2013 auf das mittelhochdeutsche graz (w\u00fctend, rasend, zornig bzw. grazen = schreien) zur\u00fcckzuf\u00fchren. Vermutlich bezieht sich der Begriff aber auf die Gras bewachsene Fl\u00e4che, die das Geb\u00e4ude einst umgab. 1885 wurde der Umbau der Ruine zum Stadtarchiv beschlossen. Dabei blieb nur die Frontfassade im Original erhalten. Die Best\u00e4nde des Archivs wanderten 1890 in das Grashaus. Schmuckst\u00fcck des Archivs war der aufwendig bemalte und mit kostbaren Vitrinen ausgestattete Urkundensaal. Bereits Ende der 1920er Jahre galt das Stadtarchiv als \u00fcberf\u00fcllt. Die wachsende Zahl von Archivalien f\u00fchrte zu immer mehr Auslagerungen. Der Ruf nach einem Umzug des Archivs wurde schon damals laut. Aber erst im Jahre 2013 war es so weit: Das Archiv zog mit allen Best\u00e4nden in die ehemalige Nadelfabrik am Reichsweg um.<\/p>\n<p><em>Fotos: Andreas Herrmann \/ Pit Siebigs \/ Peter Hinschl\u00e4ger (oben)<\/em><\/p><br>\t\t\t\t\t\t\t\t<\/div>\n\t\t\t\t<\/div>\n\t\t\t\t<div class=\"elementor-element elementor-element-e9250c5 gallery-spacing-custom elementor-widget elementor-widget-image-gallery\" data-id=\"e9250c5\" data-element_type=\"widget\" data-e-type=\"widget\" data-widget_type=\"image-gallery.default\">\n\t\t\t\t<div class=\"elementor-widget-container\">\n\t\t\t\t\t\t\t<div class=\"elementor-image-gallery\">\n\t\t\t\n\t\t<style type=\"text\/css\">\n\t\t\t#gallery-1 {\n\t\t\t\tmargin: auto;\n\t\t\t}\n\t\t\t#gallery-1 .gallery-item {\n\t\t\t\tfloat: left;\n\t\t\t\tmargin-top: 10px;\n\t\t\t\ttext-align: center;\n\t\t\t\twidth: 33%;\n\t\t\t}\n\t\t\t#gallery-1 img {\n\t\t\t\tborder: 2px solid #cfcfcf;\n\t\t\t}\n\t\t\t#gallery-1 .gallery-caption {\n\t\t\t\tmargin-left: 0;\n\t\t\t}\n\t\t\t\/* see gallery_shortcode() in wp-includes\/media.php *\/\n\t\t<\/style>\n\t\t<div id='gallery-1' class='gallery galleryid-2279 gallery-columns-3 gallery-size-thumbnail'><dl class='gallery-item'>\n\t\t\t<dt class='gallery-icon portrait'>\n\t\t\t\t<a data-elementor-open-lightbox=\"yes\" data-elementor-lightbox-slideshow=\"e9250c5\" data-elementor-lightbox-title=\"grashaus_01_high\" data-e-action-hash=\"#elementor-action%3Aaction%3Dlightbox%26settings%3DeyJpZCI6MTk3OCwidXJsIjoiaHR0cHM6XC9cL3JvdXRlLWNoYXJsZW1hZ25lLmV1XC93cC1jb250ZW50XC91cGxvYWRzXC8yMDIzXC8wMlwvZ3Jhc2hhdXNfMDFfaGlnaC5qcGciLCJzbGlkZXNob3ciOiJlOTI1MGM1In0%3D\" href='https:\/\/route-charlemagne.eu\/wp-content\/uploads\/2023\/02\/grashaus_01_high.jpg'><img width=\"150\" height=\"150\" src=\"https:\/\/route-charlemagne.eu\/wp-content\/uploads\/2023\/02\/grashaus_01_high-150x150.jpg\" class=\"attachment-thumbnail size-thumbnail\" alt=\"\" decoding=\"async\" title=\"\" data-content=\"\" \/><\/a>\n\t\t\t<\/dt><\/dl><dl class='gallery-item'>\n\t\t\t<dt class='gallery-icon landscape'>\n\t\t\t\t<a data-elementor-open-lightbox=\"yes\" data-elementor-lightbox-slideshow=\"e9250c5\" data-elementor-lightbox-title=\"grashaus_02_high\" data-e-action-hash=\"#elementor-action%3Aaction%3Dlightbox%26settings%3DeyJpZCI6MTk4MSwidXJsIjoiaHR0cHM6XC9cL3JvdXRlLWNoYXJsZW1hZ25lLmV1XC93cC1jb250ZW50XC91cGxvYWRzXC8yMDIzXC8wMlwvZ3Jhc2hhdXNfMDJfaGlnaC5qcGciLCJzbGlkZXNob3ciOiJlOTI1MGM1In0%3D\" href='https:\/\/route-charlemagne.eu\/wp-content\/uploads\/2023\/02\/grashaus_02_high.jpg'><img width=\"150\" height=\"150\" src=\"https:\/\/route-charlemagne.eu\/wp-content\/uploads\/2023\/02\/grashaus_02_high-150x150.jpg\" class=\"attachment-thumbnail size-thumbnail\" alt=\"\" decoding=\"async\" title=\"\" data-content=\"\" \/><\/a>\n\t\t\t<\/dt><\/dl><dl class='gallery-item'>\n\t\t\t<dt class='gallery-icon landscape'>\n\t\t\t\t<a data-elementor-open-lightbox=\"yes\" data-elementor-lightbox-slideshow=\"e9250c5\" data-elementor-lightbox-title=\"grashaus_03_high\" data-e-action-hash=\"#elementor-action%3Aaction%3Dlightbox%26settings%3DeyJpZCI6MTk4NCwidXJsIjoiaHR0cHM6XC9cL3JvdXRlLWNoYXJsZW1hZ25lLmV1XC93cC1jb250ZW50XC91cGxvYWRzXC8yMDIzXC8wMlwvZ3Jhc2hhdXNfMDNfaGlnaC5qcGciLCJzbGlkZXNob3ciOiJlOTI1MGM1In0%3D\" href='https:\/\/route-charlemagne.eu\/wp-content\/uploads\/2023\/02\/grashaus_03_high.jpg'><img loading=\"lazy\" width=\"150\" height=\"150\" src=\"https:\/\/route-charlemagne.eu\/wp-content\/uploads\/2023\/02\/grashaus_03_high-150x150.jpg\" class=\"attachment-thumbnail size-thumbnail\" alt=\"\" decoding=\"async\" title=\"\" data-content=\"\" \/><\/a>\n\t\t\t<\/dt><\/dl><br style=\"clear: both\" \/>\n\t\t<\/div>\n\t\t<\/div>\n\t\t\t\t\t\t<\/div>\n\t\t\t\t<\/div>\n\t\t\t\t\t<\/div>\n\t\t<\/div>\n\t\t\t\t<div class=\"elementor-column elementor-col-50 elementor-top-column elementor-element elementor-element-a50bda7\" data-id=\"a50bda7\" data-element_type=\"column\" data-e-type=\"column\">\n\t\t\t<div class=\"elementor-widget-wrap\">\n\t\t\t\t\t\t\t<\/div>\n\t\t<\/div>\n\t\t\t\t\t<\/div>\n\t\t<\/section>\n\t\t\t\t<\/div>\n\t\t","protected":false},"excerpt":{"rendered":"<p>Station Europa Grashaus Das Grashaus entstand 1267 und diente bis 1349 als erstes Rathaus Aachens. Es dokumentiert den Willen der B\u00fcrger, die Geschicke ihrer Stadt selbst zu regeln. Im Rahmen der Route Charlemagne repr\u00e4sentiert das Haus das Thema \u201eEuropa\u201c und ist ein Ort des europ\u00e4ischen Lernens. Mehr Zur n\u00e4chsten Station Das Grashaus: Wellensittich trifft Europa [&hellip;]<\/p>\n","protected":false},"author":2,"featured_media":0,"parent":2389,"menu_order":0,"comment_status":"closed","ping_status":"closed","template":"","meta":{"inline_featured_image":false,"_lmt_disableupdate":"","_lmt_disable":"","footnotes":""},"class_list":["post-2279","page","type-page","status-publish","hentry"],"yoast_head":"<!-- This site is optimized with the Yoast SEO plugin v27.2 - https:\/\/yoast.com\/product\/yoast-seo-wordpress\/ -->\n<title>Grashaus - Route Charlemagne<\/title>\n<meta name=\"robots\" content=\"index, follow, max-snippet:-1, max-image-preview:large, max-video-preview:-1\" \/>\n<link rel=\"canonical\" href=\"https:\/\/route-charlemagne.eu\/fr\/stationen\/grashaus\/\" \/>\n<meta property=\"og:locale\" content=\"fr_FR\" \/>\n<meta property=\"og:type\" content=\"article\" \/>\n<meta property=\"og:title\" content=\"Grashaus - Route Charlemagne\" \/>\n<meta property=\"og:description\" content=\"Station Europa Grashaus Das Grashaus entstand 1267 und diente bis 1349 als erstes Rathaus Aachens. Es dokumentiert den Willen der B\u00fcrger, die Geschicke ihrer Stadt selbst zu regeln. Im Rahmen der Route Charlemagne repr\u00e4sentiert das Haus das Thema \u201eEuropa\u201c und ist ein Ort des europ\u00e4ischen Lernens. Mehr Zur n\u00e4chsten Station Das Grashaus: Wellensittich trifft Europa [&hellip;]\" \/>\n<meta property=\"og:url\" content=\"https:\/\/route-charlemagne.eu\/fr\/stationen\/grashaus\/\" \/>\n<meta property=\"og:site_name\" content=\"Route Charlemagne\" \/>\n<meta property=\"article:modified_time\" content=\"2023-04-24T10:27:28+00:00\" \/>\n<meta property=\"og:image\" content=\"http:\/\/route-charlemagne.eu\/wp-content\/uploads\/2023\/02\/rc-icon.png\" \/>\n<meta name=\"twitter:card\" content=\"summary_large_image\" \/>\n<meta name=\"twitter:label1\" content=\"Est. reading time\" \/>\n\t<meta name=\"twitter:data1\" content=\"3 minutes\" \/>\n<script type=\"application\/ld+json\" class=\"yoast-schema-graph\">{\"@context\":\"https:\/\/schema.org\",\"@graph\":[{\"@type\":\"WebPage\",\"@id\":\"https:\/\/route-charlemagne.eu\/fr\/stationen\/grashaus\/\",\"url\":\"https:\/\/route-charlemagne.eu\/fr\/stationen\/grashaus\/\",\"name\":\"Grashaus - Route Charlemagne\",\"isPartOf\":{\"@id\":\"https:\/\/route-charlemagne.eu\/#website\"},\"primaryImageOfPage\":{\"@id\":\"https:\/\/route-charlemagne.eu\/fr\/stationen\/grashaus\/#primaryimage\"},\"image\":{\"@id\":\"https:\/\/route-charlemagne.eu\/fr\/stationen\/grashaus\/#primaryimage\"},\"thumbnailUrl\":\"http:\/\/route-charlemagne.eu\/wp-content\/uploads\/2023\/02\/rc-icon.png\",\"datePublished\":\"2023-02-13T14:00:38+00:00\",\"dateModified\":\"2023-04-24T10:27:28+00:00\",\"breadcrumb\":{\"@id\":\"https:\/\/route-charlemagne.eu\/fr\/stationen\/grashaus\/#breadcrumb\"},\"inLanguage\":\"fr-FR\",\"potentialAction\":[{\"@type\":\"ReadAction\",\"target\":[\"https:\/\/route-charlemagne.eu\/fr\/stationen\/grashaus\/\"]}]},{\"@type\":\"ImageObject\",\"inLanguage\":\"fr-FR\",\"@id\":\"https:\/\/route-charlemagne.eu\/fr\/stationen\/grashaus\/#primaryimage\",\"url\":\"http:\/\/route-charlemagne.eu\/wp-content\/uploads\/2023\/02\/rc-icon.png\",\"contentUrl\":\"http:\/\/route-charlemagne.eu\/wp-content\/uploads\/2023\/02\/rc-icon.png\"},{\"@type\":\"BreadcrumbList\",\"@id\":\"https:\/\/route-charlemagne.eu\/fr\/stationen\/grashaus\/#breadcrumb\",\"itemListElement\":[{\"@type\":\"ListItem\",\"position\":1,\"name\":\"Start\",\"item\":\"https:\/\/route-charlemagne.eu\/fr\/\"},{\"@type\":\"ListItem\",\"position\":2,\"name\":\"Stationen\",\"item\":\"https:\/\/route-charlemagne.eu\/fr\/stationen\/\"},{\"@type\":\"ListItem\",\"position\":3,\"name\":\"Grashaus\"}]},{\"@type\":\"WebSite\",\"@id\":\"https:\/\/route-charlemagne.eu\/#website\",\"url\":\"https:\/\/route-charlemagne.eu\/\",\"name\":\"Route Charlemagne\",\"description\":\"Aachen\",\"potentialAction\":[{\"@type\":\"SearchAction\",\"target\":{\"@type\":\"EntryPoint\",\"urlTemplate\":\"https:\/\/route-charlemagne.eu\/?s={search_term_string}\"},\"query-input\":{\"@type\":\"PropertyValueSpecification\",\"valueRequired\":true,\"valueName\":\"search_term_string\"}}],\"inLanguage\":\"fr-FR\"}]}<\/script>\n<!-- \/ Yoast SEO plugin. -->","yoast_head_json":{"title":"Grashaus - Route Charlemagne","robots":{"index":"index","follow":"follow","max-snippet":"max-snippet:-1","max-image-preview":"max-image-preview:large","max-video-preview":"max-video-preview:-1"},"canonical":"https:\/\/route-charlemagne.eu\/fr\/stationen\/grashaus\/","og_locale":"fr_FR","og_type":"article","og_title":"Grashaus - Route Charlemagne","og_description":"Station Europa Grashaus Das Grashaus entstand 1267 und diente bis 1349 als erstes Rathaus Aachens. Es dokumentiert den Willen der B\u00fcrger, die Geschicke ihrer Stadt selbst zu regeln. Im Rahmen der Route Charlemagne repr\u00e4sentiert das Haus das Thema \u201eEuropa\u201c und ist ein Ort des europ\u00e4ischen Lernens. Mehr Zur n\u00e4chsten Station Das Grashaus: Wellensittich trifft Europa [&hellip;]","og_url":"https:\/\/route-charlemagne.eu\/fr\/stationen\/grashaus\/","og_site_name":"Route Charlemagne","article_modified_time":"2023-04-24T10:27:28+00:00","og_image":[{"url":"http:\/\/route-charlemagne.eu\/wp-content\/uploads\/2023\/02\/rc-icon.png","type":"","width":"","height":""}],"twitter_card":"summary_large_image","twitter_misc":{"Est. reading time":"3 minutes"},"schema":{"@context":"https:\/\/schema.org","@graph":[{"@type":"WebPage","@id":"https:\/\/route-charlemagne.eu\/fr\/stationen\/grashaus\/","url":"https:\/\/route-charlemagne.eu\/fr\/stationen\/grashaus\/","name":"Grashaus - Route Charlemagne","isPartOf":{"@id":"https:\/\/route-charlemagne.eu\/#website"},"primaryImageOfPage":{"@id":"https:\/\/route-charlemagne.eu\/fr\/stationen\/grashaus\/#primaryimage"},"image":{"@id":"https:\/\/route-charlemagne.eu\/fr\/stationen\/grashaus\/#primaryimage"},"thumbnailUrl":"http:\/\/route-charlemagne.eu\/wp-content\/uploads\/2023\/02\/rc-icon.png","datePublished":"2023-02-13T14:00:38+00:00","dateModified":"2023-04-24T10:27:28+00:00","breadcrumb":{"@id":"https:\/\/route-charlemagne.eu\/fr\/stationen\/grashaus\/#breadcrumb"},"inLanguage":"fr-FR","potentialAction":[{"@type":"ReadAction","target":["https:\/\/route-charlemagne.eu\/fr\/stationen\/grashaus\/"]}]},{"@type":"ImageObject","inLanguage":"fr-FR","@id":"https:\/\/route-charlemagne.eu\/fr\/stationen\/grashaus\/#primaryimage","url":"http:\/\/route-charlemagne.eu\/wp-content\/uploads\/2023\/02\/rc-icon.png","contentUrl":"http:\/\/route-charlemagne.eu\/wp-content\/uploads\/2023\/02\/rc-icon.png"},{"@type":"BreadcrumbList","@id":"https:\/\/route-charlemagne.eu\/fr\/stationen\/grashaus\/#breadcrumb","itemListElement":[{"@type":"ListItem","position":1,"name":"Start","item":"https:\/\/route-charlemagne.eu\/fr\/"},{"@type":"ListItem","position":2,"name":"Stationen","item":"https:\/\/route-charlemagne.eu\/fr\/stationen\/"},{"@type":"ListItem","position":3,"name":"Grashaus"}]},{"@type":"WebSite","@id":"https:\/\/route-charlemagne.eu\/#website","url":"https:\/\/route-charlemagne.eu\/","name":"Route Charlemagne","description":"Aachen","potentialAction":[{"@type":"SearchAction","target":{"@type":"EntryPoint","urlTemplate":"https:\/\/route-charlemagne.eu\/?s={search_term_string}"},"query-input":{"@type":"PropertyValueSpecification","valueRequired":true,"valueName":"search_term_string"}}],"inLanguage":"fr-FR"}]}},"_links":{"self":[{"href":"https:\/\/route-charlemagne.eu\/fr\/wp-json\/wp\/v2\/pages\/2279","targetHints":{"allow":["GET"]}}],"collection":[{"href":"https:\/\/route-charlemagne.eu\/fr\/wp-json\/wp\/v2\/pages"}],"about":[{"href":"https:\/\/route-charlemagne.eu\/fr\/wp-json\/wp\/v2\/types\/page"}],"author":[{"embeddable":true,"href":"https:\/\/route-charlemagne.eu\/fr\/wp-json\/wp\/v2\/users\/2"}],"replies":[{"embeddable":true,"href":"https:\/\/route-charlemagne.eu\/fr\/wp-json\/wp\/v2\/comments?post=2279"}],"version-history":[{"count":6,"href":"https:\/\/route-charlemagne.eu\/fr\/wp-json\/wp\/v2\/pages\/2279\/revisions"}],"predecessor-version":[{"id":3043,"href":"https:\/\/route-charlemagne.eu\/fr\/wp-json\/wp\/v2\/pages\/2279\/revisions\/3043"}],"up":[{"embeddable":true,"href":"https:\/\/route-charlemagne.eu\/fr\/wp-json\/wp\/v2\/pages\/2389"}],"wp:attachment":[{"href":"https:\/\/route-charlemagne.eu\/fr\/wp-json\/wp\/v2\/media?parent=2279"}],"curies":[{"name":"wp","href":"https:\/\/api.w.org\/{rel}","templated":true}]}}