{"id":2244,"date":"2023-01-26T09:05:03","date_gmt":"2023-01-26T08:05:03","guid":{"rendered":"https:\/\/route-charlemagne.comlounge.dev\/?page_id=2244"},"modified":"2023-02-21T15:03:58","modified_gmt":"2023-02-21T14:03:58","slug":"charlemagne-fr","status":"publish","type":"page","link":"https:\/\/route-charlemagne.eu\/fr\/charlemagne-fr\/","title":{"rendered":"Charlemagne"},"content":{"rendered":"\t\t<div data-elementor-type=\"wp-page\" data-elementor-id=\"2244\" class=\"elementor elementor-2244 elementor-8\" data-elementor-post-type=\"page\">\n\t\t\t\t\t\t<section class=\"elementor-section elementor-top-section elementor-element elementor-element-5ae3048 elementor-section-height-min-height elementor-section-items-stretch elementor-section-boxed elementor-section-height-default\" data-id=\"5ae3048\" data-element_type=\"section\" data-e-type=\"section\">\n\t\t\t\t\t\t<div class=\"elementor-container elementor-column-gap-no\">\n\t\t\t\t\t<div class=\"elementor-column elementor-col-50 elementor-top-column elementor-element elementor-element-d4973de\" data-id=\"d4973de\" data-element_type=\"column\" data-e-type=\"column\" data-settings=\"{&quot;background_background&quot;:&quot;classic&quot;}\">\n\t\t\t<div class=\"elementor-widget-wrap elementor-element-populated\">\n\t\t\t\t\t\t<div class=\"elementor-element elementor-element-feb2eaa elementor-widget elementor-widget-spacer\" data-id=\"feb2eaa\" data-element_type=\"widget\" data-e-type=\"widget\" data-widget_type=\"spacer.default\">\n\t\t\t\t<div class=\"elementor-widget-container\">\n\t\t\t\t\t\t\t<div class=\"elementor-spacer\">\n\t\t\t<div class=\"elementor-spacer-inner\"><\/div>\n\t\t<\/div>\n\t\t\t\t\t\t<\/div>\n\t\t\t\t<\/div>\n\t\t\t\t\t<\/div>\n\t\t<\/div>\n\t\t\t\t<div class=\"elementor-column elementor-col-50 elementor-top-column elementor-element elementor-element-b49571d\" data-id=\"b49571d\" data-element_type=\"column\" data-e-type=\"column\" data-settings=\"{&quot;background_background&quot;:&quot;classic&quot;}\">\n\t\t\t<div class=\"elementor-widget-wrap elementor-element-populated\">\n\t\t\t\t\t\t<div class=\"elementor-element elementor-element-b9cafc2 elementor-widget elementor-widget-heading\" data-id=\"b9cafc2\" data-element_type=\"widget\" data-e-type=\"widget\" data-widget_type=\"heading.default\">\n\t\t\t\t<div class=\"elementor-widget-container\">\n\t\t\t\t\t<h1 class=\"elementor-heading-title elementor-size-medium\">Charlemagne donne son nom \u00e0 la Route<\/h1>\t\t\t\t<\/div>\n\t\t\t\t<\/div>\n\t\t\t\t<div class=\"elementor-element elementor-element-a2dc7ce elementor-widget elementor-widget-text-editor\" data-id=\"a2dc7ce\" data-element_type=\"widget\" data-e-type=\"widget\" data-widget_type=\"text-editor.default\">\n\t\t\t\t<div class=\"elementor-widget-container\">\n\t\t\t\t\t\t\t\t\t<p>Charlemagne r\u00e9gnait il y a 1200 ans sur un empire qui s\u2019\u00e9tendait sur une majeure partie du continent europ\u00e9en. Aix-la-Chapelle \u00e9tait un des centres de cet empire.<\/p><p>C\u2019est l\u00e0 qu\u2019il \u00e9difia un centre religieux exceptionnel, c\u2019est d\u2019ici qu\u2019il appela vers lui tous les savants d\u2019Europe et c\u2019est finalement l\u00e0 qu\u2019il fut inhum\u00e9 apr\u00e8s sa mort. Aix-la-Chapelle devint alors un lieu de comm\u00e9moration europ\u00e9en.<\/p>\t\t\t\t\t\t\t\t<\/div>\n\t\t\t\t<\/div>\n\t\t\t\t\t<\/div>\n\t\t<\/div>\n\t\t\t\t\t<\/div>\n\t\t<\/section>\n\t\t\t\t<section class=\"elementor-section elementor-top-section elementor-element elementor-element-c22dd6b elementor-section-boxed elementor-section-height-default elementor-section-height-default\" data-id=\"c22dd6b\" data-element_type=\"section\" data-e-type=\"section\">\n\t\t\t\t\t\t<div class=\"elementor-container elementor-column-gap-default\">\n\t\t\t\t\t<div class=\"elementor-column elementor-col-50 elementor-top-column elementor-element elementor-element-b070b0c\" data-id=\"b070b0c\" data-element_type=\"column\" data-e-type=\"column\">\n\t\t\t<div class=\"elementor-widget-wrap elementor-element-populated\">\n\t\t\t\t\t\t<div class=\"elementor-element elementor-element-47233cd elementor-widget elementor-widget-heading\" data-id=\"47233cd\" data-element_type=\"widget\" data-e-type=\"widget\" data-widget_type=\"heading.default\">\n\t\t\t\t<div class=\"elementor-widget-container\">\n\t\t\t\t\t<h1 class=\"elementor-heading-title elementor-size-default\">Charlemagne:<br>\ndomination et mythe<\/h1>\t\t\t\t<\/div>\n\t\t\t\t<\/div>\n\t\t\t\t<div class=\"elementor-element elementor-element-ec0ae57 elementor-widget elementor-widget-text-editor\" data-id=\"ec0ae57\" data-element_type=\"widget\" data-e-type=\"widget\" data-widget_type=\"text-editor.default\">\n\t\t\t\t<div class=\"elementor-widget-container\">\n\t\t\t\t\t\t\t\t\t<p>Charlemagne (latin : Carolus Magnus ; all : Karl der Gro\u00dfe) v\u00e9cut de 747 ou 748 \u00e0 814. Il fut roi des Francs et des Lombards et re\u00e7u le titre d\u2019empereur romain en l\u2019an 800. D\u00e9j\u00e0 \u00e0 l\u2019\u00e9poque, ses contemporains le surnommaient \u00ab le Grand \u00bb soulignant sa tr\u00e8s grande importance dans une Europe en plein tumulte.<\/p><h2>Charlemagne fonda le plus grand empire de son temps<\/h2><p>Par des moyens \u00e0 la fois militaires mais aussi diplomatiques, Charlemagne fonda le plus grand empire de son temps. Ce dernier s\u2019\u00e9tendait des Pyr\u00e9n\u00e9es \u00e0 l\u2019Elbe et de la Mer du Nord jusqu\u2019au sud de l\u2019Italie. Au c\u0153ur des territoires de l\u2019empire se d\u00e9veloppa un v\u00e9ritable r\u00e9seau de palais, de r\u00e9sidences royales et d\u2019abbayes sur lesquels reposait son pouvoir. Il passa une grande partie de sa vie \u00e0 voyager entre ces diff\u00e9rents points de base. Un des palais les plus importants prit le nom d\u2019\u00abAquispalatium\u00bb et se trouvait \u00e0 Aix-la-Chapelle, une ville d\u00e9j\u00e0 marqu\u00e9e par la pr\u00e9sence romaine. Il y passa les derni\u00e8res ann\u00e9es de sa vie et de son r\u00e8gne.<\/p><h2>Charlemagne vivait et r\u00e9gnait au carrefour de diff\u00e9rentes cultures<\/h2><p>Il resta dans la tradition des rois germaniques qui, depuis le temps des grandes invasions, avaient conquis leur pouvoir en tant que seigneurs h\u00e9r\u00e9ditaires. Leurs territoires, apr\u00e8s leur mort, \u00e9taient la plupart du temps, partag\u00e9s le plus rapidement possible. Charlemagne s\u2019inspira \u00e9galement d\u2019autres mod\u00e8les. La Rome antique par exemple dont l\u2019h\u00e9ritage \u00e9tait encore bien vivant en Italie. Il entretint des relations avec l\u2019empire byzantin et avec la culture de l\u2019Islam en pleine expansion. Dans son palais d\u2019Aix-la-Chapelle, il rassembla la connaissance antique et collecta les traditions des peuples assujettis.<\/p><h2>Une s\u00e9rie de r\u00e9formes judicieuses et avis\u00e9es<\/h2><p>Charlemagne amor\u00e7a \u00e9galement toute une s\u00e9rie de r\u00e9formes judicieuses et avis\u00e9es. Bon nombre de ses innovations en mati\u00e8re de droit, d\u2019\u00e9conomie, de religion mais aussi de culture eurent une influence consid\u00e9rable sur le monde m\u00e9di\u00e9val et ont leurs r\u00e9percutions jusqu\u2019\u00e0 nos jours. On peut le voir \u00e0 travers l\u2019introduction d\u2019une monnaie unique, un style d\u2019\u00e9criture unique, plus facilement lisible, et une foi chr\u00e9tienne commune avec une seule liturgie.<\/p><h2>Un des t\u00e9moignages culturels les plus magnifiques<\/h2><p>Un des t\u00e9moignages culturels les plus magnifiques de cette \u00e9poque est l\u2019\u00e9glise de la Vierge Marie \u00e9difi\u00e9e \u00e0 Aix-la-Chapelle, l\u2019actuelle cath\u00e9drale. En son temps, elle fut la construction sacr\u00e9e la plus remarquable au nord des Alpes. C\u2019est l\u00e0 que fut inhum\u00e9 Charlemagne apr\u00e8s sa mort. Par la suite, les rois allemands-romains choisirent Aix-la-Chapelle comme le lieu de leur couronnement.<\/p><h2>Le mythe Charlemagne<\/h2><p>Apr\u00e8s sa mort, Charlemagne devint le symbole du souverain id\u00e9al et saint. C\u2019est ainsi qu\u2019apparait un personnage mythique et \u00e9clair\u00e9, gr\u00e2ce au nombreuses l\u00e9gendes qui courent \u00e0 son sujet. De son empire, que ses successeurs se partag\u00e8rent de multiples fois, \u00e9clot le long processus historique qui amena \u00e0 la cr\u00e9ation d\u2019Etats actuels que sont la France, l\u2019Italie, l\u2019Allemagne, l\u2019Autriche, la Suisse, la Belgique, les Pays-Bas et le Luxembourg.<br \/>De nos jours, le \u00ab mythe Charlemagne \u00bb n\u2019est pas mort. Chaque si\u00e8cle interpr\u00e9ta et s\u2019appropria Charlemagne selon la signification qu\u2019il voulait lui donner. L\u2019admiration que suscitent ses actions en mati\u00e8re culturelle ainsi que le rejet des pages violentes de son r\u00e8gne sont les deux branches de l\u2019analyse actuelle de cette histoire.<\/p>\t\t\t\t\t\t\t\t<\/div>\n\t\t\t\t<\/div>\n\t\t\t\t\t<\/div>\n\t\t<\/div>\n\t\t\t\t<div class=\"elementor-column elementor-col-50 elementor-top-column elementor-element elementor-element-db76377\" data-id=\"db76377\" data-element_type=\"column\" data-e-type=\"column\">\n\t\t\t<div class=\"elementor-widget-wrap\">\n\t\t\t\t\t\t\t<\/div>\n\t\t<\/div>\n\t\t\t\t\t<\/div>\n\t\t<\/section>\n\t\t\t\t<\/div>\n\t\t","protected":false},"excerpt":{"rendered":"<p>Charlemagne donne son nom \u00e0 la Route Charlemagne r\u00e9gnait il y a 1200 ans sur un empire qui s\u2019\u00e9tendait sur une majeure partie du continent europ\u00e9en. Aix-la-Chapelle \u00e9tait un des centres de cet empire. C\u2019est l\u00e0 qu\u2019il \u00e9difia un centre religieux exceptionnel, c\u2019est d\u2019ici qu\u2019il appela vers lui tous les savants d\u2019Europe et c\u2019est finalement [&hellip;]<\/p>\n","protected":false},"author":2,"featured_media":0,"parent":0,"menu_order":0,"comment_status":"closed","ping_status":"closed","template":"","meta":{"inline_featured_image":false,"_lmt_disableupdate":"no","_lmt_disable":"","footnotes":""},"class_list":["post-2244","page","type-page","status-publish","hentry"],"yoast_head":"<!-- This site is optimized with the Yoast SEO plugin v27.2 - https:\/\/yoast.com\/product\/yoast-seo-wordpress\/ -->\n<title>Charlemagne - Route Charlemagne<\/title>\n<meta name=\"robots\" content=\"index, follow, max-snippet:-1, max-image-preview:large, max-video-preview:-1\" \/>\n<link rel=\"canonical\" href=\"https:\/\/route-charlemagne.eu\/fr\/charlemagne-fr\/\" \/>\n<meta property=\"og:locale\" content=\"fr_FR\" \/>\n<meta property=\"og:type\" content=\"article\" \/>\n<meta property=\"og:title\" content=\"Charlemagne - Route Charlemagne\" \/>\n<meta property=\"og:description\" content=\"Charlemagne donne son nom \u00e0 la Route Charlemagne r\u00e9gnait il y a 1200 ans sur un empire qui s\u2019\u00e9tendait sur une majeure partie du continent europ\u00e9en. Aix-la-Chapelle \u00e9tait un des centres de cet empire. C\u2019est l\u00e0 qu\u2019il \u00e9difia un centre religieux exceptionnel, c\u2019est d\u2019ici qu\u2019il appela vers lui tous les savants d\u2019Europe et c\u2019est finalement [&hellip;]\" \/>\n<meta property=\"og:url\" content=\"https:\/\/route-charlemagne.eu\/fr\/charlemagne-fr\/\" \/>\n<meta property=\"og:site_name\" content=\"Route Charlemagne\" \/>\n<meta property=\"article:modified_time\" content=\"2023-02-21T14:03:58+00:00\" \/>\n<meta name=\"twitter:card\" content=\"summary_large_image\" \/>\n<meta name=\"twitter:label1\" content=\"Est. reading time\" \/>\n\t<meta name=\"twitter:data1\" content=\"4 minutes\" \/>\n<script type=\"application\/ld+json\" class=\"yoast-schema-graph\">{\"@context\":\"https:\/\/schema.org\",\"@graph\":[{\"@type\":\"WebPage\",\"@id\":\"https:\/\/route-charlemagne.eu\/fr\/charlemagne-fr\/\",\"url\":\"https:\/\/route-charlemagne.eu\/fr\/charlemagne-fr\/\",\"name\":\"Charlemagne - Route Charlemagne\",\"isPartOf\":{\"@id\":\"https:\/\/route-charlemagne.eu\/#website\"},\"datePublished\":\"2023-01-26T08:05:03+00:00\",\"dateModified\":\"2023-02-21T14:03:58+00:00\",\"breadcrumb\":{\"@id\":\"https:\/\/route-charlemagne.eu\/fr\/charlemagne-fr\/#breadcrumb\"},\"inLanguage\":\"fr-FR\",\"potentialAction\":[{\"@type\":\"ReadAction\",\"target\":[\"https:\/\/route-charlemagne.eu\/fr\/charlemagne-fr\/\"]}]},{\"@type\":\"BreadcrumbList\",\"@id\":\"https:\/\/route-charlemagne.eu\/fr\/charlemagne-fr\/#breadcrumb\",\"itemListElement\":[{\"@type\":\"ListItem\",\"position\":1,\"name\":\"Start\",\"item\":\"https:\/\/route-charlemagne.eu\/fr\/\"},{\"@type\":\"ListItem\",\"position\":2,\"name\":\"Charlemagne\"}]},{\"@type\":\"WebSite\",\"@id\":\"https:\/\/route-charlemagne.eu\/#website\",\"url\":\"https:\/\/route-charlemagne.eu\/\",\"name\":\"Route Charlemagne\",\"description\":\"Aachen\",\"potentialAction\":[{\"@type\":\"SearchAction\",\"target\":{\"@type\":\"EntryPoint\",\"urlTemplate\":\"https:\/\/route-charlemagne.eu\/?s={search_term_string}\"},\"query-input\":{\"@type\":\"PropertyValueSpecification\",\"valueRequired\":true,\"valueName\":\"search_term_string\"}}],\"inLanguage\":\"fr-FR\"}]}<\/script>\n<!-- \/ Yoast SEO plugin. -->","yoast_head_json":{"title":"Charlemagne - Route Charlemagne","robots":{"index":"index","follow":"follow","max-snippet":"max-snippet:-1","max-image-preview":"max-image-preview:large","max-video-preview":"max-video-preview:-1"},"canonical":"https:\/\/route-charlemagne.eu\/fr\/charlemagne-fr\/","og_locale":"fr_FR","og_type":"article","og_title":"Charlemagne - Route Charlemagne","og_description":"Charlemagne donne son nom \u00e0 la Route Charlemagne r\u00e9gnait il y a 1200 ans sur un empire qui s\u2019\u00e9tendait sur une majeure partie du continent europ\u00e9en. Aix-la-Chapelle \u00e9tait un des centres de cet empire. C\u2019est l\u00e0 qu\u2019il \u00e9difia un centre religieux exceptionnel, c\u2019est d\u2019ici qu\u2019il appela vers lui tous les savants d\u2019Europe et c\u2019est finalement [&hellip;]","og_url":"https:\/\/route-charlemagne.eu\/fr\/charlemagne-fr\/","og_site_name":"Route Charlemagne","article_modified_time":"2023-02-21T14:03:58+00:00","twitter_card":"summary_large_image","twitter_misc":{"Est. reading time":"4 minutes"},"schema":{"@context":"https:\/\/schema.org","@graph":[{"@type":"WebPage","@id":"https:\/\/route-charlemagne.eu\/fr\/charlemagne-fr\/","url":"https:\/\/route-charlemagne.eu\/fr\/charlemagne-fr\/","name":"Charlemagne - Route Charlemagne","isPartOf":{"@id":"https:\/\/route-charlemagne.eu\/#website"},"datePublished":"2023-01-26T08:05:03+00:00","dateModified":"2023-02-21T14:03:58+00:00","breadcrumb":{"@id":"https:\/\/route-charlemagne.eu\/fr\/charlemagne-fr\/#breadcrumb"},"inLanguage":"fr-FR","potentialAction":[{"@type":"ReadAction","target":["https:\/\/route-charlemagne.eu\/fr\/charlemagne-fr\/"]}]},{"@type":"BreadcrumbList","@id":"https:\/\/route-charlemagne.eu\/fr\/charlemagne-fr\/#breadcrumb","itemListElement":[{"@type":"ListItem","position":1,"name":"Start","item":"https:\/\/route-charlemagne.eu\/fr\/"},{"@type":"ListItem","position":2,"name":"Charlemagne"}]},{"@type":"WebSite","@id":"https:\/\/route-charlemagne.eu\/#website","url":"https:\/\/route-charlemagne.eu\/","name":"Route Charlemagne","description":"Aachen","potentialAction":[{"@type":"SearchAction","target":{"@type":"EntryPoint","urlTemplate":"https:\/\/route-charlemagne.eu\/?s={search_term_string}"},"query-input":{"@type":"PropertyValueSpecification","valueRequired":true,"valueName":"search_term_string"}}],"inLanguage":"fr-FR"}]}},"_links":{"self":[{"href":"https:\/\/route-charlemagne.eu\/fr\/wp-json\/wp\/v2\/pages\/2244","targetHints":{"allow":["GET"]}}],"collection":[{"href":"https:\/\/route-charlemagne.eu\/fr\/wp-json\/wp\/v2\/pages"}],"about":[{"href":"https:\/\/route-charlemagne.eu\/fr\/wp-json\/wp\/v2\/types\/page"}],"author":[{"embeddable":true,"href":"https:\/\/route-charlemagne.eu\/fr\/wp-json\/wp\/v2\/users\/2"}],"replies":[{"embeddable":true,"href":"https:\/\/route-charlemagne.eu\/fr\/wp-json\/wp\/v2\/comments?post=2244"}],"version-history":[{"count":7,"href":"https:\/\/route-charlemagne.eu\/fr\/wp-json\/wp\/v2\/pages\/2244\/revisions"}],"predecessor-version":[{"id":2911,"href":"https:\/\/route-charlemagne.eu\/fr\/wp-json\/wp\/v2\/pages\/2244\/revisions\/2911"}],"wp:attachment":[{"href":"https:\/\/route-charlemagne.eu\/fr\/wp-json\/wp\/v2\/media?parent=2244"}],"curies":[{"name":"wp","href":"https:\/\/api.w.org\/{rel}","templated":true}]}}