{"id":2515,"date":"2023-01-26T09:07:58","date_gmt":"2023-01-26T08:07:58","guid":{"rendered":"https:\/\/route-charlemagne.comlounge.dev\/?page_id=2515"},"modified":"2023-02-14T09:23:35","modified_gmt":"2023-02-14T08:23:35","slug":"ausstellung1","status":"publish","type":"page","link":"https:\/\/route-charlemagne.eu\/en\/stationen\/centre-charlemagne\/ausstellung1\/","title":{"rendered":"Ausstellung1"},"content":{"rendered":"\t\t<div data-elementor-type=\"wp-page\" data-elementor-id=\"2515\" class=\"elementor elementor-2515 elementor-38\" data-elementor-post-type=\"page\">\n\t\t\t\t\t\t<section class=\"elementor-section elementor-top-section elementor-element elementor-element-1e5ac81 elementor-section-height-min-height elementor-section-items-stretch elementor-section-boxed elementor-section-height-default\" data-id=\"1e5ac81\" data-element_type=\"section\" data-e-type=\"section\">\n\t\t\t\t\t\t<div class=\"elementor-container elementor-column-gap-no\">\n\t\t\t\t\t<div class=\"elementor-column elementor-col-50 elementor-top-column elementor-element elementor-element-e1190ab\" data-id=\"e1190ab\" data-element_type=\"column\" data-e-type=\"column\" data-settings=\"{&quot;background_background&quot;:&quot;classic&quot;}\">\n\t\t\t<div class=\"elementor-widget-wrap elementor-element-populated\">\n\t\t\t\t\t\t<div class=\"elementor-element elementor-element-549bd52 elementor-widget elementor-widget-heading\" data-id=\"549bd52\" data-element_type=\"widget\" data-e-type=\"widget\" data-widget_type=\"heading.default\">\n\t\t\t\t<div class=\"elementor-widget-container\">\n\t\t\t\t\t<h1 class=\"elementor-heading-title elementor-size-default\">Ein Geburtsort Europas<\/h1>\t\t\t\t<\/div>\n\t\t\t\t<\/div>\n\t\t\t\t<div class=\"elementor-element elementor-element-0c99d35 elementor-widget elementor-widget-text-editor\" data-id=\"0c99d35\" data-element_type=\"widget\" data-e-type=\"widget\" data-widget_type=\"text-editor.default\">\n\t\t\t\t<div class=\"elementor-widget-container\">\n\t\t\t\t\t\t\t\t\t<h2>Die Pfalz Karls des Gro\u00dfen<\/h2><p>Aachen war ein Ort der hei\u00dfen und heilenden Quellen. Sie waren der Grund daf\u00fcr, dass die R\u00f6mer um Christi Geburt mit dem Bau einer planm\u00e4\u00dfig angelegten Siedlung begannen. Das r\u00f6mische Aachen bestand fort, als die r\u00f6mische Herrschaft an Rhein und Maas im 4. und 5. Jahrhundert zusammenbrach.<\/p><p>\u00a0<\/p><p>Als Karl der Gro\u00dfe im 8. Jahrhundert nach Aachen kam, war die Antike noch sichtbar, doch hatten die christliche Religion und Kultur sie \u00fcberlagert. In Aachen befand sich bereits ein K\u00f6nigshof als wirtschaftliches Zentrum der Region. Karl baute den K\u00f6nigshof zu einer Pfalz aus, die er \u201eAquispalatium\u201c nannte. Mit der Marienkirche schuf er ein sakrales Zentrum seines Reiches.<\/p><p>\u00a0<\/p><p>Die Ausstellung zeigt, wie Karl Aachen ver\u00e4nderte und was uns diese Ver\u00e4nderungen \u00fcber seine politischen Ideen und Ziele verraten. Karl selbst begegnet dem Besucher als eine vielschichtige Gestalt jenseits der Klischees des idealen Herrschers oder des despotischen Kriegers.<\/p>\t\t\t\t\t\t\t\t<\/div>\n\t\t\t\t<\/div>\n\t\t\t\t\t<\/div>\n\t\t<\/div>\n\t\t\t\t<div class=\"elementor-column elementor-col-50 elementor-top-column elementor-element elementor-element-f0f2016\" data-id=\"f0f2016\" data-element_type=\"column\" data-e-type=\"column\" data-settings=\"{&quot;background_background&quot;:&quot;classic&quot;}\">\n\t\t\t<div class=\"elementor-widget-wrap elementor-element-populated\">\n\t\t\t\t\t\t<div class=\"elementor-element elementor-element-b2b2bfd elementor-widget elementor-widget-heading\" data-id=\"b2b2bfd\" data-element_type=\"widget\" data-e-type=\"widget\" data-widget_type=\"heading.default\">\n\t\t\t\t<div class=\"elementor-widget-container\">\n\t\t\t\t\t<h1 class=\"elementor-heading-title elementor-size-medium\">Station Geschichte<br>\nCentre Charlemagne<\/h1>\t\t\t\t<\/div>\n\t\t\t\t<\/div>\n\t\t\t\t<div class=\"elementor-element elementor-element-99043c7 elementor-widget elementor-widget-text-editor\" data-id=\"99043c7\" data-element_type=\"widget\" data-e-type=\"widget\" data-widget_type=\"text-editor.default\">\n\t\t\t\t<div class=\"elementor-widget-container\">\n\t\t\t\t\t\t\t\t\tDas \u201eCentre Charlemagne \u2013 Neues Stadtmuseum Aachen\u201c steht am Katschhof, dem fr\u00fcheren Innenhof der Pfalz zwischen Dom und Rathaus. Eine museale Ausstellung zeichnet die Geschichte Karls und die Entwicklung seiner Stadt nach. Das Centre ist zugleich der Ausgangspunkt zur Erkundung der \u00fcbrigen Stationen der \u201eRoute Charlemagne\u201c.\n\n<a href=\"http:\/\/www.centre-charlemagne.eu\">Mehr<\/a>\t\t\t\t\t\t\t\t<\/div>\n\t\t\t\t<\/div>\n\t\t\t\t<div class=\"elementor-element elementor-element-f704441 elementor-position-left elementor-vertical-align-top elementor-widget elementor-widget-image-box\" data-id=\"f704441\" data-element_type=\"widget\" data-e-type=\"widget\" data-widget_type=\"image-box.default\">\n\t\t\t\t<div class=\"elementor-widget-container\">\n\t\t\t\t\t<div class=\"elementor-image-box-wrapper\"><figure class=\"elementor-image-box-img\"><a href=\"\/stationen\/rathaus\" tabindex=\"-1\"><img decoding=\"async\" width=\"25\" height=\"27\" src=\"https:\/\/route-charlemagne.eu\/wp-content\/uploads\/2023\/02\/rc-icon.png\" class=\"attachment-full size-full wp-image-1857\" alt=\"\" title=\"\" data-content=\"\" \/><\/a><\/figure><div class=\"elementor-image-box-content\"><h3 class=\"elementor-image-box-title\"><a href=\"\/stationen\/rathaus\">Zur n\u00e4chsten Station<\/a><\/h3><\/div><\/div>\t\t\t\t<\/div>\n\t\t\t\t<\/div>\n\t\t\t\t\t<\/div>\n\t\t<\/div>\n\t\t\t\t\t<\/div>\n\t\t<\/section>\n\t\t\t\t<\/div>\n\t\t","protected":false},"excerpt":{"rendered":"<p>Ein Geburtsort Europas Die Pfalz Karls des Gro\u00dfen Aachen war ein Ort der hei\u00dfen und heilenden Quellen. Sie waren der Grund daf\u00fcr, dass die R\u00f6mer um Christi Geburt mit dem Bau einer planm\u00e4\u00dfig angelegten Siedlung begannen. Das r\u00f6mische Aachen bestand fort, als die r\u00f6mische Herrschaft an Rhein und Maas im 4. und 5. Jahrhundert zusammenbrach. [&hellip;]<\/p>\n","protected":false},"author":2,"featured_media":0,"parent":2501,"menu_order":0,"comment_status":"closed","ping_status":"closed","template":"","meta":{"inline_featured_image":false,"_lmt_disableupdate":"no","_lmt_disable":"","footnotes":""},"class_list":["post-2515","page","type-page","status-publish","hentry"],"yoast_head":"<!-- This site is optimized with the Yoast SEO plugin v27.5 - https:\/\/yoast.com\/product\/yoast-seo-wordpress\/ -->\n<title>Ausstellung1 - Route Charlemagne<\/title>\n<meta name=\"robots\" content=\"index, follow, max-snippet:-1, max-image-preview:large, max-video-preview:-1\" \/>\n<link rel=\"canonical\" href=\"https:\/\/route-charlemagne.eu\/en\/stationen\/centre-charlemagne\/ausstellung1\/\" \/>\n<meta property=\"og:locale\" content=\"en_US\" \/>\n<meta property=\"og:type\" content=\"article\" \/>\n<meta property=\"og:title\" content=\"Ausstellung1 - Route Charlemagne\" \/>\n<meta property=\"og:description\" content=\"Ein Geburtsort Europas Die Pfalz Karls des Gro\u00dfen Aachen war ein Ort der hei\u00dfen und heilenden Quellen. Sie waren der Grund daf\u00fcr, dass die R\u00f6mer um Christi Geburt mit dem Bau einer planm\u00e4\u00dfig angelegten Siedlung begannen. Das r\u00f6mische Aachen bestand fort, als die r\u00f6mische Herrschaft an Rhein und Maas im 4. und 5. Jahrhundert zusammenbrach. [&hellip;]\" \/>\n<meta property=\"og:url\" content=\"https:\/\/route-charlemagne.eu\/en\/stationen\/centre-charlemagne\/ausstellung1\/\" \/>\n<meta property=\"og:site_name\" content=\"Route Charlemagne\" \/>\n<meta property=\"article:modified_time\" content=\"2023-02-14T08:23:35+00:00\" \/>\n<meta property=\"og:image\" content=\"http:\/\/route-charlemagne.eu\/wp-content\/uploads\/2023\/02\/rc-icon.png\" \/>\n<meta name=\"twitter:card\" content=\"summary_large_image\" \/>\n<meta name=\"twitter:label1\" content=\"Est. reading time\" \/>\n\t<meta name=\"twitter:data1\" content=\"2 minutes\" \/>\n<script type=\"application\/ld+json\" class=\"yoast-schema-graph\">{\"@context\":\"https:\\\/\\\/schema.org\",\"@graph\":[{\"@type\":\"WebPage\",\"@id\":\"https:\\\/\\\/route-charlemagne.eu\\\/en\\\/stationen\\\/centre-charlemagne\\\/ausstellung1\\\/\",\"url\":\"https:\\\/\\\/route-charlemagne.eu\\\/en\\\/stationen\\\/centre-charlemagne\\\/ausstellung1\\\/\",\"name\":\"Ausstellung1 - Route Charlemagne\",\"isPartOf\":{\"@id\":\"https:\\\/\\\/route-charlemagne.eu\\\/#website\"},\"primaryImageOfPage\":{\"@id\":\"https:\\\/\\\/route-charlemagne.eu\\\/en\\\/stationen\\\/centre-charlemagne\\\/ausstellung1\\\/#primaryimage\"},\"image\":{\"@id\":\"https:\\\/\\\/route-charlemagne.eu\\\/en\\\/stationen\\\/centre-charlemagne\\\/ausstellung1\\\/#primaryimage\"},\"thumbnailUrl\":\"http:\\\/\\\/route-charlemagne.eu\\\/wp-content\\\/uploads\\\/2023\\\/02\\\/rc-icon.png\",\"datePublished\":\"2023-01-26T08:07:58+00:00\",\"dateModified\":\"2023-02-14T08:23:35+00:00\",\"breadcrumb\":{\"@id\":\"https:\\\/\\\/route-charlemagne.eu\\\/en\\\/stationen\\\/centre-charlemagne\\\/ausstellung1\\\/#breadcrumb\"},\"inLanguage\":\"en-US\",\"potentialAction\":[{\"@type\":\"ReadAction\",\"target\":[\"https:\\\/\\\/route-charlemagne.eu\\\/en\\\/stationen\\\/centre-charlemagne\\\/ausstellung1\\\/\"]}]},{\"@type\":\"ImageObject\",\"inLanguage\":\"en-US\",\"@id\":\"https:\\\/\\\/route-charlemagne.eu\\\/en\\\/stationen\\\/centre-charlemagne\\\/ausstellung1\\\/#primaryimage\",\"url\":\"http:\\\/\\\/route-charlemagne.eu\\\/wp-content\\\/uploads\\\/2023\\\/02\\\/rc-icon.png\",\"contentUrl\":\"http:\\\/\\\/route-charlemagne.eu\\\/wp-content\\\/uploads\\\/2023\\\/02\\\/rc-icon.png\"},{\"@type\":\"BreadcrumbList\",\"@id\":\"https:\\\/\\\/route-charlemagne.eu\\\/en\\\/stationen\\\/centre-charlemagne\\\/ausstellung1\\\/#breadcrumb\",\"itemListElement\":[{\"@type\":\"ListItem\",\"position\":1,\"name\":\"Start\",\"item\":\"https:\\\/\\\/route-charlemagne.eu\\\/en\\\/\"},{\"@type\":\"ListItem\",\"position\":2,\"name\":\"Stationen\",\"item\":\"https:\\\/\\\/route-charlemagne.eu\\\/en\\\/stationen\\\/\"},{\"@type\":\"ListItem\",\"position\":3,\"name\":\"Centre Charlemagne\",\"item\":\"https:\\\/\\\/route-charlemagne.eu\\\/en\\\/stationen\\\/centre-charlemagne\\\/\"},{\"@type\":\"ListItem\",\"position\":4,\"name\":\"Ausstellung1\"}]},{\"@type\":\"WebSite\",\"@id\":\"https:\\\/\\\/route-charlemagne.eu\\\/#website\",\"url\":\"https:\\\/\\\/route-charlemagne.eu\\\/\",\"name\":\"Route Charlemagne\",\"description\":\"Aachen\",\"potentialAction\":[{\"@type\":\"SearchAction\",\"target\":{\"@type\":\"EntryPoint\",\"urlTemplate\":\"https:\\\/\\\/route-charlemagne.eu\\\/?s={search_term_string}\"},\"query-input\":{\"@type\":\"PropertyValueSpecification\",\"valueRequired\":true,\"valueName\":\"search_term_string\"}}],\"inLanguage\":\"en-US\"}]}<\/script>\n<!-- \/ Yoast SEO plugin. -->","yoast_head_json":{"title":"Ausstellung1 - Route Charlemagne","robots":{"index":"index","follow":"follow","max-snippet":"max-snippet:-1","max-image-preview":"max-image-preview:large","max-video-preview":"max-video-preview:-1"},"canonical":"https:\/\/route-charlemagne.eu\/en\/stationen\/centre-charlemagne\/ausstellung1\/","og_locale":"en_US","og_type":"article","og_title":"Ausstellung1 - Route Charlemagne","og_description":"Ein Geburtsort Europas Die Pfalz Karls des Gro\u00dfen Aachen war ein Ort der hei\u00dfen und heilenden Quellen. Sie waren der Grund daf\u00fcr, dass die R\u00f6mer um Christi Geburt mit dem Bau einer planm\u00e4\u00dfig angelegten Siedlung begannen. Das r\u00f6mische Aachen bestand fort, als die r\u00f6mische Herrschaft an Rhein und Maas im 4. und 5. Jahrhundert zusammenbrach. [&hellip;]","og_url":"https:\/\/route-charlemagne.eu\/en\/stationen\/centre-charlemagne\/ausstellung1\/","og_site_name":"Route Charlemagne","article_modified_time":"2023-02-14T08:23:35+00:00","og_image":[{"url":"http:\/\/route-charlemagne.eu\/wp-content\/uploads\/2023\/02\/rc-icon.png","type":"","width":"","height":""}],"twitter_card":"summary_large_image","twitter_misc":{"Est. reading time":"2 minutes"},"schema":{"@context":"https:\/\/schema.org","@graph":[{"@type":"WebPage","@id":"https:\/\/route-charlemagne.eu\/en\/stationen\/centre-charlemagne\/ausstellung1\/","url":"https:\/\/route-charlemagne.eu\/en\/stationen\/centre-charlemagne\/ausstellung1\/","name":"Ausstellung1 - Route Charlemagne","isPartOf":{"@id":"https:\/\/route-charlemagne.eu\/#website"},"primaryImageOfPage":{"@id":"https:\/\/route-charlemagne.eu\/en\/stationen\/centre-charlemagne\/ausstellung1\/#primaryimage"},"image":{"@id":"https:\/\/route-charlemagne.eu\/en\/stationen\/centre-charlemagne\/ausstellung1\/#primaryimage"},"thumbnailUrl":"http:\/\/route-charlemagne.eu\/wp-content\/uploads\/2023\/02\/rc-icon.png","datePublished":"2023-01-26T08:07:58+00:00","dateModified":"2023-02-14T08:23:35+00:00","breadcrumb":{"@id":"https:\/\/route-charlemagne.eu\/en\/stationen\/centre-charlemagne\/ausstellung1\/#breadcrumb"},"inLanguage":"en-US","potentialAction":[{"@type":"ReadAction","target":["https:\/\/route-charlemagne.eu\/en\/stationen\/centre-charlemagne\/ausstellung1\/"]}]},{"@type":"ImageObject","inLanguage":"en-US","@id":"https:\/\/route-charlemagne.eu\/en\/stationen\/centre-charlemagne\/ausstellung1\/#primaryimage","url":"http:\/\/route-charlemagne.eu\/wp-content\/uploads\/2023\/02\/rc-icon.png","contentUrl":"http:\/\/route-charlemagne.eu\/wp-content\/uploads\/2023\/02\/rc-icon.png"},{"@type":"BreadcrumbList","@id":"https:\/\/route-charlemagne.eu\/en\/stationen\/centre-charlemagne\/ausstellung1\/#breadcrumb","itemListElement":[{"@type":"ListItem","position":1,"name":"Start","item":"https:\/\/route-charlemagne.eu\/en\/"},{"@type":"ListItem","position":2,"name":"Stationen","item":"https:\/\/route-charlemagne.eu\/en\/stationen\/"},{"@type":"ListItem","position":3,"name":"Centre Charlemagne","item":"https:\/\/route-charlemagne.eu\/en\/stationen\/centre-charlemagne\/"},{"@type":"ListItem","position":4,"name":"Ausstellung1"}]},{"@type":"WebSite","@id":"https:\/\/route-charlemagne.eu\/#website","url":"https:\/\/route-charlemagne.eu\/","name":"Route Charlemagne","description":"Aachen","potentialAction":[{"@type":"SearchAction","target":{"@type":"EntryPoint","urlTemplate":"https:\/\/route-charlemagne.eu\/?s={search_term_string}"},"query-input":{"@type":"PropertyValueSpecification","valueRequired":true,"valueName":"search_term_string"}}],"inLanguage":"en-US"}]}},"_links":{"self":[{"href":"https:\/\/route-charlemagne.eu\/en\/wp-json\/wp\/v2\/pages\/2515","targetHints":{"allow":["GET"]}}],"collection":[{"href":"https:\/\/route-charlemagne.eu\/en\/wp-json\/wp\/v2\/pages"}],"about":[{"href":"https:\/\/route-charlemagne.eu\/en\/wp-json\/wp\/v2\/types\/page"}],"author":[{"embeddable":true,"href":"https:\/\/route-charlemagne.eu\/en\/wp-json\/wp\/v2\/users\/2"}],"replies":[{"embeddable":true,"href":"https:\/\/route-charlemagne.eu\/en\/wp-json\/wp\/v2\/comments?post=2515"}],"version-history":[{"count":2,"href":"https:\/\/route-charlemagne.eu\/en\/wp-json\/wp\/v2\/pages\/2515\/revisions"}],"predecessor-version":[{"id":2521,"href":"https:\/\/route-charlemagne.eu\/en\/wp-json\/wp\/v2\/pages\/2515\/revisions\/2521"}],"up":[{"embeddable":true,"href":"https:\/\/route-charlemagne.eu\/en\/wp-json\/wp\/v2\/pages\/2501"}],"wp:attachment":[{"href":"https:\/\/route-charlemagne.eu\/en\/wp-json\/wp\/v2\/media?parent=2515"}],"curies":[{"name":"wp","href":"https:\/\/api.w.org\/{rel}","templated":true}]}}